{"id":6793,"date":"2024-01-26T11:55:23","date_gmt":"2024-01-26T11:55:23","guid":{"rendered":"https:\/\/transferendum.eu\/traduzione-dtp\/"},"modified":"2024-03-29T13:00:16","modified_gmt":"2024-03-29T13:00:16","slug":"traduzione-dtp","status":"publish","type":"page","link":"https:\/\/transferendum.eu\/it\/traduzione-dtp\/","title":{"rendered":"Traduzione DTP"},"content":{"rendered":"\t\t<div data-elementor-type=\"wp-page\" data-elementor-id=\"6793\" class=\"elementor elementor-6793 elementor-558\" data-elementor-post-type=\"page\">\n\t\t\t\t\t\t<section class=\"has_eae_slider elementor-section elementor-top-section elementor-element elementor-element-79be32b elementor-section-boxed elementor-section-height-default elementor-section-height-default\" data-eae-slider=\"32816\" data-id=\"79be32b\" data-element_type=\"section\" data-e-type=\"section\">\n\t\t\t\t\t\t<div class=\"elementor-container elementor-column-gap-default\">\n\t\t\t\t\t<div class=\"has_eae_slider elementor-column elementor-col-100 elementor-top-column elementor-element elementor-element-83cbd6c\" data-eae-slider=\"62855\" data-id=\"83cbd6c\" data-element_type=\"column\" data-e-type=\"column\">\n\t\t\t<div class=\"elementor-widget-wrap elementor-element-populated\">\n\t\t\t\t\t\t<div class=\"elementor-element elementor-element-ebf2e02 elementor-widget elementor-widget-text-editor\" data-id=\"ebf2e02\" data-element_type=\"widget\" data-e-type=\"widget\" data-widget_type=\"text-editor.default\">\n\t\t\t\t<div class=\"elementor-widget-container\">\n\t\t\t\t\t\t\t\t\t<h1><span style=\"font-weight: 400;\">Desktop Publishing<\/span><\/h1>\n<p><span style=\"font-weight: 400;\">Quando hai bisogno che i tuoi contenuti tradotti abbiano lo stesso aspetto dell&#8217;originale, la soluzione migliore per te pu\u00f2 essere la nostra traduzione di Desktop Publishing.<\/span><\/p>\n<p><span style=\"font-weight: 400;\">La traduzione per il desktop publishing, nota anche come traduzione DTP, adatta tutti gli elementi visivi del documento a pi\u00f9 lingue, sostituendo il testo di partenza con una traduzione accurata, in modo da preservare il layout delle pubblicazioni.<\/span><\/p>\n<p><span style=\"font-weight: 400;\">Siamo in grado di gestire un&#8217;ampia variet\u00e0 di file sorgente, siti web e codici software e di fornire servizi di desktop publishing, formattazione e impaginazione multilingue.<\/span><\/p>\n<h2><span style=\"font-weight: 400;\">Formati<\/span><\/h2>\n<p><span style=\"font-weight: 400;\">Lavoriamo con tutte le principali piattaforme di progettazione, come Adobe PageMaker, InDesign, Photoshop, QuarkXpress e la maggior parte dei formati di elaborazione testi.<\/span><\/p>\n<p><span style=\"font-weight: 400;\">Inoltre, lavoriamo anche con file .EPS, .PDF e .JPG o anche con file di grafica vettoriale per rendere la tua copia pronta per la stampa, il web e i formati mobili.<\/span><\/p>\n<p><span style=\"font-weight: 400;\">Possiamo gestire diversi tipi di prodotti come:<\/span><\/p>\n<p style=\"padding-left: 40px;\"><span style=\"font-weight: 400;\"><i>Imballaggio ed etichette dei prodotti<\/i>: La traduzione di etichette e confezioni di prodotti non si limita alla semplice traduzione del nome del prodotto. Tutti gli elementi dei prodotti devono essere adattati al pubblico locale, in termini di clienti, di normative e di regolamenti. Possiamo anche aiutarti con servizi di transcreazione e localizzazione.<\/span><\/p>\n<p style=\"padding-left: 40px;\"><span style=\"font-weight: 400;\"><i>Manuali e libri di istruzioni dei prodotti<\/i>: Un manuale di prodotto deve essere preciso e privo di errori e refusi. Un manuale di un prodotto ben tradotto non solo permetter\u00e0 all&#8217;utente di godere di tutte le funzionalit\u00e0 del prodotto, ma creer\u00e0 anche fiducia e fedelt\u00e0 nel tuo marchio.&nbsp;<\/span><\/p>\n<p style=\"padding-left: 40px;\"><span style=\"font-weight: 400;\"><i>Brochure e rapporti aziendali<\/i>: Le brochure e i rapporti aziendali sono utilizzate come strumenti importanti per il marketing e la conformit\u00e0 esterna e interna della azienda. In genere questi documenti includono diverse immagini e grafici insieme a informazioni importanti. Per questi documenti \u00e8 fondamentale non solo mantenere accuratamente le informazioni scritte, ma anche tutte le informazioni incluse nella parte grafica e nelle immagini. I rapporti finanziari, in particolare, includono diverse informazioni grafiche che devono essere non solo tradotte accuratamente, ma anche localizzate per il pubblico di destinazione. Consulta i nostri suggerimenti sulle <i>best practice<\/i> per preparare i tuoi documenti a contenuti multilingue.<\/span><\/p>\n<p style=\"padding-left: 40px;\"><span style=\"font-weight: 400;\"><i>Siti web<\/i>: Offriamo la traduzione di siti web e il SEO multilingue per aiutarti a raggiungere il pubblico multilingue in modo efficiente ed efficace, mantenendo il tuo messaggio originale ma adattato al nuovo mercato.<\/span><\/p>\n<p style=\"padding-left: 40px;\"><span style=\"font-weight: 400;\"><i>Biglietti da visita<\/i>: \u00c8 necessario utilizzare diversi alfabeti ed evitare errori ortografici nella lingua di destinazione. <\/span><\/p>\n<h3><span style=\"font-weight: 400;\">Perch\u00e9 scegliere la traduzione DTP?<\/span><\/h3>\n<p><span style=\"font-weight: 400;\"> Per quanto la traduzione possa essere di qualit\u00e0, quando \u00e8 necessario mantenere gli elementi visivi per comunicare il messaggio adeguato, la traduzione di per s\u00e9 potrebbe non essere la soluzione migliore. &nbsp;<\/span><\/p>\n<p><span style=\"font-weight: 400;\">Il copia-incolla dei contenuti tradotti non solo richiede molto tempo, ma i designer da te scelti potrebbero non essere a conoscenza delle convenzioni della lingua di destinazione, causando confusione ed errori, e questi potrebbero ostacolare la corretta trasmissione del messaggio desiderato.&nbsp;<\/span><\/p>\n<h4><span style=\"font-weight: 400;\">Come lo facciamo<\/span><\/h4>\n<p><span style=\"font-weight: 400;\">Il nostro team di esperti \u00e8 consapevole delle sfide legate alla <i>DPT <\/i>ed \u00e8 in grado di fornire una soluzione efficiente in termini di costi combinando: traduzione, <i>DPT<\/i> e <i>LSO (linguistic sign-off) <\/i>per garantire un prodotto finale pubblicabile che mantenga l&#8217;integrit\u00e0 del tuo messaggio.&nbsp;<\/span><\/p>\n<p style=\"padding-left: 40px;\"><span style=\"font-weight: 400;\"><i>Adattiamo la lunghezza del contenuto tradotto al layout del tuo progetto.&nbsp;<\/i><\/span><\/p>\n<p style=\"padding-left: 40px;\"><span style=\"font-weight: 400;\"><i>Rivediamo e modifichiamo la punteggiatura, la valuta e il formato della data che possono variare da paese a paese, per mantenere il messaggio originale per il tuo pubblico di destinazione.&nbsp;<\/i><\/span><\/p>\n<p style=\"padding-left: 40px;\"><span style=\"font-weight: 400;\"><i>Controlliamo ogni parte del processo per garantire la qualit\u00e0 della traduzione mantenendo il layout del progetto originale.&nbsp;<\/i><\/span><\/p>\n<p><span style=\"font-weight: 400;\">Siamo consapevoli delle difficolt\u00e0 che potresti incontrare nella traduzione dei tuoi contenuti, per questo possiamo offrirti un servizio efficiente ed efficace in cui i risultati siano pronti per essere pubblicati, facendoti risparmiare tempo e fatica, in modo che possa concentrarti completamente sulla crescita della tua attivit\u00e0.&nbsp;<\/span><\/p>\n<p><span style=\"font-weight: 400;\"><a href=\"https:\/\/transferendum.eu\/it\/contatti\/\">Contattaci<\/a> per diventare il tuo partner linguistico.<\/span><\/p>\n<p><span style=\"font-weight: 400;\"><a href=\"https:\/\/taberna.transferendum.eu\/shop\/product\/dtp-translation-160\">Carica<\/a>&nbsp;subito i tuoi documenti per ottenere un preventivo immediato&nbsp;<\/span><\/p>\t\t\t\t\t\t\t\t<\/div>\n\t\t\t\t<\/div>\n\t\t\t\t\t<\/div>\n\t\t<\/div>\n\t\t\t\t\t<\/div>\n\t\t<\/section>\n\t\t\t\t<section class=\"has_eae_slider elementor-section elementor-top-section elementor-element elementor-element-ffd012a elementor-section-boxed elementor-section-height-default elementor-section-height-default\" data-eae-slider=\"41378\" data-id=\"ffd012a\" data-element_type=\"section\" data-e-type=\"section\">\n\t\t\t\t\t\t<div class=\"elementor-container elementor-column-gap-default\">\n\t\t\t\t\t<div class=\"has_eae_slider elementor-column elementor-col-100 elementor-top-column elementor-element elementor-element-f101879\" data-eae-slider=\"60389\" data-id=\"f101879\" data-element_type=\"column\" data-e-type=\"column\">\n\t\t\t<div class=\"elementor-widget-wrap elementor-element-populated\">\n\t\t\t\t\t\t<div class=\"elementor-element elementor-element-ce22538 elementor-widget-divider--view-line elementor-widget elementor-widget-divider\" data-id=\"ce22538\" data-element_type=\"widget\" data-e-type=\"widget\" data-widget_type=\"divider.default\">\n\t\t\t\t<div class=\"elementor-widget-container\">\n\t\t\t\t\t\t\t<div class=\"elementor-divider\">\n\t\t\t<span class=\"elementor-divider-separator\">\n\t\t\t\t\t\t<\/span>\n\t\t<\/div>\n\t\t\t\t\t\t<\/div>\n\t\t\t\t<\/div>\n\t\t\t\t\t<\/div>\n\t\t<\/div>\n\t\t\t\t\t<\/div>\n\t\t<\/section>\n\t\t\t\t<\/div>\n\t\t","protected":false},"excerpt":{"rendered":"<p>Desktop Publishing Quando hai bisogno che i tuoi contenuti tradotti abbiano lo stesso aspetto dell&#8217;originale, la soluzione migliore per te pu\u00f2 essere la nostra traduzione di Desktop Publishing. La traduzione per il desktop publishing, nota anche come traduzione DTP, adatta tutti gli elementi visivi del documento a pi\u00f9 lingue, sostituendo il testo di partenza con [&hellip;]<\/p>\n","protected":false},"author":133,"featured_media":12794,"parent":0,"menu_order":0,"comment_status":"closed","ping_status":"closed","template":"","meta":{"_acf_changed":false,"footnotes":""},"class_list":["post-6793","page","type-page","status-publish","has-post-thumbnail","hentry"],"acf":[],"yoast_head":"<!-- This site is optimized with the Yoast SEO plugin v27.1 - https:\/\/yoast.com\/product\/yoast-seo-wordpress\/ -->\n<title>Traduzione DTP - transferendum.eu<\/title>\n<meta name=\"robots\" content=\"index, follow, max-snippet:-1, max-image-preview:large, max-video-preview:-1\" \/>\n<link rel=\"canonical\" href=\"https:\/\/transferendum.eu\/it\/traduzione-dtp\/\" \/>\n<meta property=\"og:locale\" content=\"it_IT\" \/>\n<meta property=\"og:type\" content=\"article\" \/>\n<meta property=\"og:title\" content=\"Traduzione DTP - transferendum.eu\" \/>\n<meta property=\"og:description\" content=\"Desktop Publishing Quando hai bisogno che i tuoi contenuti tradotti abbiano lo stesso aspetto dell&#8217;originale, la soluzione migliore per te pu\u00f2 essere la nostra traduzione di Desktop Publishing. La traduzione per il desktop publishing, nota anche come traduzione DTP, adatta tutti gli elementi visivi del documento a pi\u00f9 lingue, sostituendo il testo di partenza con [&hellip;]\" \/>\n<meta property=\"og:url\" content=\"https:\/\/transferendum.eu\/it\/traduzione-dtp\/\" \/>\n<meta property=\"og:site_name\" content=\"transferendum.eu\" \/>\n<meta property=\"article:modified_time\" content=\"2024-03-29T13:00:16+00:00\" \/>\n<meta property=\"og:image\" content=\"https:\/\/transferendum.eu\/wp-content\/uploads\/sites\/16\/2024\/07\/5-2.jpg\" \/>\n\t<meta property=\"og:image:width\" content=\"488\" \/>\n\t<meta property=\"og:image:height\" content=\"488\" \/>\n\t<meta property=\"og:image:type\" content=\"image\/jpeg\" \/>\n<meta name=\"twitter:card\" content=\"summary_large_image\" \/>\n<meta name=\"twitter:label1\" content=\"Est. reading time\" \/>\n\t<meta name=\"twitter:data1\" content=\"5 minutes\" \/>\n<script type=\"application\/ld+json\" class=\"yoast-schema-graph\">{\"@context\":\"https:\/\/schema.org\",\"@graph\":[{\"@type\":\"WebPage\",\"@id\":\"https:\/\/transferendum.eu\/it\/traduzione-dtp\/\",\"url\":\"https:\/\/transferendum.eu\/it\/traduzione-dtp\/\",\"name\":\"Traduzione DTP - transferendum.eu\",\"isPartOf\":{\"@id\":\"https:\/\/transferendum.eu\/it\/#website\"},\"primaryImageOfPage\":{\"@id\":\"https:\/\/transferendum.eu\/it\/traduzione-dtp\/#primaryimage\"},\"image\":{\"@id\":\"https:\/\/transferendum.eu\/it\/traduzione-dtp\/#primaryimage\"},\"thumbnailUrl\":\"https:\/\/transferendum.eu\/wp-content\/uploads\/sites\/16\/2024\/07\/5-2.jpg\",\"datePublished\":\"2024-01-26T11:55:23+00:00\",\"dateModified\":\"2024-03-29T13:00:16+00:00\",\"inLanguage\":\"it-IT\",\"potentialAction\":[{\"@type\":\"ReadAction\",\"target\":[\"https:\/\/transferendum.eu\/it\/traduzione-dtp\/\"]}]},{\"@type\":\"ImageObject\",\"inLanguage\":\"it-IT\",\"@id\":\"https:\/\/transferendum.eu\/it\/traduzione-dtp\/#primaryimage\",\"url\":\"https:\/\/transferendum.eu\/wp-content\/uploads\/sites\/16\/2024\/07\/5-2.jpg\",\"contentUrl\":\"https:\/\/transferendum.eu\/wp-content\/uploads\/sites\/16\/2024\/07\/5-2.jpg\",\"width\":488,\"height\":488},{\"@type\":\"WebSite\",\"@id\":\"https:\/\/transferendum.eu\/it\/#website\",\"url\":\"https:\/\/transferendum.eu\/it\/\",\"name\":\"transferendum.eu\",\"description\":\"Transferendum EU\",\"publisher\":{\"@id\":\"https:\/\/transferendum.eu\/it\/#organization\"},\"potentialAction\":[{\"@type\":\"SearchAction\",\"target\":{\"@type\":\"EntryPoint\",\"urlTemplate\":\"https:\/\/transferendum.eu\/it\/?s={search_term_string}\"},\"query-input\":{\"@type\":\"PropertyValueSpecification\",\"valueRequired\":true,\"valueName\":\"search_term_string\"}}],\"inLanguage\":\"it-IT\"},{\"@type\":\"Organization\",\"@id\":\"https:\/\/transferendum.eu\/it\/#organization\",\"name\":\"Transferendum\",\"url\":\"https:\/\/transferendum.eu\/it\/\",\"logo\":{\"@type\":\"ImageObject\",\"inLanguage\":\"it-IT\",\"@id\":\"https:\/\/transferendum.eu\/it\/#\/schema\/logo\/image\/\",\"url\":\"https:\/\/transferendum.dev.radixweb.net\/transferendum_eu\/wp-content\/uploads\/sites\/16\/2021\/10\/Transferendum_Logo_cropped.jpg\",\"contentUrl\":\"https:\/\/transferendum.dev.radixweb.net\/transferendum_eu\/wp-content\/uploads\/sites\/16\/2021\/10\/Transferendum_Logo_cropped.jpg\",\"width\":1496,\"height\":356,\"caption\":\"Transferendum\"},\"image\":{\"@id\":\"https:\/\/transferendum.eu\/it\/#\/schema\/logo\/image\/\"},\"sameAs\":[\"https:\/\/www.instagram.com\/transferendum.eu\/\"]}]}<\/script>\n<!-- \/ Yoast SEO plugin. -->","yoast_head_json":{"title":"Traduzione DTP - transferendum.eu","robots":{"index":"index","follow":"follow","max-snippet":"max-snippet:-1","max-image-preview":"max-image-preview:large","max-video-preview":"max-video-preview:-1"},"canonical":"https:\/\/transferendum.eu\/it\/traduzione-dtp\/","og_locale":"it_IT","og_type":"article","og_title":"Traduzione DTP - transferendum.eu","og_description":"Desktop Publishing Quando hai bisogno che i tuoi contenuti tradotti abbiano lo stesso aspetto dell&#8217;originale, la soluzione migliore per te pu\u00f2 essere la nostra traduzione di Desktop Publishing. La traduzione per il desktop publishing, nota anche come traduzione DTP, adatta tutti gli elementi visivi del documento a pi\u00f9 lingue, sostituendo il testo di partenza con [&hellip;]","og_url":"https:\/\/transferendum.eu\/it\/traduzione-dtp\/","og_site_name":"transferendum.eu","article_modified_time":"2024-03-29T13:00:16+00:00","og_image":[{"width":488,"height":488,"url":"https:\/\/transferendum.eu\/wp-content\/uploads\/sites\/16\/2024\/07\/5-2.jpg","type":"image\/jpeg"}],"twitter_card":"summary_large_image","twitter_misc":{"Est. reading time":"5 minutes"},"schema":{"@context":"https:\/\/schema.org","@graph":[{"@type":"WebPage","@id":"https:\/\/transferendum.eu\/it\/traduzione-dtp\/","url":"https:\/\/transferendum.eu\/it\/traduzione-dtp\/","name":"Traduzione DTP - transferendum.eu","isPartOf":{"@id":"https:\/\/transferendum.eu\/it\/#website"},"primaryImageOfPage":{"@id":"https:\/\/transferendum.eu\/it\/traduzione-dtp\/#primaryimage"},"image":{"@id":"https:\/\/transferendum.eu\/it\/traduzione-dtp\/#primaryimage"},"thumbnailUrl":"https:\/\/transferendum.eu\/wp-content\/uploads\/sites\/16\/2024\/07\/5-2.jpg","datePublished":"2024-01-26T11:55:23+00:00","dateModified":"2024-03-29T13:00:16+00:00","inLanguage":"it-IT","potentialAction":[{"@type":"ReadAction","target":["https:\/\/transferendum.eu\/it\/traduzione-dtp\/"]}]},{"@type":"ImageObject","inLanguage":"it-IT","@id":"https:\/\/transferendum.eu\/it\/traduzione-dtp\/#primaryimage","url":"https:\/\/transferendum.eu\/wp-content\/uploads\/sites\/16\/2024\/07\/5-2.jpg","contentUrl":"https:\/\/transferendum.eu\/wp-content\/uploads\/sites\/16\/2024\/07\/5-2.jpg","width":488,"height":488},{"@type":"WebSite","@id":"https:\/\/transferendum.eu\/it\/#website","url":"https:\/\/transferendum.eu\/it\/","name":"transferendum.eu","description":"Transferendum EU","publisher":{"@id":"https:\/\/transferendum.eu\/it\/#organization"},"potentialAction":[{"@type":"SearchAction","target":{"@type":"EntryPoint","urlTemplate":"https:\/\/transferendum.eu\/it\/?s={search_term_string}"},"query-input":{"@type":"PropertyValueSpecification","valueRequired":true,"valueName":"search_term_string"}}],"inLanguage":"it-IT"},{"@type":"Organization","@id":"https:\/\/transferendum.eu\/it\/#organization","name":"Transferendum","url":"https:\/\/transferendum.eu\/it\/","logo":{"@type":"ImageObject","inLanguage":"it-IT","@id":"https:\/\/transferendum.eu\/it\/#\/schema\/logo\/image\/","url":"https:\/\/transferendum.dev.radixweb.net\/transferendum_eu\/wp-content\/uploads\/sites\/16\/2021\/10\/Transferendum_Logo_cropped.jpg","contentUrl":"https:\/\/transferendum.dev.radixweb.net\/transferendum_eu\/wp-content\/uploads\/sites\/16\/2021\/10\/Transferendum_Logo_cropped.jpg","width":1496,"height":356,"caption":"Transferendum"},"image":{"@id":"https:\/\/transferendum.eu\/it\/#\/schema\/logo\/image\/"},"sameAs":["https:\/\/www.instagram.com\/transferendum.eu\/"]}]}},"_links":{"self":[{"href":"https:\/\/transferendum.eu\/it\/wp-json\/wp\/v2\/pages\/6793","targetHints":{"allow":["GET"]}}],"collection":[{"href":"https:\/\/transferendum.eu\/it\/wp-json\/wp\/v2\/pages"}],"about":[{"href":"https:\/\/transferendum.eu\/it\/wp-json\/wp\/v2\/types\/page"}],"author":[{"embeddable":true,"href":"https:\/\/transferendum.eu\/it\/wp-json\/wp\/v2\/users\/133"}],"replies":[{"embeddable":true,"href":"https:\/\/transferendum.eu\/it\/wp-json\/wp\/v2\/comments?post=6793"}],"version-history":[{"count":0,"href":"https:\/\/transferendum.eu\/it\/wp-json\/wp\/v2\/pages\/6793\/revisions"}],"wp:featuredmedia":[{"embeddable":true,"href":"https:\/\/transferendum.eu\/it\/wp-json\/wp\/v2\/media\/12794"}],"wp:attachment":[{"href":"https:\/\/transferendum.eu\/it\/wp-json\/wp\/v2\/media?parent=6793"}],"curies":[{"name":"wp","href":"https:\/\/api.w.org\/{rel}","templated":true}]}}