{"id":6789,"date":"2024-01-26T11:55:08","date_gmt":"2024-01-26T11:55:08","guid":{"rendered":"https:\/\/transferendum.eu\/ingegneria-traduzione-tecnica\/"},"modified":"2024-03-29T11:45:50","modified_gmt":"2024-03-29T11:45:50","slug":"ingegneria-traduzione-tecnica","status":"publish","type":"page","link":"https:\/\/transferendum.eu\/it\/ingegneria-traduzione-tecnica\/","title":{"rendered":"Ingegneria \/ Traduzione tecnica"},"content":{"rendered":"\t\t<div data-elementor-type=\"wp-page\" data-elementor-id=\"6789\" class=\"elementor elementor-6789 elementor-514\" data-elementor-post-type=\"page\">\n\t\t\t\t\t\t<section class=\"has_eae_slider elementor-section elementor-top-section elementor-element elementor-element-85aad0e elementor-section-boxed elementor-section-height-default elementor-section-height-default\" data-eae-slider=\"13319\" data-id=\"85aad0e\" data-element_type=\"section\" data-e-type=\"section\">\n\t\t\t\t\t\t<div class=\"elementor-container elementor-column-gap-default\">\n\t\t\t\t\t<div class=\"has_eae_slider elementor-column elementor-col-50 elementor-top-column elementor-element elementor-element-e1f7b0f\" data-eae-slider=\"89326\" data-id=\"e1f7b0f\" data-element_type=\"column\" data-e-type=\"column\">\n\t\t\t<div class=\"elementor-widget-wrap elementor-element-populated\">\n\t\t\t\t\t\t<div class=\"elementor-element elementor-element-3d21ab5 elementor-widget elementor-widget-image\" data-id=\"3d21ab5\" data-element_type=\"widget\" data-e-type=\"widget\" data-widget_type=\"image.default\">\n\t\t\t\t<div class=\"elementor-widget-container\">\n\t\t\t\t\t\t\t\t\t\t\t\t\t\t\t<img fetchpriority=\"high\" decoding=\"async\" width=\"800\" height=\"640\" src=\"https:\/\/transferendum.eu\/wp-content\/uploads\/sites\/16\/2022\/04\/ing.jpg\" class=\"attachment-large size-large wp-image-1136\" alt=\"\" \/>\t\t\t\t\t\t\t\t\t\t\t\t\t\t\t<\/div>\n\t\t\t\t<\/div>\n\t\t\t\t\t<\/div>\n\t\t<\/div>\n\t\t\t\t<div class=\"has_eae_slider elementor-column elementor-col-50 elementor-top-column elementor-element elementor-element-210ef04\" data-eae-slider=\"31061\" data-id=\"210ef04\" data-element_type=\"column\" data-e-type=\"column\">\n\t\t\t<div class=\"elementor-widget-wrap elementor-element-populated\">\n\t\t\t\t\t\t<div class=\"elementor-element elementor-element-3f650d8 elementor-widget elementor-widget-heading\" data-id=\"3f650d8\" data-element_type=\"widget\" data-e-type=\"widget\" data-widget_type=\"heading.default\">\n\t\t\t\t<div class=\"elementor-widget-container\">\n\t\t\t\t\t<h2 class=\"elementor-heading-title elementor-size-default\"><h1 style=\"font-family: Share, sans-serif;white-space: normal\">Traduzione tecnica ingegneristica<\/h1><\/h2>\t\t\t\t<\/div>\n\t\t\t\t<\/div>\n\t\t\t\t<div class=\"elementor-element elementor-element-7d12bbb elementor-widget elementor-widget-text-editor\" data-id=\"7d12bbb\" data-element_type=\"widget\" data-e-type=\"widget\" data-widget_type=\"text-editor.default\">\n\t\t\t\t<div class=\"elementor-widget-container\">\n\t\t\t\t\t\t\t\t\t<p><span style=\"color: var( --e-global-color-text ); font-family: var( --e-global-typography-text-font-family ), Sans-serif; font-size: 1rem;\">L&#8217;ingegneria \u00e8 un settore altamente globalizzato. La progettazione, la produzione, la vendita e la riparazione dei prodotti avvengono spesso in regioni diverse e multiple. I clienti risiedono anche in Paesi diversi, per cui \u00e8 fondamentale che tutte le parti coinvolte abbiano la stessa comprensione degli aspetti tecnici rilevanti dei loro processi.<\/span><\/p><p>Se stai cercando un partner affidabile e professionale per gestire le tue esigenze di traduzione tecnica e ingegneristica, sei nel posto giusto. Siamo un fornitore leader di soluzioni di traduzione di alta qualit\u00e0 per clienti aziendali in Europa, con particolare attenzione ai settori ingegneristici e tecnici.\u00a0<\/p><p>Conosciamo le sfide e i requisiti della traduzione tecnica e ingegneristica, come l&#8217;accuratezza, la coerenza, la terminologia e la formattazione. Per questo ci avvaliamo di un team di traduttori esperti e qualificati nei rispettivi settori. Possono gestire qualsiasi tipo di documento tecnico e ingegneristico, come manuali specifici, brevetti, relazioni, contratti e altro ancora.<\/p>\t\t\t\t\t\t\t\t<\/div>\n\t\t\t\t<\/div>\n\t\t\t\t\t<\/div>\n\t\t<\/div>\n\t\t\t\t\t<\/div>\n\t\t<\/section>\n\t\t\t\t<section class=\"has_eae_slider elementor-section elementor-top-section elementor-element elementor-element-72bf2ec elementor-section-boxed elementor-section-height-default elementor-section-height-default\" data-eae-slider=\"20355\" data-id=\"72bf2ec\" data-element_type=\"section\" data-e-type=\"section\">\n\t\t\t\t\t\t<div class=\"elementor-container elementor-column-gap-default\">\n\t\t\t\t\t<div class=\"has_eae_slider elementor-column elementor-col-100 elementor-top-column elementor-element elementor-element-24c1f5a\" data-eae-slider=\"80947\" data-id=\"24c1f5a\" data-element_type=\"column\" data-e-type=\"column\">\n\t\t\t<div class=\"elementor-widget-wrap elementor-element-populated\">\n\t\t\t\t\t\t<div class=\"elementor-element elementor-element-140d38e elementor-widget elementor-widget-text-editor\" data-id=\"140d38e\" data-element_type=\"widget\" data-e-type=\"widget\" data-widget_type=\"text-editor.default\">\n\t\t\t\t<div class=\"elementor-widget-container\">\n\t\t\t\t\t\t\t\t\t<p>Offriamo anche una serie di servizi a valore aggiunto per migliorare la tua esperienza di traduzione, come la revisione, l&#8217;editing, la localizzazione, il desktop publishing e il controllo qualit\u00e0. Utilizziamo le tecnologie e gli strumenti pi\u00f9 recenti per garantire che i tuoi progetti di traduzione siano consegnati nei tempi e nei costi previsti. Possiamo anche integrarci perfettamente nei tuoi flussi di lavoro e sistemi, utilizzando il tuo software e le tue piattaforme preferenziali.<\/p><p>Qualora tu abbia bisogno di traduzioni ingegneristiche e tecniche per un singolo progetto o per una collaborazione a lungo termine, siamo pronti ad assisterti con le nostre soluzioni personalizzate e flessibili. Siamo in grado di gestire qualsiasi volume e complessit\u00e0 di lavoro di traduzione, mantenendo i pi\u00f9 alti standard di qualit\u00e0 e riservatezza.<\/p><p><span style=\"color: var( --e-global-color-text ); font-family: var( --e-global-typography-text-font-family ), Sans-serif; font-weight: var( --e-global-typography-text-font-weight ); font-size: 1rem;\">Possiamo fornire traduzioni tecniche di ingegneria per:<\/span><\/p><ul style=\"font-size: 16px; background-color: #ffffff;\"><li style=\"font-size: 16px;\">Specifiche IT<\/li><li style=\"font-size: 16px;\">Disegni tecnici<\/li><li style=\"font-size: 16px;\">Documenti logistici<\/li><li style=\"font-size: 16px;\">Manuali d&#8217;uso<\/li><li style=\"font-size: 16px;\">Opuscoli riguardanti salute e sicurezza<\/li><li style=\"font-size: 16px;\">Testi di elettronica<\/li><li style=\"font-size: 16px;\">Documenti diagnostici<\/li><li style=\"font-size: 16px;\">Piani di costruzione<\/li><\/ul><p>\u00a0<a style=\"background-color: #ffffff; font-family: var( --e-global-typography-text-font-family ), Sans-serif; font-size: 1rem;\" href=\"https:\/\/transferendum.eu\/it\/contatti\/\">Contattaci<\/a> <span style=\"color: var( --e-global-color-text ); font-family: var( --e-global-typography-text-font-family ), Sans-serif; font-weight: var( --e-global-typography-text-font-weight ); font-size: 1rem;\">oggi stesso per ottenere un preventivo gratuito e scoprire in che modo possiamo aiutarti con le tue esigenze di ingegneria e traduzione tecnica!<\/span><\/p>\t\t\t\t\t\t\t\t<\/div>\n\t\t\t\t<\/div>\n\t\t\t\t\t<\/div>\n\t\t<\/div>\n\t\t\t\t\t<\/div>\n\t\t<\/section>\n\t\t\t\t<section class=\"has_eae_slider elementor-section elementor-top-section elementor-element elementor-element-f468d70 elementor-section-boxed elementor-section-height-default elementor-section-height-default\" data-eae-slider=\"25825\" data-id=\"f468d70\" data-element_type=\"section\" data-e-type=\"section\">\n\t\t\t\t\t\t<div class=\"elementor-container elementor-column-gap-default\">\n\t\t\t\t\t<div class=\"has_eae_slider elementor-column elementor-col-100 elementor-top-column elementor-element elementor-element-c7e4096\" data-eae-slider=\"8174\" data-id=\"c7e4096\" data-element_type=\"column\" data-e-type=\"column\">\n\t\t\t<div class=\"elementor-widget-wrap elementor-element-populated\">\n\t\t\t\t\t\t<div class=\"elementor-element elementor-element-9a96cb5 elementor-widget-divider--view-line elementor-widget elementor-widget-divider\" data-id=\"9a96cb5\" data-element_type=\"widget\" data-e-type=\"widget\" data-widget_type=\"divider.default\">\n\t\t\t\t<div class=\"elementor-widget-container\">\n\t\t\t\t\t\t\t<div class=\"elementor-divider\">\n\t\t\t<span class=\"elementor-divider-separator\">\n\t\t\t\t\t\t<\/span>\n\t\t<\/div>\n\t\t\t\t\t\t<\/div>\n\t\t\t\t<\/div>\n\t\t\t\t\t<\/div>\n\t\t<\/div>\n\t\t\t\t\t<\/div>\n\t\t<\/section>\n\t\t\t\t<\/div>\n\t\t","protected":false},"excerpt":{"rendered":"<p>Traduzione tecnica ingegneristica L&#8217;ingegneria \u00e8 un settore altamente globalizzato. La progettazione, la produzione, la vendita e la riparazione dei prodotti avvengono spesso in regioni diverse e multiple. I clienti risiedono anche in Paesi diversi, per cui \u00e8 fondamentale che tutte le parti coinvolte abbiano la stessa comprensione degli aspetti tecnici rilevanti dei loro processi. Se [&hellip;]<\/p>\n","protected":false},"author":133,"featured_media":12839,"parent":0,"menu_order":0,"comment_status":"closed","ping_status":"closed","template":"","meta":{"_acf_changed":false,"footnotes":""},"class_list":["post-6789","page","type-page","status-publish","has-post-thumbnail","hentry"],"acf":[],"yoast_head":"<!-- This site is optimized with the Yoast SEO plugin v27.1 - https:\/\/yoast.com\/product\/yoast-seo-wordpress\/ -->\n<title>Ingegneria \/ Traduzione tecnica - transferendum.eu<\/title>\n<meta name=\"description\" content=\"Traduzione tecnica di alta qualit\u00e0 da parte di linguisti specializzati che conoscono la terminologia e i concetti del settore. Richiedi un preventivo oggi stesso!\" \/>\n<meta name=\"robots\" content=\"index, follow, max-snippet:-1, max-image-preview:large, max-video-preview:-1\" \/>\n<link rel=\"canonical\" href=\"https:\/\/transferendum.eu\/it\/ingegneria-traduzione-tecnica\/\" \/>\n<meta property=\"og:locale\" content=\"it_IT\" \/>\n<meta property=\"og:type\" content=\"article\" \/>\n<meta property=\"og:title\" content=\"Ingegneria \/ Traduzione tecnica - transferendum.eu\" \/>\n<meta property=\"og:description\" content=\"Traduzione tecnica di alta qualit\u00e0 da parte di linguisti specializzati che conoscono la terminologia e i concetti del settore. Richiedi un preventivo oggi stesso!\" \/>\n<meta property=\"og:url\" content=\"https:\/\/transferendum.eu\/it\/ingegneria-traduzione-tecnica\/\" \/>\n<meta property=\"og:site_name\" content=\"transferendum.eu\" \/>\n<meta property=\"article:modified_time\" content=\"2024-03-29T11:45:50+00:00\" \/>\n<meta property=\"og:image\" content=\"https:\/\/transferendum.eu\/wp-content\/uploads\/sites\/16\/2024\/07\/6-3.jpg\" \/>\n\t<meta property=\"og:image:width\" content=\"450\" \/>\n\t<meta property=\"og:image:height\" content=\"450\" \/>\n\t<meta property=\"og:image:type\" content=\"image\/jpeg\" \/>\n<meta name=\"twitter:card\" content=\"summary_large_image\" \/>\n<meta name=\"twitter:label1\" content=\"Est. reading time\" \/>\n\t<meta name=\"twitter:data1\" content=\"4 minutes\" \/>\n<script type=\"application\/ld+json\" class=\"yoast-schema-graph\">{\"@context\":\"https:\/\/schema.org\",\"@graph\":[{\"@type\":\"WebPage\",\"@id\":\"https:\/\/transferendum.eu\/it\/ingegneria-traduzione-tecnica\/\",\"url\":\"https:\/\/transferendum.eu\/it\/ingegneria-traduzione-tecnica\/\",\"name\":\"Ingegneria \/ Traduzione tecnica - transferendum.eu\",\"isPartOf\":{\"@id\":\"https:\/\/transferendum.eu\/it\/#website\"},\"primaryImageOfPage\":{\"@id\":\"https:\/\/transferendum.eu\/it\/ingegneria-traduzione-tecnica\/#primaryimage\"},\"image\":{\"@id\":\"https:\/\/transferendum.eu\/it\/ingegneria-traduzione-tecnica\/#primaryimage\"},\"thumbnailUrl\":\"https:\/\/transferendum.eu\/wp-content\/uploads\/sites\/16\/2024\/07\/6-3.jpg\",\"datePublished\":\"2024-01-26T11:55:08+00:00\",\"dateModified\":\"2024-03-29T11:45:50+00:00\",\"description\":\"Traduzione tecnica di alta qualit\u00e0 da parte di linguisti specializzati che conoscono la terminologia e i concetti del settore. Richiedi un preventivo oggi stesso!\",\"inLanguage\":\"it-IT\",\"potentialAction\":[{\"@type\":\"ReadAction\",\"target\":[\"https:\/\/transferendum.eu\/it\/ingegneria-traduzione-tecnica\/\"]}]},{\"@type\":\"ImageObject\",\"inLanguage\":\"it-IT\",\"@id\":\"https:\/\/transferendum.eu\/it\/ingegneria-traduzione-tecnica\/#primaryimage\",\"url\":\"https:\/\/transferendum.eu\/wp-content\/uploads\/sites\/16\/2024\/07\/6-3.jpg\",\"contentUrl\":\"https:\/\/transferendum.eu\/wp-content\/uploads\/sites\/16\/2024\/07\/6-3.jpg\",\"width\":450,\"height\":450,\"caption\":\"Engineering Translation\"},{\"@type\":\"WebSite\",\"@id\":\"https:\/\/transferendum.eu\/it\/#website\",\"url\":\"https:\/\/transferendum.eu\/it\/\",\"name\":\"transferendum.eu\",\"description\":\"Transferendum EU\",\"publisher\":{\"@id\":\"https:\/\/transferendum.eu\/it\/#organization\"},\"potentialAction\":[{\"@type\":\"SearchAction\",\"target\":{\"@type\":\"EntryPoint\",\"urlTemplate\":\"https:\/\/transferendum.eu\/it\/?s={search_term_string}\"},\"query-input\":{\"@type\":\"PropertyValueSpecification\",\"valueRequired\":true,\"valueName\":\"search_term_string\"}}],\"inLanguage\":\"it-IT\"},{\"@type\":\"Organization\",\"@id\":\"https:\/\/transferendum.eu\/it\/#organization\",\"name\":\"Transferendum\",\"url\":\"https:\/\/transferendum.eu\/it\/\",\"logo\":{\"@type\":\"ImageObject\",\"inLanguage\":\"it-IT\",\"@id\":\"https:\/\/transferendum.eu\/it\/#\/schema\/logo\/image\/\",\"url\":\"https:\/\/transferendum.dev.radixweb.net\/transferendum_eu\/wp-content\/uploads\/sites\/16\/2021\/10\/Transferendum_Logo_cropped.jpg\",\"contentUrl\":\"https:\/\/transferendum.dev.radixweb.net\/transferendum_eu\/wp-content\/uploads\/sites\/16\/2021\/10\/Transferendum_Logo_cropped.jpg\",\"width\":1496,\"height\":356,\"caption\":\"Transferendum\"},\"image\":{\"@id\":\"https:\/\/transferendum.eu\/it\/#\/schema\/logo\/image\/\"},\"sameAs\":[\"https:\/\/www.instagram.com\/transferendum.eu\/\"]}]}<\/script>\n<!-- \/ Yoast SEO plugin. -->","yoast_head_json":{"title":"Ingegneria \/ Traduzione tecnica - transferendum.eu","description":"Traduzione tecnica di alta qualit\u00e0 da parte di linguisti specializzati che conoscono la terminologia e i concetti del settore. Richiedi un preventivo oggi stesso!","robots":{"index":"index","follow":"follow","max-snippet":"max-snippet:-1","max-image-preview":"max-image-preview:large","max-video-preview":"max-video-preview:-1"},"canonical":"https:\/\/transferendum.eu\/it\/ingegneria-traduzione-tecnica\/","og_locale":"it_IT","og_type":"article","og_title":"Ingegneria \/ Traduzione tecnica - transferendum.eu","og_description":"Traduzione tecnica di alta qualit\u00e0 da parte di linguisti specializzati che conoscono la terminologia e i concetti del settore. Richiedi un preventivo oggi stesso!","og_url":"https:\/\/transferendum.eu\/it\/ingegneria-traduzione-tecnica\/","og_site_name":"transferendum.eu","article_modified_time":"2024-03-29T11:45:50+00:00","og_image":[{"width":450,"height":450,"url":"https:\/\/transferendum.eu\/wp-content\/uploads\/sites\/16\/2024\/07\/6-3.jpg","type":"image\/jpeg"}],"twitter_card":"summary_large_image","twitter_misc":{"Est. reading time":"4 minutes"},"schema":{"@context":"https:\/\/schema.org","@graph":[{"@type":"WebPage","@id":"https:\/\/transferendum.eu\/it\/ingegneria-traduzione-tecnica\/","url":"https:\/\/transferendum.eu\/it\/ingegneria-traduzione-tecnica\/","name":"Ingegneria \/ Traduzione tecnica - transferendum.eu","isPartOf":{"@id":"https:\/\/transferendum.eu\/it\/#website"},"primaryImageOfPage":{"@id":"https:\/\/transferendum.eu\/it\/ingegneria-traduzione-tecnica\/#primaryimage"},"image":{"@id":"https:\/\/transferendum.eu\/it\/ingegneria-traduzione-tecnica\/#primaryimage"},"thumbnailUrl":"https:\/\/transferendum.eu\/wp-content\/uploads\/sites\/16\/2024\/07\/6-3.jpg","datePublished":"2024-01-26T11:55:08+00:00","dateModified":"2024-03-29T11:45:50+00:00","description":"Traduzione tecnica di alta qualit\u00e0 da parte di linguisti specializzati che conoscono la terminologia e i concetti del settore. Richiedi un preventivo oggi stesso!","inLanguage":"it-IT","potentialAction":[{"@type":"ReadAction","target":["https:\/\/transferendum.eu\/it\/ingegneria-traduzione-tecnica\/"]}]},{"@type":"ImageObject","inLanguage":"it-IT","@id":"https:\/\/transferendum.eu\/it\/ingegneria-traduzione-tecnica\/#primaryimage","url":"https:\/\/transferendum.eu\/wp-content\/uploads\/sites\/16\/2024\/07\/6-3.jpg","contentUrl":"https:\/\/transferendum.eu\/wp-content\/uploads\/sites\/16\/2024\/07\/6-3.jpg","width":450,"height":450,"caption":"Engineering Translation"},{"@type":"WebSite","@id":"https:\/\/transferendum.eu\/it\/#website","url":"https:\/\/transferendum.eu\/it\/","name":"transferendum.eu","description":"Transferendum EU","publisher":{"@id":"https:\/\/transferendum.eu\/it\/#organization"},"potentialAction":[{"@type":"SearchAction","target":{"@type":"EntryPoint","urlTemplate":"https:\/\/transferendum.eu\/it\/?s={search_term_string}"},"query-input":{"@type":"PropertyValueSpecification","valueRequired":true,"valueName":"search_term_string"}}],"inLanguage":"it-IT"},{"@type":"Organization","@id":"https:\/\/transferendum.eu\/it\/#organization","name":"Transferendum","url":"https:\/\/transferendum.eu\/it\/","logo":{"@type":"ImageObject","inLanguage":"it-IT","@id":"https:\/\/transferendum.eu\/it\/#\/schema\/logo\/image\/","url":"https:\/\/transferendum.dev.radixweb.net\/transferendum_eu\/wp-content\/uploads\/sites\/16\/2021\/10\/Transferendum_Logo_cropped.jpg","contentUrl":"https:\/\/transferendum.dev.radixweb.net\/transferendum_eu\/wp-content\/uploads\/sites\/16\/2021\/10\/Transferendum_Logo_cropped.jpg","width":1496,"height":356,"caption":"Transferendum"},"image":{"@id":"https:\/\/transferendum.eu\/it\/#\/schema\/logo\/image\/"},"sameAs":["https:\/\/www.instagram.com\/transferendum.eu\/"]}]}},"_links":{"self":[{"href":"https:\/\/transferendum.eu\/it\/wp-json\/wp\/v2\/pages\/6789","targetHints":{"allow":["GET"]}}],"collection":[{"href":"https:\/\/transferendum.eu\/it\/wp-json\/wp\/v2\/pages"}],"about":[{"href":"https:\/\/transferendum.eu\/it\/wp-json\/wp\/v2\/types\/page"}],"author":[{"embeddable":true,"href":"https:\/\/transferendum.eu\/it\/wp-json\/wp\/v2\/users\/133"}],"replies":[{"embeddable":true,"href":"https:\/\/transferendum.eu\/it\/wp-json\/wp\/v2\/comments?post=6789"}],"version-history":[{"count":0,"href":"https:\/\/transferendum.eu\/it\/wp-json\/wp\/v2\/pages\/6789\/revisions"}],"wp:featuredmedia":[{"embeddable":true,"href":"https:\/\/transferendum.eu\/it\/wp-json\/wp\/v2\/media\/12839"}],"wp:attachment":[{"href":"https:\/\/transferendum.eu\/it\/wp-json\/wp\/v2\/media?parent=6789"}],"curies":[{"name":"wp","href":"https:\/\/api.w.org\/{rel}","templated":true}]}}