{"id":6717,"date":"2024-01-26T11:27:55","date_gmt":"2024-01-26T11:27:55","guid":{"rendered":"https:\/\/transferendum.eu\/perche-noi\/"},"modified":"2024-03-29T11:43:10","modified_gmt":"2024-03-29T11:43:10","slug":"perche-sceglierci","status":"publish","type":"page","link":"https:\/\/transferendum.eu\/it\/perche-sceglierci\/","title":{"rendered":"Perch\u00e9 sceglierci"},"content":{"rendered":"\t\t<div data-elementor-type=\"wp-page\" data-elementor-id=\"6717\" class=\"elementor elementor-6717 elementor-953\" data-elementor-post-type=\"page\">\n\t\t\t\t\t\t<section class=\"has_eae_slider elementor-section elementor-top-section elementor-element elementor-element-3cf4fa7 elementor-section-boxed elementor-section-height-default elementor-section-height-default\" data-eae-slider=\"21377\" data-id=\"3cf4fa7\" data-element_type=\"section\" data-e-type=\"section\">\n\t\t\t\t\t\t<div class=\"elementor-container elementor-column-gap-default\">\n\t\t\t\t\t<div class=\"has_eae_slider elementor-column elementor-col-100 elementor-top-column elementor-element elementor-element-e9e154d\" data-eae-slider=\"14500\" data-id=\"e9e154d\" data-element_type=\"column\" data-e-type=\"column\">\n\t\t\t<div class=\"elementor-widget-wrap elementor-element-populated\">\n\t\t\t\t\t\t<div class=\"elementor-element elementor-element-161da98 elementor-widget elementor-widget-text-editor\" data-id=\"161da98\" data-element_type=\"widget\" data-e-type=\"widget\" data-widget_type=\"text-editor.default\">\n\t\t\t\t<div class=\"elementor-widget-container\">\n\t\t\t\t\t\t\t\t\t<h1><span style=\"font-weight: 400;\">Cosa possiamo fare per te<\/span><\/h1><p><span style=\"font-weight: 400;\">Integrando i nostri processi di qualit\u00e0 nel tuo flusso di lavoro, possiamo facilitare le traduzioni e i contenuti professionali prodotti dall&#8217;essere umano per la tua azienda.\u00a0<\/span><\/p><p><span style=\"font-weight: 400;\">Non rischiare nell\u2019investire in processi a bassissimo costo.\u00a0<\/span><span style=\"color: var( --e-global-color-text ); font-family: var( --e-global-typography-text-font-family ), Sans-serif; font-size: 1rem;\">Offriamo un eccellente rapporto qualit\u00e0-prezzo, perch\u00e9 una traduzione professionale non deve necessariamente essere costosa se gestita correttamente. Ti aiutiamo a risparmiare il tuo budget durante ogni fase di produzione, fornendoti una pubblicazione di contenuti dall\u2019inizio alla fine.<\/span><\/p><p><span style=\"font-weight: 400;\">Disponiamo anche di vari metodi per produrre e rivedere enormi volumi di testo per la revisione e l&#8217;indagine, basta che ci contatti e ce lo chiedi!\u00a0<\/span><\/p><p><span style=\"font-weight: 400;\">Indipendentemente dalle dimensioni del progetto, possiamo aiutare la tua azienda a migliorare l&#8217;efficienza.\u00a0<\/span><\/p><p><span style=\"font-weight: 400;\">Se hai bisogno di una traduzione certificata per scopi legali, di aumentare la portata della tua campagna di marketing globale, di localizzare i tuoi contenuti o la tua pagina web per un mercato di destinazione, di rivedere il materiale precedentemente tradotto o anche di migliorare la tua visibilit\u00e0 attraverso una campagna MSEO, lavoreremo con te per valutare le tue esigenze e fornirti la soluzione pi\u00f9 efficiente con un&#8217;attenzione particolare alla qualit\u00e0, ai flussi di lavoro di produzione e alla gestione esperta delle attivit\u00e0 di traduzione.<\/span><span style=\"color: var( --e-global-color-text ); font-family: var( --e-global-typography-text-font-family ), Sans-serif; font-size: 1rem;\"> qualit\u00e0, i flussi di lavoro di produzione e la gestione esperta delle attivit\u00e0 di traduzione. <\/span><\/p><p>\u00a0<\/p>\t\t\t\t\t\t\t\t<\/div>\n\t\t\t\t<\/div>\n\t\t\t\t\t<\/div>\n\t\t<\/div>\n\t\t\t\t\t<\/div>\n\t\t<\/section>\n\t\t\t\t<section class=\"has_eae_slider elementor-section elementor-top-section elementor-element elementor-element-1e3bf34 elementor-section-boxed elementor-section-height-default elementor-section-height-default\" data-eae-slider=\"70553\" data-id=\"1e3bf34\" data-element_type=\"section\" data-e-type=\"section\">\n\t\t\t\t\t\t<div class=\"elementor-container elementor-column-gap-default\">\n\t\t\t\t\t<div class=\"has_eae_slider elementor-column elementor-col-100 elementor-top-column elementor-element elementor-element-f8c8922\" data-eae-slider=\"78697\" data-id=\"f8c8922\" data-element_type=\"column\" data-e-type=\"column\">\n\t\t\t<div class=\"elementor-widget-wrap elementor-element-populated\">\n\t\t\t\t\t\t<div class=\"elementor-element elementor-element-872592c elementor-widget-divider--view-line elementor-widget elementor-widget-divider\" data-id=\"872592c\" data-element_type=\"widget\" data-e-type=\"widget\" data-widget_type=\"divider.default\">\n\t\t\t\t<div class=\"elementor-widget-container\">\n\t\t\t\t\t\t\t<div class=\"elementor-divider\">\n\t\t\t<span class=\"elementor-divider-separator\">\n\t\t\t\t\t\t<\/span>\n\t\t<\/div>\n\t\t\t\t\t\t<\/div>\n\t\t\t\t<\/div>\n\t\t\t\t\t<\/div>\n\t\t<\/div>\n\t\t\t\t\t<\/div>\n\t\t<\/section>\n\t\t\t\t<section class=\"has_eae_slider elementor-section elementor-top-section elementor-element elementor-element-2709942 elementor-section-boxed elementor-section-height-default elementor-section-height-default\" data-eae-slider=\"82768\" data-id=\"2709942\" data-element_type=\"section\" data-e-type=\"section\">\n\t\t\t\t\t\t<div class=\"elementor-container elementor-column-gap-default\">\n\t\t\t\t\t<div class=\"has_eae_slider elementor-column elementor-col-50 elementor-top-column elementor-element elementor-element-ca8e20f\" data-eae-slider=\"73961\" data-id=\"ca8e20f\" data-element_type=\"column\" data-e-type=\"column\">\n\t\t\t<div class=\"elementor-widget-wrap elementor-element-populated\">\n\t\t\t\t\t\t<div class=\"elementor-element elementor-element-28a236b elementor-widget elementor-widget-image\" data-id=\"28a236b\" data-element_type=\"widget\" data-e-type=\"widget\" data-widget_type=\"image.default\">\n\t\t\t\t<div class=\"elementor-widget-container\">\n\t\t\t\t\t\t\t\t\t\t\t\t\t\t\t<img fetchpriority=\"high\" decoding=\"async\" width=\"558\" height=\"406\" src=\"https:\/\/transferendum.eu\/wp-content\/uploads\/sites\/16\/2022\/04\/partners.jpg\" class=\"attachment-large size-large wp-image-985\" alt=\"\" \/>\t\t\t\t\t\t\t\t\t\t\t\t\t\t\t<\/div>\n\t\t\t\t<\/div>\n\t\t\t\t\t<\/div>\n\t\t<\/div>\n\t\t\t\t<div class=\"has_eae_slider elementor-column elementor-col-50 elementor-top-column elementor-element elementor-element-2d19798\" data-eae-slider=\"19303\" data-id=\"2d19798\" data-element_type=\"column\" data-e-type=\"column\">\n\t\t\t<div class=\"elementor-widget-wrap elementor-element-populated\">\n\t\t\t\t\t\t<div class=\"elementor-element elementor-element-d87e065 elementor-widget elementor-widget-text-editor\" data-id=\"d87e065\" data-element_type=\"widget\" data-e-type=\"widget\" data-widget_type=\"text-editor.default\">\n\t\t\t\t<div class=\"elementor-widget-container\">\n\t\t\t\t\t\t\t\t\t<p>In qualit\u00e0 di partner linguistico, possiamo essere il tuo partner ideale per progetti quali:<\/p><p>\u00a0<\/p><ul><li aria-level=\"1\">Manuali e documentazione sui prodotti<\/li><li aria-level=\"1\">Materiale per la salute e la sicurezza<\/li><li aria-level=\"1\">Pubblicit\u00e0 e media<\/li><li aria-level=\"1\">Traduzione di video e multimedia<\/li><li aria-level=\"1\">Traduzione e certificazione di documenti<\/li><li aria-level=\"1\">Localizzazione di siti web e software<\/li><li aria-level=\"1\">Relazioni con azionisti<\/li><li aria-level=\"1\">Software e applicazioni web<\/li><li aria-level=\"1\">Informativa finanziaria<\/li><\/ul><div>\u00a0\t\t\t\t\t\t\t\t<\/div>\n\t\t\t\t<\/div>\n\t\t\t\t\t<\/div>\n\t\t<\/div>\n\t\t\t\t\t<\/div>\n\t\t<\/section>\n\t\t\t\t<section class=\"has_eae_slider elementor-section elementor-top-section elementor-element elementor-element-6cf23b9 elementor-section-boxed elementor-section-height-default elementor-section-height-default\" data-eae-slider=\"72862\" data-id=\"6cf23b9\" data-element_type=\"section\" data-e-type=\"section\">\n\t\t\t\t\t\t<div class=\"elementor-container elementor-column-gap-default\">\n\t\t\t\t\t<div class=\"has_eae_slider elementor-column elementor-col-100 elementor-top-column elementor-element elementor-element-dd1a69c\" data-eae-slider=\"65209\" data-id=\"dd1a69c\" data-element_type=\"column\" data-e-type=\"column\">\n\t\t\t<div class=\"elementor-widget-wrap elementor-element-populated\">\n\t\t\t\t\t\t<div class=\"elementor-element elementor-element-f185c88 elementor-widget-divider--view-line elementor-widget elementor-widget-divider\" data-id=\"f185c88\" data-element_type=\"widget\" data-e-type=\"widget\" data-widget_type=\"divider.default\">\n\t\t\t\t<div class=\"elementor-widget-container\">\n\t\t\t\t\t\t\t<div class=\"elementor-divider\">\n\t\t\t<span class=\"elementor-divider-separator\">\n\t\t\t\t\t\t<\/span>\n\t\t<\/div>\n\t\t\t\t\t\t<\/div>\n\t\t\t\t<\/div>\n\t\t\t\t\t<\/div>\n\t\t<\/div>\n\t\t\t\t\t<\/div>\n\t\t<\/section>\n\t\t\t\t<section class=\"has_eae_slider elementor-section elementor-top-section elementor-element elementor-element-f1c94ea elementor-section-boxed elementor-section-height-default elementor-section-height-default\" data-eae-slider=\"25902\" data-id=\"f1c94ea\" data-element_type=\"section\" data-e-type=\"section\">\n\t\t\t\t\t\t<div class=\"elementor-container elementor-column-gap-default\">\n\t\t\t\t\t<div class=\"has_eae_slider elementor-column elementor-col-100 elementor-top-column elementor-element elementor-element-810f1e1\" data-eae-slider=\"4212\" data-id=\"810f1e1\" data-element_type=\"column\" data-e-type=\"column\">\n\t\t\t<div class=\"elementor-widget-wrap elementor-element-populated\">\n\t\t\t\t\t\t<div class=\"elementor-element elementor-element-cc00717 elementor-widget elementor-widget-text-editor\" data-id=\"cc00717\" data-element_type=\"widget\" data-e-type=\"widget\" data-widget_type=\"text-editor.default\">\n\t\t\t\t<div class=\"elementor-widget-container\">\n\t\t\t\t\t\t\t\t\t<h1><span style=\"font-weight: 400;\">Perch\u00e9 sceglierci<\/span><\/h1><p><span style=\"font-weight: 400;\">Risolvi le tue esigenze linguistiche in modo efficiente ed efficace affidandoci<\/span>le tue attivit\u00e0 di gestione linguistica interna; lasciandoci integrare nei tuoi processi interni ti aiuteremo a concentrarti sulle tue attivit\u00e0 principali.\u00a0<\/p><p><span style=\"font-weight: 400;\">Abbiamo gli strumenti tecnici e le persone per gestire e offrire i tuoi contenuti in qualsiasi altra lingua.\u00a0<\/span><\/p><p><span style=\"font-weight: 400;\">Gestiamo diversi tipi di file e formati video in tutti i settori, per aiutarti a localizzare il tuo messaggio al pubblico in qualsiasi formato.\u00a0\u00a0<\/span><\/p><p><span style=\"font-weight: 400;\">Assistenza al cliente in ogni fase del processo di consegna per garantire la soddisfazione delle esigenze dei nostri clienti.\u00a0<\/span><\/p><p><span style=\"font-weight: 400;\"><span style=\"font-weight: 400;\">I nostri processi sono studiati per farti risparmiare tempo e denaro e possono essere integrati nelle tue operazioni aziendali per offrire la soluzione pi\u00f9 efficiente per tutti i tuoi<\/span> progetti linguistici. <\/span>Come tuo partner linguistico possiamo essere una parte essenziale del tuo team.<\/p><p><span style=\"font-weight: 400;\">L'&#8221;overselling&#8221; dei nostri prodotti \u00e8 una perdita di tempo per tutti, quindi non dovrai preoccuparti. Se ci rendiamo conto che \u00e8 possibile migliorare il flusso di lavoro, ti consiglieremo soluzioni di traduzione pi\u00f9 adeguate il prima possibile. Lavoriamo sempre con i nostri clienti in modo collaborativo per garantire i risultati migliori, pi\u00f9 economici e di successo.<\/span><\/p><p><span style=\"font-weight: 400;\">Ci sforziamo sempre di migliorarci, per questo impieghiamo controlli di qualit\u00e0 e buone pratiche per aiutare il flusso di lavoro di traduzione dei contenuti.\u00a0<\/span><\/p><p><span style=\"font-weight: 400;\">Offriamo i pi\u00f9 alti standard di qualit\u00e0 e sicurezza dei dati per proteggere la riservatezza del nostro lavoro.<\/span><\/p><p><span style=\"font-weight: 400;\">Con una gamma completa di soluzioni, siamo in grado di adattare qualsiasi soluzione di traduzione alle tue esigenze. <\/span><span style=\"font-weight: 400;\">Contattaci <a href=\"https:\/\/transferendum.eu\/it\/contatti\/\">qui<\/a>!<\/span><\/p>\t\t\t\t\t\t\t\t<\/div>\n\t\t\t\t<\/div>\n\t\t\t\t\t<\/div>\n\t\t<\/div>\n\t\t\t\t\t<\/div>\n\t\t<\/section>\n\t\t\t\t<section class=\"has_eae_slider elementor-section elementor-top-section elementor-element elementor-element-793997e2 elementor-section-boxed elementor-section-height-default elementor-section-height-default\" data-eae-slider=\"1613\" data-id=\"793997e2\" data-element_type=\"section\" data-e-type=\"section\">\n\t\t\t\t\t\t<div class=\"elementor-container elementor-column-gap-default\">\n\t\t\t\t\t<div class=\"has_eae_slider elementor-column elementor-col-100 elementor-top-column elementor-element elementor-element-307aba17\" data-eae-slider=\"82697\" data-id=\"307aba17\" data-element_type=\"column\" data-e-type=\"column\">\n\t\t\t<div class=\"elementor-widget-wrap elementor-element-populated\">\n\t\t\t\t\t\t<div class=\"elementor-element elementor-element-5af1bf2d elementor-widget-divider--view-line elementor-widget elementor-widget-divider\" data-id=\"5af1bf2d\" data-element_type=\"widget\" data-e-type=\"widget\" data-widget_type=\"divider.default\">\n\t\t\t\t<div class=\"elementor-widget-container\">\n\t\t\t\t\t\t\t<div class=\"elementor-divider\">\n\t\t\t<span class=\"elementor-divider-separator\">\n\t\t\t\t\t\t<\/span>\n\t\t<\/div>\n\t\t\t\t\t\t<\/div>\n\t\t\t\t<\/div>\n\t\t\t\t\t<\/div>\n\t\t<\/div>\n\t\t\t\t\t<\/div>\n\t\t<\/section>\n\t\t\t\t<\/div>\n\t\t","protected":false},"excerpt":{"rendered":"<p>Cosa possiamo fare per te Integrando i nostri processi di qualit\u00e0 nel tuo flusso di lavoro, possiamo facilitare le traduzioni e i contenuti professionali prodotti dall&#8217;essere umano per la tua azienda.\u00a0 Non rischiare nell\u2019investire in processi a bassissimo costo.\u00a0Offriamo un eccellente rapporto qualit\u00e0-prezzo, perch\u00e9 una traduzione professionale non deve necessariamente essere costosa se gestita correttamente. [&hellip;]<\/p>\n","protected":false},"author":133,"featured_media":2202,"parent":0,"menu_order":0,"comment_status":"closed","ping_status":"closed","template":"","meta":{"_acf_changed":false,"footnotes":""},"class_list":["post-6717","page","type-page","status-publish","has-post-thumbnail","hentry"],"acf":[],"yoast_head":"<!-- This site is optimized with the Yoast SEO plugin v27.1 - https:\/\/yoast.com\/product\/yoast-seo-wordpress\/ -->\n<title>Perch\u00e9 sceglierci - transferendum.eu<\/title>\n<meta name=\"robots\" content=\"index, follow, max-snippet:-1, max-image-preview:large, max-video-preview:-1\" \/>\n<link rel=\"canonical\" href=\"https:\/\/transferendum.eu\/it\/perche-sceglierci\/\" \/>\n<meta property=\"og:locale\" content=\"it_IT\" \/>\n<meta property=\"og:type\" content=\"article\" \/>\n<meta property=\"og:title\" content=\"Perch\u00e9 sceglierci - transferendum.eu\" \/>\n<meta property=\"og:description\" content=\"Cosa possiamo fare per te Integrando i nostri processi di qualit\u00e0 nel tuo flusso di lavoro, possiamo facilitare le traduzioni e i contenuti professionali prodotti dall&#8217;essere umano per la tua azienda.\u00a0 Non rischiare nell\u2019investire in processi a bassissimo costo.\u00a0Offriamo un eccellente rapporto qualit\u00e0-prezzo, perch\u00e9 una traduzione professionale non deve necessariamente essere costosa se gestita correttamente. [&hellip;]\" \/>\n<meta property=\"og:url\" content=\"https:\/\/transferendum.eu\/it\/perche-sceglierci\/\" \/>\n<meta property=\"og:site_name\" content=\"transferendum.eu\" \/>\n<meta property=\"article:modified_time\" content=\"2024-03-29T11:43:10+00:00\" \/>\n<meta property=\"og:image\" content=\"https:\/\/transferendum.eu\/wp-content\/uploads\/sites\/16\/2022\/07\/transferendumfavicon.png\" \/>\n\t<meta property=\"og:image:width\" content=\"513\" \/>\n\t<meta property=\"og:image:height\" content=\"513\" \/>\n\t<meta property=\"og:image:type\" content=\"image\/png\" \/>\n<meta name=\"twitter:card\" content=\"summary_large_image\" \/>\n<meta name=\"twitter:label1\" content=\"Est. reading time\" \/>\n\t<meta name=\"twitter:data1\" content=\"5 minutes\" \/>\n<script type=\"application\/ld+json\" class=\"yoast-schema-graph\">{\"@context\":\"https:\/\/schema.org\",\"@graph\":[{\"@type\":\"WebPage\",\"@id\":\"https:\/\/transferendum.eu\/it\/perche-sceglierci\/\",\"url\":\"https:\/\/transferendum.eu\/it\/perche-sceglierci\/\",\"name\":\"Perch\u00e9 sceglierci - transferendum.eu\",\"isPartOf\":{\"@id\":\"https:\/\/transferendum.eu\/it\/#website\"},\"primaryImageOfPage\":{\"@id\":\"https:\/\/transferendum.eu\/it\/perche-sceglierci\/#primaryimage\"},\"image\":{\"@id\":\"https:\/\/transferendum.eu\/it\/perche-sceglierci\/#primaryimage\"},\"thumbnailUrl\":\"https:\/\/transferendum.eu\/wp-content\/uploads\/sites\/16\/2022\/07\/transferendumfavicon.png\",\"datePublished\":\"2024-01-26T11:27:55+00:00\",\"dateModified\":\"2024-03-29T11:43:10+00:00\",\"inLanguage\":\"it-IT\",\"potentialAction\":[{\"@type\":\"ReadAction\",\"target\":[\"https:\/\/transferendum.eu\/it\/perche-sceglierci\/\"]}]},{\"@type\":\"ImageObject\",\"inLanguage\":\"it-IT\",\"@id\":\"https:\/\/transferendum.eu\/it\/perche-sceglierci\/#primaryimage\",\"url\":\"https:\/\/transferendum.eu\/wp-content\/uploads\/sites\/16\/2022\/07\/transferendumfavicon.png\",\"contentUrl\":\"https:\/\/transferendum.eu\/wp-content\/uploads\/sites\/16\/2022\/07\/transferendumfavicon.png\",\"width\":513,\"height\":513},{\"@type\":\"WebSite\",\"@id\":\"https:\/\/transferendum.eu\/it\/#website\",\"url\":\"https:\/\/transferendum.eu\/it\/\",\"name\":\"transferendum.eu\",\"description\":\"Transferendum EU\",\"publisher\":{\"@id\":\"https:\/\/transferendum.eu\/it\/#organization\"},\"potentialAction\":[{\"@type\":\"SearchAction\",\"target\":{\"@type\":\"EntryPoint\",\"urlTemplate\":\"https:\/\/transferendum.eu\/it\/?s={search_term_string}\"},\"query-input\":{\"@type\":\"PropertyValueSpecification\",\"valueRequired\":true,\"valueName\":\"search_term_string\"}}],\"inLanguage\":\"it-IT\"},{\"@type\":\"Organization\",\"@id\":\"https:\/\/transferendum.eu\/it\/#organization\",\"name\":\"Transferendum\",\"url\":\"https:\/\/transferendum.eu\/it\/\",\"logo\":{\"@type\":\"ImageObject\",\"inLanguage\":\"it-IT\",\"@id\":\"https:\/\/transferendum.eu\/it\/#\/schema\/logo\/image\/\",\"url\":\"https:\/\/transferendum.dev.radixweb.net\/transferendum_eu\/wp-content\/uploads\/sites\/16\/2021\/10\/Transferendum_Logo_cropped.jpg\",\"contentUrl\":\"https:\/\/transferendum.dev.radixweb.net\/transferendum_eu\/wp-content\/uploads\/sites\/16\/2021\/10\/Transferendum_Logo_cropped.jpg\",\"width\":1496,\"height\":356,\"caption\":\"Transferendum\"},\"image\":{\"@id\":\"https:\/\/transferendum.eu\/it\/#\/schema\/logo\/image\/\"},\"sameAs\":[\"https:\/\/www.instagram.com\/transferendum.eu\/\"]}]}<\/script>\n<!-- \/ Yoast SEO plugin. -->","yoast_head_json":{"title":"Perch\u00e9 sceglierci - transferendum.eu","robots":{"index":"index","follow":"follow","max-snippet":"max-snippet:-1","max-image-preview":"max-image-preview:large","max-video-preview":"max-video-preview:-1"},"canonical":"https:\/\/transferendum.eu\/it\/perche-sceglierci\/","og_locale":"it_IT","og_type":"article","og_title":"Perch\u00e9 sceglierci - transferendum.eu","og_description":"Cosa possiamo fare per te Integrando i nostri processi di qualit\u00e0 nel tuo flusso di lavoro, possiamo facilitare le traduzioni e i contenuti professionali prodotti dall&#8217;essere umano per la tua azienda.\u00a0 Non rischiare nell\u2019investire in processi a bassissimo costo.\u00a0Offriamo un eccellente rapporto qualit\u00e0-prezzo, perch\u00e9 una traduzione professionale non deve necessariamente essere costosa se gestita correttamente. [&hellip;]","og_url":"https:\/\/transferendum.eu\/it\/perche-sceglierci\/","og_site_name":"transferendum.eu","article_modified_time":"2024-03-29T11:43:10+00:00","og_image":[{"width":513,"height":513,"url":"https:\/\/transferendum.eu\/wp-content\/uploads\/sites\/16\/2022\/07\/transferendumfavicon.png","type":"image\/png"}],"twitter_card":"summary_large_image","twitter_misc":{"Est. reading time":"5 minutes"},"schema":{"@context":"https:\/\/schema.org","@graph":[{"@type":"WebPage","@id":"https:\/\/transferendum.eu\/it\/perche-sceglierci\/","url":"https:\/\/transferendum.eu\/it\/perche-sceglierci\/","name":"Perch\u00e9 sceglierci - transferendum.eu","isPartOf":{"@id":"https:\/\/transferendum.eu\/it\/#website"},"primaryImageOfPage":{"@id":"https:\/\/transferendum.eu\/it\/perche-sceglierci\/#primaryimage"},"image":{"@id":"https:\/\/transferendum.eu\/it\/perche-sceglierci\/#primaryimage"},"thumbnailUrl":"https:\/\/transferendum.eu\/wp-content\/uploads\/sites\/16\/2022\/07\/transferendumfavicon.png","datePublished":"2024-01-26T11:27:55+00:00","dateModified":"2024-03-29T11:43:10+00:00","inLanguage":"it-IT","potentialAction":[{"@type":"ReadAction","target":["https:\/\/transferendum.eu\/it\/perche-sceglierci\/"]}]},{"@type":"ImageObject","inLanguage":"it-IT","@id":"https:\/\/transferendum.eu\/it\/perche-sceglierci\/#primaryimage","url":"https:\/\/transferendum.eu\/wp-content\/uploads\/sites\/16\/2022\/07\/transferendumfavicon.png","contentUrl":"https:\/\/transferendum.eu\/wp-content\/uploads\/sites\/16\/2022\/07\/transferendumfavicon.png","width":513,"height":513},{"@type":"WebSite","@id":"https:\/\/transferendum.eu\/it\/#website","url":"https:\/\/transferendum.eu\/it\/","name":"transferendum.eu","description":"Transferendum EU","publisher":{"@id":"https:\/\/transferendum.eu\/it\/#organization"},"potentialAction":[{"@type":"SearchAction","target":{"@type":"EntryPoint","urlTemplate":"https:\/\/transferendum.eu\/it\/?s={search_term_string}"},"query-input":{"@type":"PropertyValueSpecification","valueRequired":true,"valueName":"search_term_string"}}],"inLanguage":"it-IT"},{"@type":"Organization","@id":"https:\/\/transferendum.eu\/it\/#organization","name":"Transferendum","url":"https:\/\/transferendum.eu\/it\/","logo":{"@type":"ImageObject","inLanguage":"it-IT","@id":"https:\/\/transferendum.eu\/it\/#\/schema\/logo\/image\/","url":"https:\/\/transferendum.dev.radixweb.net\/transferendum_eu\/wp-content\/uploads\/sites\/16\/2021\/10\/Transferendum_Logo_cropped.jpg","contentUrl":"https:\/\/transferendum.dev.radixweb.net\/transferendum_eu\/wp-content\/uploads\/sites\/16\/2021\/10\/Transferendum_Logo_cropped.jpg","width":1496,"height":356,"caption":"Transferendum"},"image":{"@id":"https:\/\/transferendum.eu\/it\/#\/schema\/logo\/image\/"},"sameAs":["https:\/\/www.instagram.com\/transferendum.eu\/"]}]}},"_links":{"self":[{"href":"https:\/\/transferendum.eu\/it\/wp-json\/wp\/v2\/pages\/6717","targetHints":{"allow":["GET"]}}],"collection":[{"href":"https:\/\/transferendum.eu\/it\/wp-json\/wp\/v2\/pages"}],"about":[{"href":"https:\/\/transferendum.eu\/it\/wp-json\/wp\/v2\/types\/page"}],"author":[{"embeddable":true,"href":"https:\/\/transferendum.eu\/it\/wp-json\/wp\/v2\/users\/133"}],"replies":[{"embeddable":true,"href":"https:\/\/transferendum.eu\/it\/wp-json\/wp\/v2\/comments?post=6717"}],"version-history":[{"count":0,"href":"https:\/\/transferendum.eu\/it\/wp-json\/wp\/v2\/pages\/6717\/revisions"}],"wp:featuredmedia":[{"embeddable":true,"href":"https:\/\/transferendum.eu\/it\/wp-json\/wp\/v2\/media\/2202"}],"wp:attachment":[{"href":"https:\/\/transferendum.eu\/it\/wp-json\/wp\/v2\/media?parent=6717"}],"curies":[{"name":"wp","href":"https:\/\/api.w.org\/{rel}","templated":true}]}}