{"id":6713,"date":"2024-01-26T11:27:41","date_gmt":"2024-01-26T11:27:41","guid":{"rendered":"https:\/\/transferendum.eu\/traduzione-per-il-settore-alimentare-food-and-beverage\/"},"modified":"2024-03-29T12:08:53","modified_gmt":"2024-03-29T12:08:53","slug":"traduzione-per-il-settore-alimentare-food-and-beverage","status":"publish","type":"page","link":"https:\/\/transferendum.eu\/it\/traduzione-per-il-settore-alimentare-food-and-beverage\/","title":{"rendered":"Traduzione per il settore alimentare (Food and Beverage)"},"content":{"rendered":"\t\t<div data-elementor-type=\"wp-page\" data-elementor-id=\"6713\" class=\"elementor elementor-6713 elementor-882\" data-elementor-post-type=\"page\">\n\t\t\t\t\t\t<section class=\"has_eae_slider elementor-section elementor-top-section elementor-element elementor-element-c0568de elementor-section-boxed elementor-section-height-default elementor-section-height-default\" data-eae-slider=\"99664\" data-id=\"c0568de\" data-element_type=\"section\" data-e-type=\"section\">\n\t\t\t\t\t\t<div class=\"elementor-container elementor-column-gap-default\">\n\t\t\t\t\t<div class=\"has_eae_slider elementor-column elementor-col-100 elementor-top-column elementor-element elementor-element-b45714a\" data-eae-slider=\"36873\" data-id=\"b45714a\" data-element_type=\"column\" data-e-type=\"column\">\n\t\t\t<div class=\"elementor-widget-wrap elementor-element-populated\">\n\t\t\t\t\t\t<div class=\"elementor-element elementor-element-f0cf9f0 elementor-widget elementor-widget-text-editor\" data-id=\"f0cf9f0\" data-element_type=\"widget\" data-e-type=\"widget\" data-widget_type=\"text-editor.default\">\n\t\t\t\t<div class=\"elementor-widget-container\">\n\t\t\t\t\t\t\t\t\t<h1><span style=\"font-weight: 400;\">Traduzione per il settore alimentare (food and beverage)<\/span><\/h1><div><p><img fetchpriority=\"high\" decoding=\"async\" class=\"alignnone size-full wp-image-1200\" src=\"https:\/\/transferendum.eu\/wp-content\/uploads\/sites\/16\/2022\/04\/food.jpg\" alt=\"\" width=\"964\" height=\"303\" \/><\/p><div data-type=\"custom_field_v2\" data-source-id=\"6621\" data-key=\"_elementor_data\"><div id=\"value\"><div data-type=\"memsource_elementor_data\" data-id=\"f0cf9f0\" data-key=\"editor\"><p>Se sei un cliente europeo del settore alimentare e delle bevande, sei consapevole di quanto sia importante comunicare efficacemente con i tuoi fornitori, partner e consumatori di lingue e culture diverse. Sai anche quanto possa essere difficile trovare soluzioni di traduzione affidabili e convenienti che soddisfino le tue esigenze specifiche e i tuoi standard di qualit\u00e0.<\/p><p>Ecco perch\u00e9 siamo qui per aiutarti. Transferendum \u00e8 un&#8217;agenzia di traduzione professionale specializzata nel fornire soluzioni di traduzione di alta qualit\u00e0 ed economicamente vantaggiose per il settore alimentare (food and beverage). Abbiamo un team di traduttori esperti e certificati, madrelingua di tutte le 24 lingue ufficiali dell&#8217;UE e di molte altre lingue. Abbiamo una vasta conoscenza ed esperienza nella traduzione di vari tipi di contenuti per l&#8217;industria alimentare e delle bevande, come ad esempio:<\/p><p>&#8211; Materiale di marketing: campagne e-mail, brochure, volantini, siti web, post sui social media, ecc.<\/p><p>&#8211; Etichette dei prodotti: ingredienti, informazioni nutrizionali, allergeni, certificazioni, ecc.<\/p><p>&#8211; Documenti legali: contratti, accordi, termini e condizioni, ecc.<\/p><p>&#8211; Documenti tecnici: manuali d&#8217;uso, istruzioni di sicurezza, specifiche del prodotto, ecc.<\/p><p>&#8211; Materiale formativo: corsi, video, moduli e-learning, ecc.<\/p><p>Utilizziamo la tecnologia pi\u00f9 innovative e le migliori pratiche per garantire che le nostre soluzioni di traduzione siano rapide, accurate e coerenti. Offriamo anche servizi di localizzazione per adattare i tuoi contenuti alle preferenze culturali e linguistiche del tuo pubblico di riferimento. Sia che tu debba tradurre un singolo documento o un progetto su larga scala, siamo in grado di gestirlo con facilit\u00e0 ed efficienza.<\/p><p>Siamo pi\u00f9 di una qualsiasi agenzia di traduzione. Siamo il tuo partner di fiducia nel settore alimentare. Contattaci oggi stesso per un preventivo gratuito<a href=\"https:\/\/taberna.transferendum.eu\/shop\/product\/food-industry-translations-252\">\u00a0qui\u00a0<\/a>e lascia che ti mostriamo come possiamo aiutarti a far crescere la tua attivit\u00e0 a livello internazionale.<\/p><\/div><div data-type=\"memsource_elementor_data\" data-id=\"58292614\" data-key=\"text\">Divisore<\/div><div data-type=\"memsource_elementor_data\" data-id=\"8f38a34\" data-key=\"editor\"><p>Come tuo\u00a0<i>Partner Linguistico<\/i>, saremo in grado di offrirti consigli preziosi per migliorare la gestione dei documenti e delle traduzioni qualora se ne presenti l\u2019opportunit\u00e0.<\/p><p>Affidandoti a professionisti specializzati potrai risparmiare denaro e risorse nel breve termine, gestendo i costi dei fornitori ed eliminando le spese generali di gestione, in un servizio sicuro e gestito sulla base della qualit\u00e0.<\/p><p>Puoi inviarci i tuoi documenti semplicemente tramite e-mail protetta o integrando i nostri prodotti con il tuo sistema di Content Management.<\/p><p>Ti aiutiamo a gestire progetti di grandi dimensioni in modo efficace e conveniente, fornendoti le soluzioni traduttive di cui hai bisogno.<\/p><p>Offriamo una vasta gamma di soluzioni che spaziano da un sistema completo di gestione delle traduzioni conforme alla normativa\u00a0<a href=\"https:\/\/transferendum.eu\/it\/i-nostri-standard\/\">ISO 17100:2015<\/a>, a soluzioni pi\u00f9 rapide ed economicamente vantaggiose, come: traduzioni professionali standard, revisioni di traduzioni automatiche neurali (post-editing) e traduzioni istantanee a puro titolo informativo. Puoi scegliere la soluzione che pi\u00f9 si adatta al tuo budget, alla tua azienda e alle tempistiche del progetto. E se non sei soddisfatto, ricorda che potrai sempre chiedere un\u2019ulteriore revisione.<\/p><p>Se in passato hai gi\u00e0 tradotto dei documenti, possiamo utilizzare le traduzioni precedenti per ridurre i tempi e i costi delle nuove traduzioni. Per i progetti pi\u00f9 grandi, siamo in grado di integrare i nostri processi di traduzione e controllo qualit\u00e0 con le tue normali operazioni, portando grandi vantaggi alla tua azienda, specie se si dispone di una grande quantit\u00e0 di testo riutilizzabile, contribuendo inoltre a garantire la coerenza e accuratezza della traduzione e a ridurre i costi e i tempi di consegna.<\/p><p>Contattaci\u00a0<a href=\"https:\/\/transferendum.eu\/it\/contatti\/\">qui<\/a>\u00a0o clicca <a href=\"https:\/\/gs.translation.ie\/uploadtool\/\">qui<\/a>\u00a0e carica il tuo documento per ottenere un preventivo immediato.<\/p><\/div><\/div><\/div><div data-type=\"custom_field_v2\" data-source-id=\"30834\" data-key=\"exclude_from_sitemap\"><div id=\"value\">\u00a0<span style=\"color: var( --e-global-color-text ); font-family: var( --e-global-typography-text-font-family ), Sans-serif; font-size: 1rem; font-weight: var( --e-global-typography-text-font-weight );\">Traduzione di alta qualit\u00e0 di etichette di prodotti, elenchi di ingredienti, informazioni nutrizionali e materiali di marketing per il settore alimentare.<\/span><\/div><\/div><\/div>\t\t\t\t\t\t\t\t<\/div>\n\t\t\t\t<\/div>\n\t\t\t\t\t<\/div>\n\t\t<\/div>\n\t\t\t\t\t<\/div>\n\t\t<\/section>\n\t\t\t\t<section class=\"has_eae_slider elementor-section elementor-top-section elementor-element elementor-element-15c503f1 elementor-section-boxed elementor-section-height-default elementor-section-height-default\" data-eae-slider=\"6254\" data-id=\"15c503f1\" data-element_type=\"section\" data-e-type=\"section\">\n\t\t\t\t\t\t<div class=\"elementor-container elementor-column-gap-default\">\n\t\t\t\t\t<div class=\"has_eae_slider elementor-column elementor-col-100 elementor-top-column elementor-element elementor-element-7c1b7e45\" data-eae-slider=\"86476\" data-id=\"7c1b7e45\" data-element_type=\"column\" data-e-type=\"column\">\n\t\t\t<div class=\"elementor-widget-wrap elementor-element-populated\">\n\t\t\t\t\t\t<div class=\"elementor-element elementor-element-58292614 elementor-widget-divider--view-line elementor-widget elementor-widget-divider\" data-id=\"58292614\" data-element_type=\"widget\" data-e-type=\"widget\" data-widget_type=\"divider.default\">\n\t\t\t\t<div class=\"elementor-widget-container\">\n\t\t\t\t\t\t\t<div class=\"elementor-divider\">\n\t\t\t<span class=\"elementor-divider-separator\">\n\t\t\t\t\t\t<\/span>\n\t\t<\/div>\n\t\t\t\t\t\t<\/div>\n\t\t\t\t<\/div>\n\t\t\t\t\t<\/div>\n\t\t<\/div>\n\t\t\t\t\t<\/div>\n\t\t<\/section>\n\t\t\t\t<\/div>\n\t\t","protected":false},"excerpt":{"rendered":"<p>Traduzione per il settore alimentare (food and beverage) Se sei un cliente europeo del settore alimentare e delle bevande, sei consapevole di quanto sia importante comunicare efficacemente con i tuoi fornitori, partner e consumatori di lingue e culture diverse. Sai anche quanto possa essere difficile trovare soluzioni di traduzione affidabili e convenienti che soddisfino le [&hellip;]<\/p>\n","protected":false},"author":133,"featured_media":12922,"parent":0,"menu_order":0,"comment_status":"closed","ping_status":"closed","template":"","meta":{"_acf_changed":false,"footnotes":""},"class_list":["post-6713","page","type-page","status-publish","has-post-thumbnail","hentry"],"acf":[],"yoast_head":"<!-- This site is optimized with the Yoast SEO plugin v27.1 - https:\/\/yoast.com\/product\/yoast-seo-wordpress\/ -->\n<title>Traduzione per il settore alimentare (Food and Beverage) - transferendum.eu<\/title>\n<meta name=\"description\" content=\"Traduzione di alta qualit\u00e0 di etichette di prodotti, elenchi di ingredienti, informazioni nutrizionali e materiali di marketing per il settore alimentare.\" \/>\n<meta name=\"robots\" content=\"index, follow, max-snippet:-1, max-image-preview:large, max-video-preview:-1\" \/>\n<link rel=\"canonical\" href=\"https:\/\/transferendum.eu\/it\/traduzione-per-il-settore-alimentare-food-and-beverage\/\" \/>\n<meta property=\"og:locale\" content=\"it_IT\" \/>\n<meta property=\"og:type\" content=\"article\" \/>\n<meta property=\"og:title\" content=\"Traduzione per il settore alimentare (Food and Beverage) - transferendum.eu\" \/>\n<meta property=\"og:description\" content=\"Traduzione di alta qualit\u00e0 di etichette di prodotti, elenchi di ingredienti, informazioni nutrizionali e materiali di marketing per il settore alimentare.\" \/>\n<meta property=\"og:url\" content=\"https:\/\/transferendum.eu\/it\/traduzione-per-il-settore-alimentare-food-and-beverage\/\" \/>\n<meta property=\"og:site_name\" content=\"transferendum.eu\" \/>\n<meta property=\"article:modified_time\" content=\"2024-03-29T12:08:53+00:00\" \/>\n<meta property=\"og:image\" content=\"https:\/\/transferendum.eu\/wp-content\/uploads\/sites\/16\/2024\/07\/12-1.jpg\" \/>\n\t<meta property=\"og:image:width\" content=\"450\" \/>\n\t<meta property=\"og:image:height\" content=\"450\" \/>\n\t<meta property=\"og:image:type\" content=\"image\/jpeg\" \/>\n<meta name=\"twitter:card\" content=\"summary_large_image\" \/>\n<meta name=\"twitter:label1\" content=\"Est. reading time\" \/>\n\t<meta name=\"twitter:data1\" content=\"5 minutes\" \/>\n<script type=\"application\/ld+json\" class=\"yoast-schema-graph\">{\"@context\":\"https:\/\/schema.org\",\"@graph\":[{\"@type\":\"WebPage\",\"@id\":\"https:\/\/transferendum.eu\/it\/traduzione-per-il-settore-alimentare-food-and-beverage\/\",\"url\":\"https:\/\/transferendum.eu\/it\/traduzione-per-il-settore-alimentare-food-and-beverage\/\",\"name\":\"Traduzione per il settore alimentare (Food and Beverage) - transferendum.eu\",\"isPartOf\":{\"@id\":\"https:\/\/transferendum.eu\/it\/#website\"},\"primaryImageOfPage\":{\"@id\":\"https:\/\/transferendum.eu\/it\/traduzione-per-il-settore-alimentare-food-and-beverage\/#primaryimage\"},\"image\":{\"@id\":\"https:\/\/transferendum.eu\/it\/traduzione-per-il-settore-alimentare-food-and-beverage\/#primaryimage\"},\"thumbnailUrl\":\"https:\/\/transferendum.eu\/wp-content\/uploads\/sites\/16\/2024\/07\/12-1.jpg\",\"datePublished\":\"2024-01-26T11:27:41+00:00\",\"dateModified\":\"2024-03-29T12:08:53+00:00\",\"description\":\"Traduzione di alta qualit\u00e0 di etichette di prodotti, elenchi di ingredienti, informazioni nutrizionali e materiali di marketing per il settore alimentare.\",\"inLanguage\":\"it-IT\",\"potentialAction\":[{\"@type\":\"ReadAction\",\"target\":[\"https:\/\/transferendum.eu\/it\/traduzione-per-il-settore-alimentare-food-and-beverage\/\"]}]},{\"@type\":\"ImageObject\",\"inLanguage\":\"it-IT\",\"@id\":\"https:\/\/transferendum.eu\/it\/traduzione-per-il-settore-alimentare-food-and-beverage\/#primaryimage\",\"url\":\"https:\/\/transferendum.eu\/wp-content\/uploads\/sites\/16\/2024\/07\/12-1.jpg\",\"contentUrl\":\"https:\/\/transferendum.eu\/wp-content\/uploads\/sites\/16\/2024\/07\/12-1.jpg\",\"width\":450,\"height\":450,\"caption\":\"Food and Beverage Translation\"},{\"@type\":\"WebSite\",\"@id\":\"https:\/\/transferendum.eu\/it\/#website\",\"url\":\"https:\/\/transferendum.eu\/it\/\",\"name\":\"transferendum.eu\",\"description\":\"Transferendum EU\",\"publisher\":{\"@id\":\"https:\/\/transferendum.eu\/it\/#organization\"},\"potentialAction\":[{\"@type\":\"SearchAction\",\"target\":{\"@type\":\"EntryPoint\",\"urlTemplate\":\"https:\/\/transferendum.eu\/it\/?s={search_term_string}\"},\"query-input\":{\"@type\":\"PropertyValueSpecification\",\"valueRequired\":true,\"valueName\":\"search_term_string\"}}],\"inLanguage\":\"it-IT\"},{\"@type\":\"Organization\",\"@id\":\"https:\/\/transferendum.eu\/it\/#organization\",\"name\":\"Transferendum\",\"url\":\"https:\/\/transferendum.eu\/it\/\",\"logo\":{\"@type\":\"ImageObject\",\"inLanguage\":\"it-IT\",\"@id\":\"https:\/\/transferendum.eu\/it\/#\/schema\/logo\/image\/\",\"url\":\"https:\/\/transferendum.dev.radixweb.net\/transferendum_eu\/wp-content\/uploads\/sites\/16\/2021\/10\/Transferendum_Logo_cropped.jpg\",\"contentUrl\":\"https:\/\/transferendum.dev.radixweb.net\/transferendum_eu\/wp-content\/uploads\/sites\/16\/2021\/10\/Transferendum_Logo_cropped.jpg\",\"width\":1496,\"height\":356,\"caption\":\"Transferendum\"},\"image\":{\"@id\":\"https:\/\/transferendum.eu\/it\/#\/schema\/logo\/image\/\"},\"sameAs\":[\"https:\/\/www.instagram.com\/transferendum.eu\/\"]}]}<\/script>\n<!-- \/ Yoast SEO plugin. -->","yoast_head_json":{"title":"Traduzione per il settore alimentare (Food and Beverage) - transferendum.eu","description":"Traduzione di alta qualit\u00e0 di etichette di prodotti, elenchi di ingredienti, informazioni nutrizionali e materiali di marketing per il settore alimentare.","robots":{"index":"index","follow":"follow","max-snippet":"max-snippet:-1","max-image-preview":"max-image-preview:large","max-video-preview":"max-video-preview:-1"},"canonical":"https:\/\/transferendum.eu\/it\/traduzione-per-il-settore-alimentare-food-and-beverage\/","og_locale":"it_IT","og_type":"article","og_title":"Traduzione per il settore alimentare (Food and Beverage) - transferendum.eu","og_description":"Traduzione di alta qualit\u00e0 di etichette di prodotti, elenchi di ingredienti, informazioni nutrizionali e materiali di marketing per il settore alimentare.","og_url":"https:\/\/transferendum.eu\/it\/traduzione-per-il-settore-alimentare-food-and-beverage\/","og_site_name":"transferendum.eu","article_modified_time":"2024-03-29T12:08:53+00:00","og_image":[{"width":450,"height":450,"url":"https:\/\/transferendum.eu\/wp-content\/uploads\/sites\/16\/2024\/07\/12-1.jpg","type":"image\/jpeg"}],"twitter_card":"summary_large_image","twitter_misc":{"Est. reading time":"5 minutes"},"schema":{"@context":"https:\/\/schema.org","@graph":[{"@type":"WebPage","@id":"https:\/\/transferendum.eu\/it\/traduzione-per-il-settore-alimentare-food-and-beverage\/","url":"https:\/\/transferendum.eu\/it\/traduzione-per-il-settore-alimentare-food-and-beverage\/","name":"Traduzione per il settore alimentare (Food and Beverage) - transferendum.eu","isPartOf":{"@id":"https:\/\/transferendum.eu\/it\/#website"},"primaryImageOfPage":{"@id":"https:\/\/transferendum.eu\/it\/traduzione-per-il-settore-alimentare-food-and-beverage\/#primaryimage"},"image":{"@id":"https:\/\/transferendum.eu\/it\/traduzione-per-il-settore-alimentare-food-and-beverage\/#primaryimage"},"thumbnailUrl":"https:\/\/transferendum.eu\/wp-content\/uploads\/sites\/16\/2024\/07\/12-1.jpg","datePublished":"2024-01-26T11:27:41+00:00","dateModified":"2024-03-29T12:08:53+00:00","description":"Traduzione di alta qualit\u00e0 di etichette di prodotti, elenchi di ingredienti, informazioni nutrizionali e materiali di marketing per il settore alimentare.","inLanguage":"it-IT","potentialAction":[{"@type":"ReadAction","target":["https:\/\/transferendum.eu\/it\/traduzione-per-il-settore-alimentare-food-and-beverage\/"]}]},{"@type":"ImageObject","inLanguage":"it-IT","@id":"https:\/\/transferendum.eu\/it\/traduzione-per-il-settore-alimentare-food-and-beverage\/#primaryimage","url":"https:\/\/transferendum.eu\/wp-content\/uploads\/sites\/16\/2024\/07\/12-1.jpg","contentUrl":"https:\/\/transferendum.eu\/wp-content\/uploads\/sites\/16\/2024\/07\/12-1.jpg","width":450,"height":450,"caption":"Food and Beverage Translation"},{"@type":"WebSite","@id":"https:\/\/transferendum.eu\/it\/#website","url":"https:\/\/transferendum.eu\/it\/","name":"transferendum.eu","description":"Transferendum EU","publisher":{"@id":"https:\/\/transferendum.eu\/it\/#organization"},"potentialAction":[{"@type":"SearchAction","target":{"@type":"EntryPoint","urlTemplate":"https:\/\/transferendum.eu\/it\/?s={search_term_string}"},"query-input":{"@type":"PropertyValueSpecification","valueRequired":true,"valueName":"search_term_string"}}],"inLanguage":"it-IT"},{"@type":"Organization","@id":"https:\/\/transferendum.eu\/it\/#organization","name":"Transferendum","url":"https:\/\/transferendum.eu\/it\/","logo":{"@type":"ImageObject","inLanguage":"it-IT","@id":"https:\/\/transferendum.eu\/it\/#\/schema\/logo\/image\/","url":"https:\/\/transferendum.dev.radixweb.net\/transferendum_eu\/wp-content\/uploads\/sites\/16\/2021\/10\/Transferendum_Logo_cropped.jpg","contentUrl":"https:\/\/transferendum.dev.radixweb.net\/transferendum_eu\/wp-content\/uploads\/sites\/16\/2021\/10\/Transferendum_Logo_cropped.jpg","width":1496,"height":356,"caption":"Transferendum"},"image":{"@id":"https:\/\/transferendum.eu\/it\/#\/schema\/logo\/image\/"},"sameAs":["https:\/\/www.instagram.com\/transferendum.eu\/"]}]}},"_links":{"self":[{"href":"https:\/\/transferendum.eu\/it\/wp-json\/wp\/v2\/pages\/6713","targetHints":{"allow":["GET"]}}],"collection":[{"href":"https:\/\/transferendum.eu\/it\/wp-json\/wp\/v2\/pages"}],"about":[{"href":"https:\/\/transferendum.eu\/it\/wp-json\/wp\/v2\/types\/page"}],"author":[{"embeddable":true,"href":"https:\/\/transferendum.eu\/it\/wp-json\/wp\/v2\/users\/133"}],"replies":[{"embeddable":true,"href":"https:\/\/transferendum.eu\/it\/wp-json\/wp\/v2\/comments?post=6713"}],"version-history":[{"count":0,"href":"https:\/\/transferendum.eu\/it\/wp-json\/wp\/v2\/pages\/6713\/revisions"}],"wp:featuredmedia":[{"embeddable":true,"href":"https:\/\/transferendum.eu\/it\/wp-json\/wp\/v2\/media\/12922"}],"wp:attachment":[{"href":"https:\/\/transferendum.eu\/it\/wp-json\/wp\/v2\/media?parent=6713"}],"curies":[{"name":"wp","href":"https:\/\/api.w.org\/{rel}","templated":true}]}}