{"id":5195,"date":"2023-08-30T15:03:22","date_gmt":"2023-08-30T14:03:22","guid":{"rendered":"https:\/\/transferendum.eu\/i-nostri-standard\/"},"modified":"2024-04-03T11:13:37","modified_gmt":"2024-04-03T10:13:37","slug":"i-nostri-standard","status":"publish","type":"page","link":"https:\/\/transferendum.eu\/it\/pie-di-pagina\/i-nostri-standard\/","title":{"rendered":"Certificazioni"},"content":{"rendered":"\t\t<div data-elementor-type=\"wp-page\" data-elementor-id=\"5195\" class=\"elementor elementor-5195 elementor-2259\" data-elementor-post-type=\"page\">\n\t\t\t\t\t\t<section class=\"has_eae_slider elementor-section elementor-top-section elementor-element elementor-element-1105ec1 elementor-section-boxed elementor-section-height-default elementor-section-height-default\" data-eae-slider=\"76784\" data-id=\"1105ec1\" data-element_type=\"section\" data-e-type=\"section\">\n\t\t\t\t\t\t<div class=\"elementor-container elementor-column-gap-default\">\n\t\t\t\t\t<div class=\"has_eae_slider elementor-column elementor-col-100 elementor-top-column elementor-element elementor-element-47cf884\" data-eae-slider=\"58598\" data-id=\"47cf884\" data-element_type=\"column\" data-e-type=\"column\">\n\t\t\t<div class=\"elementor-widget-wrap elementor-element-populated\">\n\t\t\t\t\t\t<section class=\"has_eae_slider elementor-section elementor-inner-section elementor-element elementor-element-df89cd1 elementor-section-boxed elementor-section-height-default elementor-section-height-default\" data-eae-slider=\"68582\" data-id=\"df89cd1\" data-element_type=\"section\" data-e-type=\"section\">\n\t\t\t\t\t\t<div class=\"elementor-container elementor-column-gap-default\">\n\t\t\t\t\t<div class=\"has_eae_slider elementor-column elementor-col-100 elementor-inner-column elementor-element elementor-element-b9384a4\" data-eae-slider=\"98829\" data-id=\"b9384a4\" data-element_type=\"column\" data-e-type=\"column\">\n\t\t\t<div class=\"elementor-widget-wrap elementor-element-populated\">\n\t\t\t\t\t\t<div class=\"elementor-element elementor-element-2d799e0 elementor-widget elementor-widget-heading\" data-id=\"2d799e0\" data-element_type=\"widget\" data-e-type=\"widget\" data-widget_type=\"heading.default\">\n\t\t\t\t<div class=\"elementor-widget-container\">\n\t\t\t\t\t<h1 class=\"elementor-heading-title elementor-size-default\">Certificazioni<\/h1>\t\t\t\t<\/div>\n\t\t\t\t<\/div>\n\t\t\t\t<div class=\"elementor-element elementor-element-f7fcab2 elementor-widget elementor-widget-text-editor\" data-id=\"f7fcab2\" data-element_type=\"widget\" data-e-type=\"widget\" data-widget_type=\"text-editor.default\">\n\t\t\t\t<div class=\"elementor-widget-container\">\n\t\t\t\t\t\t\t\t\t<p><span style=\"font-weight: 400;\">Ci impegniamo a offrire i servizi e la qualit\u00e0 migliori a tutti i nostri clienti.\u00a0<\/span><\/p><p><span style=\"font-weight: 400;\">Siamo in possesso di accreditamenti di qualit\u00e0 conformi alle normative ISO 9001:2015 e ISO 17100:2015, che attestano la qualit\u00e0 del nostro lavoro e dei nostri servizi. Queste normative definiscono lo standard di qualit\u00e0 e accuratezza dei servizi di traduzione,\u00a0 perci\u00f2 possiamo affermare che i nostri servizi sono completamente certificati. Il nostro ultimo processo di accreditamento risale al mese di febbraio 2024.<\/span><\/p><p><span style=\"font-weight: 400;\">Abbiamo ottenuto i certificati di qualit\u00e0 nella traduzione per la prima volta nel 2001 e da allora li abbiamo rinnovati con successo ogni anno. <\/span><span style=\"font-weight: 400;\">Tutto il nostro team \u00e8 impegnato ogni giorno nel garantire gli standard di qualit\u00e0 e miglioramento continuo.\u00a0<\/span><\/p>\t\t\t\t\t\t\t\t<\/div>\n\t\t\t\t<\/div>\n\t\t\t\t\t<\/div>\n\t\t<\/div>\n\t\t\t\t\t<\/div>\n\t\t<\/section>\n\t\t\t\t<section class=\"has_eae_slider elementor-section elementor-inner-section elementor-element elementor-element-6d386c3 elementor-section-boxed elementor-section-height-default elementor-section-height-default\" data-eae-slider=\"59807\" data-id=\"6d386c3\" data-element_type=\"section\" data-e-type=\"section\">\n\t\t\t\t\t\t<div class=\"elementor-container elementor-column-gap-default\">\n\t\t\t\t\t<div class=\"has_eae_slider elementor-column elementor-col-33 elementor-inner-column elementor-element elementor-element-f935e7c\" data-eae-slider=\"26213\" data-id=\"f935e7c\" data-element_type=\"column\" data-e-type=\"column\" iso=\"\">\n\t\t\t<div class=\"elementor-widget-wrap elementor-element-populated\">\n\t\t\t\t\t\t<div class=\"elementor-element elementor-element-28e5621 elementor-widget elementor-widget-heading\" data-id=\"28e5621\" data-element_type=\"widget\" data-e-type=\"widget\" data-widget_type=\"heading.default\">\n\t\t\t\t<div class=\"elementor-widget-container\">\n\t\t\t\t\t<h2 class=\"elementor-heading-title elementor-size-default\">ISO 9001 <\/h2>\t\t\t\t<\/div>\n\t\t\t\t<\/div>\n\t\t\t\t<div class=\"elementor-element elementor-element-50812df elementor-widget elementor-widget-text-editor\" data-id=\"50812df\" data-element_type=\"widget\" data-e-type=\"widget\" data-widget_type=\"text-editor.default\">\n\t\t\t\t<div class=\"elementor-widget-container\">\n\t\t\t\t\t\t\t\t\t<p><span style=\"font-weight: 400;\">La normativa ISO 9001 definisce lo standard riconosciuto a livello internazionale per i Sistemi di Gestione della Qualit\u00e0.<\/span><\/p><p><span style=\"font-weight: 400;\">Si tratta di un insieme di norme e guide associate ai sistemi di gestione e a strumenti specifici come i metodi di controllo, e stabilisce i requisiti che il sistema di qualit\u00e0 di un&#8217;azienda deve rispettare. La normativa ISO 9001:2005 richiede anche processi documentati e il mantenimento di verbali relativi a tale sistema cos\u00ec da consentire il monitoraggio delle procedure di controllo qualit\u00e0.<\/span><\/p>\t\t\t\t\t\t\t\t<\/div>\n\t\t\t\t<\/div>\n\t\t\t\t<div class=\"elementor-element elementor-element-200ebba elementor-widget elementor-widget-image\" data-id=\"200ebba\" data-element_type=\"widget\" data-e-type=\"widget\" data-widget_type=\"image.default\">\n\t\t\t\t<div class=\"elementor-widget-container\">\n\t\t\t\t\t\t\t\t\t\t\t\t\t\t\t\t<a href=\"https:\/\/transferendum.eu\/wp-content\/uploads\/sites\/16\/2024\/03\/9001-2024.png\" data-elementor-open-lightbox=\"yes\" data-elementor-lightbox-title=\"9001-2024\" data-e-action-hash=\"#elementor-action%3Aaction%3Dlightbox%26settings%3DeyJpZCI6NzE1OSwidXJsIjoiaHR0cHM6XC9cL3RyYW5zZmVyZW5kdW0uZXVcL3dwLWNvbnRlbnRcL3VwbG9hZHNcL3NpdGVzXC8xNlwvMjAyNFwvMDNcLzkwMDEtMjAyNC5wbmcifQ%3D%3D\">\n\t\t\t\t\t\t\t<img fetchpriority=\"high\" decoding=\"async\" width=\"207\" height=\"300\" src=\"https:\/\/transferendum.eu\/wp-content\/uploads\/sites\/16\/2024\/03\/9001-2024.png\" class=\"attachment-medium size-medium wp-image-7159\" alt=\"\" \/>\t\t\t\t\t\t\t\t<\/a>\n\t\t\t\t\t\t\t\t\t\t\t\t\t\t\t<\/div>\n\t\t\t\t<\/div>\n\t\t\t\t\t<\/div>\n\t\t<\/div>\n\t\t\t\t<div class=\"has_eae_slider elementor-column elementor-col-33 elementor-inner-column elementor-element elementor-element-0dd138c\" data-eae-slider=\"37491\" data-id=\"0dd138c\" data-element_type=\"column\" data-e-type=\"column\" iso=\"\">\n\t\t\t<div class=\"elementor-widget-wrap elementor-element-populated\">\n\t\t\t\t\t\t<div class=\"elementor-element elementor-element-a921e93 elementor-widget elementor-widget-heading\" data-id=\"a921e93\" data-element_type=\"widget\" data-e-type=\"widget\" data-widget_type=\"heading.default\">\n\t\t\t\t<div class=\"elementor-widget-container\">\n\t\t\t\t\t<h2 class=\"elementor-heading-title elementor-size-default\">ISO 17100 <\/h2>\t\t\t\t<\/div>\n\t\t\t\t<\/div>\n\t\t\t\t<div class=\"elementor-element elementor-element-5fe6fdf elementor-widget elementor-widget-text-editor\" data-id=\"5fe6fdf\" data-element_type=\"widget\" data-e-type=\"widget\" data-widget_type=\"text-editor.default\">\n\t\t\t\t<div class=\"elementor-widget-container\">\n\t\t\t\t\t\t\t\t\t<p>La normativa ISO 17100 \u00e8 uno standard internazionale europeo per il settore della traduzione.<\/p><p>Stabilisce gli standard per le procedure essenziali di traduzione e per tutti gli aspetti ed essa legati, come il controllo qualit\u00e0 e la tracciabilit\u00e0 del servizio.<\/p><p>\u00a0<\/p><p>\u00a0<\/p>\t\t\t\t\t\t\t\t<\/div>\n\t\t\t\t<\/div>\n\t\t\t\t<div class=\"elementor-element elementor-element-d821365 elementor-widget elementor-widget-image\" data-id=\"d821365\" data-element_type=\"widget\" data-e-type=\"widget\" data-widget_type=\"image.default\">\n\t\t\t\t<div class=\"elementor-widget-container\">\n\t\t\t\t\t\t\t\t\t\t\t\t\t\t\t\t<a href=\"https:\/\/transferendum.eu\/wp-content\/uploads\/sites\/16\/2024\/03\/17100-2024.png\" data-elementor-open-lightbox=\"yes\" data-elementor-lightbox-title=\"17100-2024\" data-e-action-hash=\"#elementor-action%3Aaction%3Dlightbox%26settings%3DeyJpZCI6NzE2NCwidXJsIjoiaHR0cHM6XC9cL3RyYW5zZmVyZW5kdW0uZXVcL3dwLWNvbnRlbnRcL3VwbG9hZHNcL3NpdGVzXC8xNlwvMjAyNFwvMDNcLzE3MTAwLTIwMjQucG5nIn0%3D\">\n\t\t\t\t\t\t\t<img decoding=\"async\" width=\"207\" height=\"300\" src=\"https:\/\/transferendum.eu\/wp-content\/uploads\/sites\/16\/2024\/03\/17100-2024.png\" class=\"attachment-medium size-medium wp-image-7164\" alt=\"\" \/>\t\t\t\t\t\t\t\t<\/a>\n\t\t\t\t\t\t\t\t\t\t\t\t\t\t\t<\/div>\n\t\t\t\t<\/div>\n\t\t\t\t\t<\/div>\n\t\t<\/div>\n\t\t\t\t<div class=\"has_eae_slider elementor-column elementor-col-33 elementor-inner-column elementor-element elementor-element-3d07774\" data-eae-slider=\"17076\" data-id=\"3d07774\" data-element_type=\"column\" data-e-type=\"column\" iso=\"\">\n\t\t\t<div class=\"elementor-widget-wrap elementor-element-populated\">\n\t\t\t\t\t\t<div class=\"elementor-element elementor-element-9ed1501 elementor-widget elementor-widget-heading\" data-id=\"9ed1501\" data-element_type=\"widget\" data-e-type=\"widget\" data-widget_type=\"heading.default\">\n\t\t\t\t<div class=\"elementor-widget-container\">\n\t\t\t\t\t<h2 class=\"elementor-heading-title elementor-size-default\">Elia<\/h2>\t\t\t\t<\/div>\n\t\t\t\t<\/div>\n\t\t\t\t<div class=\"elementor-element elementor-element-7a34fbb elementor-widget elementor-widget-text-editor\" data-id=\"7a34fbb\" data-element_type=\"widget\" data-e-type=\"widget\" data-widget_type=\"text-editor.default\">\n\t\t\t\t<div class=\"elementor-widget-container\">\n\t\t\t\t\t\t\t\t\t<p>Siamo anche membri della <i>European Language Industry Association<\/i>, ELIA.\u00a0<\/p><p>Elia \u00e8 l&#8217;associazione commerciale europea no-profit delle societ\u00e0 di servizi linguistici. La sua missione \u00e8 accelerare il successo commerciale dei propri membri. Fondata nel 2005, \u00e8 diventata la principale associazione di categoria nel settore dei servizi linguistici in Europa.<\/p><p>Puoi verificare la nostra adesione <a href=\"https:\/\/elia-association.org\/membership\/our-members\/\">qui<\/a>.<\/p>\t\t\t\t\t\t\t\t<\/div>\n\t\t\t\t<\/div>\n\t\t\t\t<div class=\"elementor-element elementor-element-cfe9e65 elementor-widget elementor-widget-image\" data-id=\"cfe9e65\" data-element_type=\"widget\" data-e-type=\"widget\" data-widget_type=\"image.default\">\n\t\t\t\t<div class=\"elementor-widget-container\">\n\t\t\t\t\t\t\t\t\t\t\t\t\t\t\t\t<a href=\"https:\/\/transferendum.eu\/wp-content\/uploads\/sites\/16\/2024\/03\/Screenshot-2024-03-11-092704.png\" data-elementor-open-lightbox=\"yes\" data-elementor-lightbox-title=\"Screenshot 2024-03-11 092704\" data-e-action-hash=\"#elementor-action%3Aaction%3Dlightbox%26settings%3DeyJpZCI6NzIxMywidXJsIjoiaHR0cHM6XC9cL3RyYW5zZmVyZW5kdW0uZXVcL3dwLWNvbnRlbnRcL3VwbG9hZHNcL3NpdGVzXC8xNlwvMjAyNFwvMDNcL1NjcmVlbnNob3QtMjAyNC0wMy0xMS0wOTI3MDQucG5nIn0%3D\">\n\t\t\t\t\t\t\t<img decoding=\"async\" width=\"300\" height=\"230\" src=\"https:\/\/transferendum.eu\/wp-content\/uploads\/sites\/16\/2024\/03\/Screenshot-2024-03-11-092704.png\" class=\"attachment-medium size-medium wp-image-7213\" alt=\"certifications\" \/>\t\t\t\t\t\t\t\t<\/a>\n\t\t\t\t\t\t\t\t\t\t\t\t\t\t\t<\/div>\n\t\t\t\t<\/div>\n\t\t\t\t\t<\/div>\n\t\t<\/div>\n\t\t\t\t\t<\/div>\n\t\t<\/section>\n\t\t\t\t\t<\/div>\n\t\t<\/div>\n\t\t\t\t\t<\/div>\n\t\t<\/section>\n\t\t\t\t<\/div>\n\t\t","protected":false},"excerpt":{"rendered":"<p>Certificazioni Ci impegniamo a offrire i servizi e la qualit\u00e0 migliori a tutti i nostri clienti.\u00a0 Siamo in possesso di accreditamenti di qualit\u00e0 conformi alle normative ISO 9001:2015 e ISO 17100:2015, che attestano la qualit\u00e0 del nostro lavoro e dei nostri servizi. Queste normative definiscono lo standard di qualit\u00e0 e accuratezza dei servizi di traduzione,\u00a0 [&hellip;]<\/p>\n","protected":false},"author":133,"featured_media":9475,"parent":7476,"menu_order":0,"comment_status":"closed","ping_status":"closed","template":"","meta":{"_acf_changed":false,"footnotes":""},"class_list":["post-5195","page","type-page","status-publish","has-post-thumbnail","hentry"],"acf":[],"yoast_head":"<!-- This site is optimized with the Yoast SEO plugin v27.1 - https:\/\/yoast.com\/product\/yoast-seo-wordpress\/ -->\n<title>Certificazioni - transferendum.eu<\/title>\n<meta name=\"robots\" content=\"index, follow, max-snippet:-1, max-image-preview:large, max-video-preview:-1\" \/>\n<link rel=\"canonical\" href=\"https:\/\/transferendum.eu\/it\/pie-di-pagina\/i-nostri-standard\/\" \/>\n<meta property=\"og:locale\" content=\"it_IT\" \/>\n<meta property=\"og:type\" content=\"article\" \/>\n<meta property=\"og:title\" content=\"Certificazioni - transferendum.eu\" \/>\n<meta property=\"og:description\" content=\"Certificazioni Ci impegniamo a offrire i servizi e la qualit\u00e0 migliori a tutti i nostri clienti.\u00a0 Siamo in possesso di accreditamenti di qualit\u00e0 conformi alle normative ISO 9001:2015 e ISO 17100:2015, che attestano la qualit\u00e0 del nostro lavoro e dei nostri servizi. Queste normative definiscono lo standard di qualit\u00e0 e accuratezza dei servizi di traduzione,\u00a0 [&hellip;]\" \/>\n<meta property=\"og:url\" content=\"https:\/\/transferendum.eu\/it\/pie-di-pagina\/i-nostri-standard\/\" \/>\n<meta property=\"og:site_name\" content=\"transferendum.eu\" \/>\n<meta property=\"article:modified_time\" content=\"2024-04-03T10:13:37+00:00\" \/>\n<meta property=\"og:image\" content=\"https:\/\/transferendum.eu\/wp-content\/uploads\/sites\/16\/2024\/05\/We-are-certified.jpg\" \/>\n\t<meta property=\"og:image:width\" content=\"1024\" \/>\n\t<meta property=\"og:image:height\" content=\"1024\" \/>\n\t<meta property=\"og:image:type\" content=\"image\/jpeg\" \/>\n<meta name=\"twitter:card\" content=\"summary_large_image\" \/>\n<meta name=\"twitter:label1\" content=\"Est. reading time\" \/>\n\t<meta name=\"twitter:data1\" content=\"3 minutes\" \/>\n<script type=\"application\/ld+json\" class=\"yoast-schema-graph\">{\"@context\":\"https:\/\/schema.org\",\"@graph\":[{\"@type\":\"WebPage\",\"@id\":\"https:\/\/transferendum.eu\/it\/pie-di-pagina\/i-nostri-standard\/\",\"url\":\"https:\/\/transferendum.eu\/it\/pie-di-pagina\/i-nostri-standard\/\",\"name\":\"Certificazioni - transferendum.eu\",\"isPartOf\":{\"@id\":\"https:\/\/transferendum.eu\/it\/#website\"},\"primaryImageOfPage\":{\"@id\":\"https:\/\/transferendum.eu\/it\/pie-di-pagina\/i-nostri-standard\/#primaryimage\"},\"image\":{\"@id\":\"https:\/\/transferendum.eu\/it\/pie-di-pagina\/i-nostri-standard\/#primaryimage\"},\"thumbnailUrl\":\"https:\/\/transferendum.eu\/wp-content\/uploads\/sites\/16\/2024\/05\/We-are-certified.jpg\",\"datePublished\":\"2023-08-30T14:03:22+00:00\",\"dateModified\":\"2024-04-03T10:13:37+00:00\",\"breadcrumb\":{\"@id\":\"https:\/\/transferendum.eu\/it\/pie-di-pagina\/i-nostri-standard\/#breadcrumb\"},\"inLanguage\":\"it-IT\",\"potentialAction\":[{\"@type\":\"ReadAction\",\"target\":[\"https:\/\/transferendum.eu\/it\/pie-di-pagina\/i-nostri-standard\/\"]}]},{\"@type\":\"ImageObject\",\"inLanguage\":\"it-IT\",\"@id\":\"https:\/\/transferendum.eu\/it\/pie-di-pagina\/i-nostri-standard\/#primaryimage\",\"url\":\"https:\/\/transferendum.eu\/wp-content\/uploads\/sites\/16\/2024\/05\/We-are-certified.jpg\",\"contentUrl\":\"https:\/\/transferendum.eu\/wp-content\/uploads\/sites\/16\/2024\/05\/We-are-certified.jpg\",\"width\":1024,\"height\":1024,\"caption\":\"Secure processes\"},{\"@type\":\"BreadcrumbList\",\"@id\":\"https:\/\/transferendum.eu\/it\/pie-di-pagina\/i-nostri-standard\/#breadcrumb\",\"itemListElement\":[{\"@type\":\"ListItem\",\"position\":1,\"name\":\"Pi\u00e8 di pagina\",\"item\":\"https:\/\/transferendum.eu\/it\/pie-di-pagina\/\"},{\"@type\":\"ListItem\",\"position\":2,\"name\":\"Certificazioni\"}]},{\"@type\":\"WebSite\",\"@id\":\"https:\/\/transferendum.eu\/it\/#website\",\"url\":\"https:\/\/transferendum.eu\/it\/\",\"name\":\"transferendum.eu\",\"description\":\"Transferendum EU\",\"publisher\":{\"@id\":\"https:\/\/transferendum.eu\/it\/#organization\"},\"potentialAction\":[{\"@type\":\"SearchAction\",\"target\":{\"@type\":\"EntryPoint\",\"urlTemplate\":\"https:\/\/transferendum.eu\/it\/?s={search_term_string}\"},\"query-input\":{\"@type\":\"PropertyValueSpecification\",\"valueRequired\":true,\"valueName\":\"search_term_string\"}}],\"inLanguage\":\"it-IT\"},{\"@type\":\"Organization\",\"@id\":\"https:\/\/transferendum.eu\/it\/#organization\",\"name\":\"Transferendum\",\"url\":\"https:\/\/transferendum.eu\/it\/\",\"logo\":{\"@type\":\"ImageObject\",\"inLanguage\":\"it-IT\",\"@id\":\"https:\/\/transferendum.eu\/it\/#\/schema\/logo\/image\/\",\"url\":\"https:\/\/transferendum.dev.radixweb.net\/transferendum_eu\/wp-content\/uploads\/sites\/16\/2021\/10\/Transferendum_Logo_cropped.jpg\",\"contentUrl\":\"https:\/\/transferendum.dev.radixweb.net\/transferendum_eu\/wp-content\/uploads\/sites\/16\/2021\/10\/Transferendum_Logo_cropped.jpg\",\"width\":1496,\"height\":356,\"caption\":\"Transferendum\"},\"image\":{\"@id\":\"https:\/\/transferendum.eu\/it\/#\/schema\/logo\/image\/\"},\"sameAs\":[\"https:\/\/www.instagram.com\/transferendum.eu\/\"]}]}<\/script>\n<!-- \/ Yoast SEO plugin. -->","yoast_head_json":{"title":"Certificazioni - transferendum.eu","robots":{"index":"index","follow":"follow","max-snippet":"max-snippet:-1","max-image-preview":"max-image-preview:large","max-video-preview":"max-video-preview:-1"},"canonical":"https:\/\/transferendum.eu\/it\/pie-di-pagina\/i-nostri-standard\/","og_locale":"it_IT","og_type":"article","og_title":"Certificazioni - transferendum.eu","og_description":"Certificazioni Ci impegniamo a offrire i servizi e la qualit\u00e0 migliori a tutti i nostri clienti.\u00a0 Siamo in possesso di accreditamenti di qualit\u00e0 conformi alle normative ISO 9001:2015 e ISO 17100:2015, che attestano la qualit\u00e0 del nostro lavoro e dei nostri servizi. Queste normative definiscono lo standard di qualit\u00e0 e accuratezza dei servizi di traduzione,\u00a0 [&hellip;]","og_url":"https:\/\/transferendum.eu\/it\/pie-di-pagina\/i-nostri-standard\/","og_site_name":"transferendum.eu","article_modified_time":"2024-04-03T10:13:37+00:00","og_image":[{"width":1024,"height":1024,"url":"https:\/\/transferendum.eu\/wp-content\/uploads\/sites\/16\/2024\/05\/We-are-certified.jpg","type":"image\/jpeg"}],"twitter_card":"summary_large_image","twitter_misc":{"Est. reading time":"3 minutes"},"schema":{"@context":"https:\/\/schema.org","@graph":[{"@type":"WebPage","@id":"https:\/\/transferendum.eu\/it\/pie-di-pagina\/i-nostri-standard\/","url":"https:\/\/transferendum.eu\/it\/pie-di-pagina\/i-nostri-standard\/","name":"Certificazioni - transferendum.eu","isPartOf":{"@id":"https:\/\/transferendum.eu\/it\/#website"},"primaryImageOfPage":{"@id":"https:\/\/transferendum.eu\/it\/pie-di-pagina\/i-nostri-standard\/#primaryimage"},"image":{"@id":"https:\/\/transferendum.eu\/it\/pie-di-pagina\/i-nostri-standard\/#primaryimage"},"thumbnailUrl":"https:\/\/transferendum.eu\/wp-content\/uploads\/sites\/16\/2024\/05\/We-are-certified.jpg","datePublished":"2023-08-30T14:03:22+00:00","dateModified":"2024-04-03T10:13:37+00:00","breadcrumb":{"@id":"https:\/\/transferendum.eu\/it\/pie-di-pagina\/i-nostri-standard\/#breadcrumb"},"inLanguage":"it-IT","potentialAction":[{"@type":"ReadAction","target":["https:\/\/transferendum.eu\/it\/pie-di-pagina\/i-nostri-standard\/"]}]},{"@type":"ImageObject","inLanguage":"it-IT","@id":"https:\/\/transferendum.eu\/it\/pie-di-pagina\/i-nostri-standard\/#primaryimage","url":"https:\/\/transferendum.eu\/wp-content\/uploads\/sites\/16\/2024\/05\/We-are-certified.jpg","contentUrl":"https:\/\/transferendum.eu\/wp-content\/uploads\/sites\/16\/2024\/05\/We-are-certified.jpg","width":1024,"height":1024,"caption":"Secure processes"},{"@type":"BreadcrumbList","@id":"https:\/\/transferendum.eu\/it\/pie-di-pagina\/i-nostri-standard\/#breadcrumb","itemListElement":[{"@type":"ListItem","position":1,"name":"Pi\u00e8 di pagina","item":"https:\/\/transferendum.eu\/it\/pie-di-pagina\/"},{"@type":"ListItem","position":2,"name":"Certificazioni"}]},{"@type":"WebSite","@id":"https:\/\/transferendum.eu\/it\/#website","url":"https:\/\/transferendum.eu\/it\/","name":"transferendum.eu","description":"Transferendum EU","publisher":{"@id":"https:\/\/transferendum.eu\/it\/#organization"},"potentialAction":[{"@type":"SearchAction","target":{"@type":"EntryPoint","urlTemplate":"https:\/\/transferendum.eu\/it\/?s={search_term_string}"},"query-input":{"@type":"PropertyValueSpecification","valueRequired":true,"valueName":"search_term_string"}}],"inLanguage":"it-IT"},{"@type":"Organization","@id":"https:\/\/transferendum.eu\/it\/#organization","name":"Transferendum","url":"https:\/\/transferendum.eu\/it\/","logo":{"@type":"ImageObject","inLanguage":"it-IT","@id":"https:\/\/transferendum.eu\/it\/#\/schema\/logo\/image\/","url":"https:\/\/transferendum.dev.radixweb.net\/transferendum_eu\/wp-content\/uploads\/sites\/16\/2021\/10\/Transferendum_Logo_cropped.jpg","contentUrl":"https:\/\/transferendum.dev.radixweb.net\/transferendum_eu\/wp-content\/uploads\/sites\/16\/2021\/10\/Transferendum_Logo_cropped.jpg","width":1496,"height":356,"caption":"Transferendum"},"image":{"@id":"https:\/\/transferendum.eu\/it\/#\/schema\/logo\/image\/"},"sameAs":["https:\/\/www.instagram.com\/transferendum.eu\/"]}]}},"_links":{"self":[{"href":"https:\/\/transferendum.eu\/it\/wp-json\/wp\/v2\/pages\/5195","targetHints":{"allow":["GET"]}}],"collection":[{"href":"https:\/\/transferendum.eu\/it\/wp-json\/wp\/v2\/pages"}],"about":[{"href":"https:\/\/transferendum.eu\/it\/wp-json\/wp\/v2\/types\/page"}],"author":[{"embeddable":true,"href":"https:\/\/transferendum.eu\/it\/wp-json\/wp\/v2\/users\/133"}],"replies":[{"embeddable":true,"href":"https:\/\/transferendum.eu\/it\/wp-json\/wp\/v2\/comments?post=5195"}],"version-history":[{"count":0,"href":"https:\/\/transferendum.eu\/it\/wp-json\/wp\/v2\/pages\/5195\/revisions"}],"up":[{"embeddable":true,"href":"https:\/\/transferendum.eu\/it\/wp-json\/wp\/v2\/pages\/7476"}],"wp:featuredmedia":[{"embeddable":true,"href":"https:\/\/transferendum.eu\/it\/wp-json\/wp\/v2\/media\/9475"}],"wp:attachment":[{"href":"https:\/\/transferendum.eu\/it\/wp-json\/wp\/v2\/media?parent=5195"}],"curies":[{"name":"wp","href":"https:\/\/api.w.org\/{rel}","templated":true}]}}