{"id":7150,"date":"2024-02-28T14:05:56","date_gmt":"2024-02-28T14:05:56","guid":{"rendered":"https:\/\/transferendum.eu\/logiciels-et-jeux\/"},"modified":"2024-05-21T15:47:41","modified_gmt":"2024-05-21T14:47:41","slug":"logiciels-et-jeux","status":"publish","type":"page","link":"https:\/\/transferendum.eu\/fr\/logiciels-et-jeux\/","title":{"rendered":"Logiciels et jeux"},"content":{"rendered":"\t\t<div data-elementor-type=\"wp-page\" data-elementor-id=\"7150\" class=\"elementor elementor-7150 elementor-549\" data-elementor-post-type=\"page\">\n\t\t\t\t\t\t<section class=\"has_eae_slider elementor-section elementor-top-section elementor-element elementor-element-6457393 elementor-section-boxed elementor-section-height-default elementor-section-height-default\" data-eae-slider=\"95897\" data-id=\"6457393\" data-element_type=\"section\" data-e-type=\"section\">\n\t\t\t\t\t\t<div class=\"elementor-container elementor-column-gap-default\">\n\t\t\t\t\t<div class=\"has_eae_slider elementor-column elementor-col-100 elementor-top-column elementor-element elementor-element-f8fd401\" data-eae-slider=\"2278\" data-id=\"f8fd401\" data-element_type=\"column\" data-e-type=\"column\">\n\t\t\t<div class=\"elementor-widget-wrap elementor-element-populated\">\n\t\t\t\t\t\t<div class=\"elementor-element elementor-element-b3e04e5 elementor-widget elementor-widget-text-editor\" data-id=\"b3e04e5\" data-element_type=\"widget\" data-e-type=\"widget\" data-widget_type=\"text-editor.default\">\n\t\t\t\t<div class=\"elementor-widget-container\">\n\t\t\t\t\t\t\t\t\t<h1><span style=\"font-weight: 400;\">Software and Gaming\u00a0<\/span><\/h1>\n<h2><span style=\"font-weight: 400;\">For a good User eXperience, speak the right language<\/span><\/h2>\n<p><img fetchpriority=\"high\" decoding=\"async\" class=\"wp-image-1187 alignleft\" src=\"https:\/\/transferendum.eu\/wp-content\/uploads\/sites\/16\/2022\/04\/gamming.jpg\" alt=\"\" width=\"361\" height=\"386\" \/><\/p>\n<p>\u00a0<\/p>\n<p><span style=\"font-weight: 400;\">S<\/span>oftware is only as good as the User Experience it provides. People prefer interacting with software with the language they are most comfortable speaking. In general terms software localisation involves translating and localising all the elements of the software and typically includes, software itself (graphic interface, menus, error messages), online help and the documentation.\u00a0<\/p>\n<p><span style=\"font-weight: 400;\">Your well designed software or app, should provide the same experience for all the users. In the case of translation of software, the coherence of words and general understanding of the navigation process should be focused on the user. Therefore it is important to deliver the message properly for your target audience and this involves not only an accurate translation but a localisation of all the information the user is going to interact with.\u00a0<\/span><\/p>\n<p><span style=\"font-weight: 400;\">Our Software Localisation Services offer a comprehensive approach to help your software click with users in different markets, in a different language. Software localisation is about ensuring accuracy of messages while delivering a \u2018culturally relevant\u2019 interaction with the end-user . Software localisation is not always about text. It can be all manner of multimedia formats; anything that a user will interact with while using your software.<\/span><\/p>\n<h2><span style=\"font-weight: 400;\">We translate and localise your software for:<\/span><\/h2>\n<ul>\n<li style=\"font-weight: 400;\"><span style=\"font-weight: 400;\">Cloud Computing Applications<\/span><\/li>\n<li style=\"font-weight: 400;\"><span style=\"font-weight: 400;\">Gaming<\/span><\/li>\n<li style=\"font-weight: 400;\"><span style=\"font-weight: 400;\">Graphic and Audio-Visual Media<\/span><\/li>\n<li style=\"font-weight: 400;\"><span style=\"font-weight: 400;\">PC and Mobile Apps\u00a0<\/span><\/li>\n<li style=\"font-weight: 400;\"><span style=\"font-weight: 400;\">Educational Materials<\/span><\/li>\n<\/ul>\n<h3><span style=\"font-weight: 400;\">How<\/span><\/h3>\n<p><span style=\"font-weight: 400;\">We will work with your software development team while you build your application. We can provide support in the development process to ensure you achieve your localisation goals efficiently and cost-effectively.<\/span><\/p>\n<p><span style=\"font-weight: 400;\">Our rapid production processes mean we can begin to localise while you continue development even on beta versions. This means that by managing concurrent versions you can get to market faster.\u00a0 This allows for simultaneous multi-market and version testing which helps speed up launch!<\/span><\/p>\n<h3><span style=\"font-weight: 400;\">Our Software Localisation services may include:<\/span><\/h3>\n<ul>\n<li style=\"font-weight: 400;\"><span style=\"font-weight: 400;\">Project analysis and planning<\/span><\/li>\n<li style=\"font-weight: 400;\"><span style=\"font-weight: 400;\">Cultural, technical and linguistic assessment and creation of reference material<\/span><\/li>\n<li style=\"font-weight: 400;\"><span style=\"font-weight: 400;\">Localisation of user interface<\/span><\/li>\n<li style=\"font-weight: 400;\"><span style=\"font-weight: 400;\">Localisation of user manuals and any other print materials<\/span><\/li>\n<li style=\"font-weight: 400;\"><span style=\"font-weight: 400;\">Script translations<\/span><\/li>\n<li style=\"font-weight: 400;\"><span style=\"font-weight: 400;\">Graphics localisation<\/span><\/li>\n<li style=\"font-weight: 400;\"><span style=\"font-weight: 400;\">QA and testing<\/span><\/li>\n<li style=\"font-weight: 400;\"><span style=\"font-weight: 400;\">Project delivery<\/span><\/li>\n<\/ul>\n<p><span style=\"font-weight: 400;\">At Transferendum, we provide translation and localisation in a wide variety of formats and for any genre. We accept files in many formats, for example, source text, string tables, resource files, RESX, libraries, Database exports or HTML\/XML.\u00a0<\/span><\/p>\n<p><span style=\"font-weight: 400;\">We can synchronise with content through our Content Management System and by using the most up to date translation management tools. In this way, we can seamlessly translate and transform the content we\u2019re provided into a format ready for you to include in your builds. We can also translate and localise your User Interface (UI), scripts, manuals, promotional and marketing material, websites, games, apps, blogs, and newsletters.<\/span><\/p>\n<h3><span style=\"font-weight: 400;\">Localisation takes a skilled team<\/span><\/h3>\n<p><span style=\"font-weight: 400;\">Our trained team will accurately interpret content and themes in your software, providing a translation service that will maintain the integrity of your original concept while localising it to your new market.<\/span><\/p>\n<p><span style=\"font-weight: 400;\">The end-user experience will be made better by reflecting cultural nuance and target market understanding into the final translation.\u00a0 Our team is familiar with your unique domains and audience to ensure that the quality product is preserved.<\/span><\/p>\n<p><span style=\"font-weight: 400;\">Our team of technical translators hail from educational disciplines such as Engineering and IT and are well equipped to deal with the unique challenges faced in software translation.<\/span><\/p>\n<p><span style=\"font-weight: 400;\">If video or voice over<\/span><span style=\"font-weight: 400;\"> is an element of your content or media we have solutions for that too.<\/span><\/p>\n<p><span style=\"font-weight: 400;\">Let us find the best and most cost-effective model for your product. Contact <span \n                data-original-string='vUPYEZlOH3dn9Ej9p\/nVeQ==f66JZgYFZjS\/8rP42iGZ1iVgzT09ay\/SmZekCSooRSc4Co='\n                class='apbct-email-encoder'\n                title='This contact has been encoded by Anti-Spam by CleanTalk. Click to decode. To finish the decoding make sure that JavaScript is enabled in your browser.'>So<span class=\"apbct-blur\">*******<\/span>@<span class=\"apbct-blur\">***********<\/span>um.eu<\/span> for more information.<\/span><\/p>\n<h2><span style=\"font-weight: 400;\">Game localisation<\/span><\/h2>\n<p><span style=\"font-weight: 400;\">According to <a href=\"https:\/\/www.statista.com\/outlook\/dmo\/digital-media\/video-games\/worldwide\">statista<\/a> the video game industry is projected to reach US$175,060m in 2022 and the penetration will continue from an expected 33,5% in 2022 to 40,6% in 2026\u00a0<\/span><\/p>\n<p><span style=\"font-weight: 400;\">When you want your games to be available to new audiences it&#8217;s vital that the content is personalised to that audience. That contemplates that the translated content is delivered in a way that your audience can have the same experience as a native speaker.\u00a0<\/span><\/p>\n<p><span style=\"font-weight: 400;\">You also need to consider that names, colours, movements and situations are culturally appropriated for the target market.\u00a0<\/span><\/p>\n<p><span style=\"font-weight: 400;\">In Transferendum we can handle large scale projects and also independent games, offering the same professional service\u00a0<\/span><\/p>\n<p><span style=\"font-weight: 400;\">We can create localised content in more than XX languages including: Chinese, more more.<\/span><\/p>\n<p><span style=\"font-weight: 400;\">We can manage different programming languages \/ file types ,like\u00a0<\/span><\/p>\n<p><span style=\"font-weight: 400;\">We can integrate our processes into the developing stage and work with you as your product develops. This will give you the advantage to offer your product available in multiple languages at once, giving you more reach and generate loyalty among your customers.\u00a0<\/span><\/p>\n<p><a href=\"https:\/\/transferendum.eu\/contact-us\/\">Contact Us<\/a> to be your Language Department<\/p>\n<p><span style=\"font-weight: 400;\">\u00a0<\/span><\/p>\n\t\t\t\t\t\t\t\t<\/div>\n\t\t\t\t<\/div>\n\t\t\t\t\t<\/div>\n\t\t<\/div>\n\t\t\t\t\t<\/div>\n\t\t<\/section>\n\t\t\t\t<section class=\"has_eae_slider elementor-section elementor-top-section elementor-element elementor-element-c05b3f elementor-section-boxed elementor-section-height-default elementor-section-height-default\" data-eae-slider=\"12546\" data-id=\"c05b3f\" data-element_type=\"section\" data-e-type=\"section\">\n\t\t\t\t\t\t<div class=\"elementor-container elementor-column-gap-default\">\n\t\t\t\t\t<div class=\"has_eae_slider elementor-column elementor-col-100 elementor-top-column elementor-element elementor-element-3477c68\" data-eae-slider=\"33702\" data-id=\"3477c68\" data-element_type=\"column\" data-e-type=\"column\">\n\t\t\t<div class=\"elementor-widget-wrap elementor-element-populated\">\n\t\t\t\t\t\t<div class=\"elementor-element elementor-element-6f50ea7c elementor-widget-divider--view-line elementor-widget elementor-widget-divider\" data-id=\"6f50ea7c\" data-element_type=\"widget\" data-e-type=\"widget\" data-widget_type=\"divider.default\">\n\t\t\t\t<div class=\"elementor-widget-container\">\n\t\t\t\t\t\t\t<div class=\"elementor-divider\">\n\t\t\t<span class=\"elementor-divider-separator\">\n\t\t\t\t\t\t<\/span>\n\t\t<\/div>\n\t\t\t\t\t\t<\/div>\n\t\t\t\t<\/div>\n\t\t<div class=\"has_eae_slider elementor-element elementor-element-3588779 e-flex e-con-boxed e-con e-parent\" data-eae-slider=\"28543\" data-id=\"3588779\" data-element_type=\"container\" data-e-type=\"container\">\n\t\t\t\t\t<div class=\"e-con-inner\">\n\t\t\t\t<div class=\"elementor-element elementor-element-a39070e elementor-button-align-stretch elementor-widget elementor-widget-form\" data-id=\"a39070e\" data-element_type=\"widget\" data-e-type=\"widget\" data-settings=\"{&quot;step_next_label&quot;:&quot;Next&quot;,&quot;step_previous_label&quot;:&quot;Previous&quot;,&quot;button_width&quot;:&quot;100&quot;,&quot;step_type&quot;:&quot;number_text&quot;,&quot;step_icon_shape&quot;:&quot;circle&quot;}\" data-widget_type=\"form.default\">\n\t\t\t\t<div class=\"elementor-widget-container\">\n\t\t\t\t\t\t\t<form class=\"elementor-form\" method=\"post\" name=\"Contact Form\">\n\t\t\t<input type=\"hidden\" name=\"post_id\" value=\"7150\"\/>\n\t\t\t<input type=\"hidden\" name=\"form_id\" value=\"a39070e\"\/>\n\t\t\t<input type=\"hidden\" name=\"referer_title\" value=\"transferendum.eu\" \/>\n\n\t\t\t\n\t\t\t<div class=\"elementor-form-fields-wrapper elementor-labels-\">\n\t\t\t\t\t\t\t\t<div class=\"elementor-field-type-html elementor-field-group elementor-column elementor-field-group-Option elementor-col-100\">\n\t\t\t\t\tPlease use this form for translation requests. If you want to work with us,<a href=\"https:\/\/transferendum.eu\/about-us\/work-with-us\/\"_blank\" > click here<\/a>\t\t\t\t<\/div>\n\t\t\t\t\t\t\t\t<div class=\"elementor-field-type-text elementor-field-group elementor-column elementor-field-group-name elementor-col-100 elementor-field-required\">\n\t\t\t\t\t\t\t\t\t\t\t\t<label for=\"form-field-name\" class=\"elementor-field-label elementor-screen-only\">\n\t\t\t\t\t\t\t\tName\t\t\t\t\t\t\t<\/label>\n\t\t\t\t\t\t\t\t\t\t\t\t\t\t<input size=\"1\" type=\"text\" name=\"form_fields[name]\" id=\"form-field-name\" class=\"elementor-field elementor-size-md  elementor-field-textual\" placeholder=\"Name*\" required=\"required\" aria-required=\"true\">\n\t\t\t\t\t\t\t\t\t\t\t<\/div>\n\t\t\t\t\t\t\t\t<div class=\"elementor-field-type-email elementor-field-group elementor-column elementor-field-group-email elementor-col-100 elementor-field-required\">\n\t\t\t\t\t\t\t\t\t\t\t\t<label for=\"form-field-email\" class=\"elementor-field-label elementor-screen-only\">\n\t\t\t\t\t\t\t\tEmail\t\t\t\t\t\t\t<\/label>\n\t\t\t\t\t\t\t\t\t\t\t\t\t\t<input size=\"1\" type=\"email\" name=\"form_fields[email]\" id=\"form-field-email\" class=\"elementor-field elementor-size-md  elementor-field-textual\" placeholder=\"Email*\" required=\"required\" aria-required=\"true\">\n\t\t\t\t\t\t\t\t\t\t\t<\/div>\n\t\t\t\t\t\t\t\t<div class=\"elementor-field-type-tel elementor-field-group elementor-column elementor-field-group-field_7af61c8 elementor-col-100\">\n\t\t\t\t\t\t\t\t\t\t\t\t<label for=\"form-field-field_7af61c8\" class=\"elementor-field-label elementor-screen-only\">\n\t\t\t\t\t\t\t\tPhone\t\t\t\t\t\t\t<\/label>\n\t\t\t\t\t\t\t\t<input size=\"1\" type=\"tel\" name=\"form_fields[field_7af61c8]\" id=\"form-field-field_7af61c8\" class=\"elementor-field elementor-size-md  elementor-field-textual\" placeholder=\"Phone\" pattern=\"[0-9()#&amp;+*-=.]+\" title=\"Only numbers and phone characters (#, -, *, etc) are accepted.\">\n\n\t\t\t\t\t\t<\/div>\n\t\t\t\t\t\t\t\t<div class=\"elementor-field-type-textarea elementor-field-group elementor-column elementor-field-group-field_914b1ae elementor-col-100 elementor-field-required\">\n\t\t\t\t\t\t\t\t\t\t\t\t<label for=\"form-field-field_914b1ae\" class=\"elementor-field-label elementor-screen-only\">\n\t\t\t\t\t\t\t\tMessage\t\t\t\t\t\t\t<\/label>\n\t\t\t\t\t\t<textarea class=\"elementor-field-textual elementor-field  elementor-size-md\" name=\"form_fields[field_914b1ae]\" id=\"form-field-field_914b1ae\" rows=\"3\" placeholder=\"How can we help you?*\" required=\"required\" aria-required=\"true\"><\/textarea>\t\t\t\t<\/div>\n\t\t\t\t\t\t\t\t<div class=\"elementor-field-type-upload elementor-field-group elementor-column elementor-field-group-field_404ee43 elementor-col-100\">\n\t\t\t\t\t\t\t\t\t\t\t\t<label for=\"form-field-field_404ee43\" class=\"elementor-field-label elementor-screen-only\">\n\t\t\t\t\t\t\t\tFile Upload\t\t\t\t\t\t\t<\/label>\n\t\t\t\t\t\t\t\t<input type=\"file\" name=\"form_fields[field_404ee43][]\" id=\"form-field-field_404ee43\" class=\"elementor-field elementor-size-md  elementor-upload-field\" multiple=\"multiple\" data-maxsize=\"10\" data-maxsize-message=\"This file exceeds the maximum allowed size.\">\n\n\t\t\t\t\t\t<\/div>\n\t\t\t\t\t\t\t\t<div class=\"elementor-field-type-html elementor-field-group elementor-column elementor-field-group-privacy_policy elementor-col-100\">\n\t\t\t\t\tSee how  <a href=\"https:\/\/transferendum.eu\/privacy-policy\/\" target=\"_blank\" >we keep your data secure<\/a>\t\t\t\t<\/div>\n\t\t\t\t\t\t\t\t<div class=\"elementor-field-group elementor-column elementor-field-type-submit elementor-col-100 e-form__buttons\">\n\t\t\t\t\t<button type=\"submit\" class=\"elementor-button elementor-size-sm\">\n\t\t\t\t\t\t<span >\n\t\t\t\t\t\t\t\t\t\t\t\t\t\t\t<span class=\" elementor-button-icon\">\n\t\t\t\t\t\t\t\t\t\t\t\t\t\t\t\t\t\t\t\t\t\t\t\t\t\t<\/span>\n\t\t\t\t\t\t\t\t\t\t\t\t\t\t\t\t\t\t\t\t\t\t<span class=\"elementor-button-text\">Get a Free Quote<\/span>\n\t\t\t\t\t\t\t\t\t\t\t\t\t<\/span>\n\t\t\t\t\t<\/button>\n\t\t\t\t<\/div>\n\t\t\t<\/div>\n\t\t<input\n                    class=\"apbct_special_field apbct_email_id__elementor_form\"\n                    name=\"apbct__email_id__elementor_form\"\n                    aria-label=\"apbct__label_id__elementor_form\"\n                    type=\"text\" size=\"30\" maxlength=\"200\" autocomplete=\"off\"\n                    value=\"\"\n                \/><\/form>\n\t\t\t\t\t\t<\/div>\n\t\t\t\t<\/div>\n\t\t\t\t\t<\/div>\n\t\t\t\t<\/div>\n\t\t\t\t\t<\/div>\n\t\t<\/div>\n\t\t\t\t\t<\/div>\n\t\t<\/section>\n\t\t\t\t<\/div>\n\t\t","protected":false},"excerpt":{"rendered":"<p>Software and Gaming\u00a0 For a good User eXperience, speak the right language \u00a0 Software is only as good as the User Experience it provides. People prefer interacting with software with the language they are most comfortable speaking. In general terms software localisation involves translating and localising all the elements of the software and typically includes, [&hellip;]<\/p>\n","protected":false},"author":320,"featured_media":9629,"parent":0,"menu_order":0,"comment_status":"closed","ping_status":"closed","template":"","meta":{"_acf_changed":false,"footnotes":""},"class_list":["post-7150","page","type-page","status-publish","has-post-thumbnail","hentry"],"acf":[],"yoast_head":"<!-- This site is optimized with the Yoast SEO plugin v27.1 - https:\/\/yoast.com\/product\/yoast-seo-wordpress\/ -->\n<title>Logiciels et jeux - transferendum.eu<\/title>\n<meta name=\"description\" content=\"Localisation de haute qualit\u00e9 de logiciels et de jeux vid\u00e9o par des linguistes experts. Contactez-nous d\u00e8s aujourd\u2019hui pour obtenir un devis et \u00e9tendez votre port\u00e9e\u00a0!\" \/>\n<meta name=\"robots\" content=\"index, follow, max-snippet:-1, max-image-preview:large, max-video-preview:-1\" \/>\n<link rel=\"canonical\" href=\"https:\/\/transferendum.eu\/fr\/logiciels-et-jeux\/\" \/>\n<meta property=\"og:locale\" content=\"fr_FR\" \/>\n<meta property=\"og:type\" content=\"article\" \/>\n<meta property=\"og:title\" content=\"Logiciels et jeux - transferendum.eu\" \/>\n<meta property=\"og:description\" content=\"Localisation de haute qualit\u00e9 de logiciels et de jeux vid\u00e9o par des linguistes experts. Contactez-nous d\u00e8s aujourd\u2019hui pour obtenir un devis et \u00e9tendez votre port\u00e9e\u00a0!\" \/>\n<meta property=\"og:url\" content=\"https:\/\/transferendum.eu\/fr\/logiciels-et-jeux\/\" \/>\n<meta property=\"og:site_name\" content=\"transferendum.eu\" \/>\n<meta property=\"article:modified_time\" content=\"2024-05-21T14:47:41+00:00\" \/>\n<meta property=\"og:image\" content=\"https:\/\/transferendum.eu\/wp-content\/uploads\/sites\/16\/2024\/05\/Conten-creation.png\" \/>\n\t<meta property=\"og:image:width\" content=\"1024\" \/>\n\t<meta property=\"og:image:height\" content=\"1024\" \/>\n\t<meta property=\"og:image:type\" content=\"image\/png\" \/>\n<meta name=\"twitter:card\" content=\"summary_large_image\" \/>\n<meta name=\"twitter:label1\" content=\"Est. reading time\" \/>\n\t<meta name=\"twitter:data1\" content=\"5 minutes\" \/>\n<script type=\"application\/ld+json\" class=\"yoast-schema-graph\">{\"@context\":\"https:\/\/schema.org\",\"@graph\":[{\"@type\":\"WebPage\",\"@id\":\"https:\/\/transferendum.eu\/fr\/logiciels-et-jeux\/\",\"url\":\"https:\/\/transferendum.eu\/fr\/logiciels-et-jeux\/\",\"name\":\"Logiciels et jeux - transferendum.eu\",\"isPartOf\":{\"@id\":\"https:\/\/transferendum.eu\/fr\/#website\"},\"primaryImageOfPage\":{\"@id\":\"https:\/\/transferendum.eu\/fr\/logiciels-et-jeux\/#primaryimage\"},\"image\":{\"@id\":\"https:\/\/transferendum.eu\/fr\/logiciels-et-jeux\/#primaryimage\"},\"thumbnailUrl\":\"https:\/\/transferendum.eu\/wp-content\/uploads\/sites\/16\/2024\/05\/Conten-creation.png\",\"datePublished\":\"2024-02-28T14:05:56+00:00\",\"dateModified\":\"2024-05-21T14:47:41+00:00\",\"description\":\"Localisation de haute qualit\u00e9 de logiciels et de jeux vid\u00e9o par des linguistes experts. Contactez-nous d\u00e8s aujourd\u2019hui pour obtenir un devis et \u00e9tendez votre port\u00e9e\u00a0!\",\"inLanguage\":\"fr-FR\",\"potentialAction\":[{\"@type\":\"ReadAction\",\"target\":[\"https:\/\/transferendum.eu\/fr\/logiciels-et-jeux\/\"]}]},{\"@type\":\"ImageObject\",\"inLanguage\":\"fr-FR\",\"@id\":\"https:\/\/transferendum.eu\/fr\/logiciels-et-jeux\/#primaryimage\",\"url\":\"https:\/\/transferendum.eu\/wp-content\/uploads\/sites\/16\/2024\/05\/Conten-creation.png\",\"contentUrl\":\"https:\/\/transferendum.eu\/wp-content\/uploads\/sites\/16\/2024\/05\/Conten-creation.png\",\"width\":1024,\"height\":1024,\"caption\":\"Man sitting working on a computer\"},{\"@type\":\"WebSite\",\"@id\":\"https:\/\/transferendum.eu\/fr\/#website\",\"url\":\"https:\/\/transferendum.eu\/fr\/\",\"name\":\"transferendum.eu\",\"description\":\"Transferendum EU\",\"publisher\":{\"@id\":\"https:\/\/transferendum.eu\/fr\/#organization\"},\"potentialAction\":[{\"@type\":\"SearchAction\",\"target\":{\"@type\":\"EntryPoint\",\"urlTemplate\":\"https:\/\/transferendum.eu\/fr\/?s={search_term_string}\"},\"query-input\":{\"@type\":\"PropertyValueSpecification\",\"valueRequired\":true,\"valueName\":\"search_term_string\"}}],\"inLanguage\":\"fr-FR\"},{\"@type\":\"Organization\",\"@id\":\"https:\/\/transferendum.eu\/fr\/#organization\",\"name\":\"Transferendum\",\"url\":\"https:\/\/transferendum.eu\/fr\/\",\"logo\":{\"@type\":\"ImageObject\",\"inLanguage\":\"fr-FR\",\"@id\":\"https:\/\/transferendum.eu\/fr\/#\/schema\/logo\/image\/\",\"url\":\"https:\/\/transferendum.dev.radixweb.net\/transferendum_eu\/wp-content\/uploads\/sites\/16\/2021\/10\/Transferendum_Logo_cropped.jpg\",\"contentUrl\":\"https:\/\/transferendum.dev.radixweb.net\/transferendum_eu\/wp-content\/uploads\/sites\/16\/2021\/10\/Transferendum_Logo_cropped.jpg\",\"width\":1496,\"height\":356,\"caption\":\"Transferendum\"},\"image\":{\"@id\":\"https:\/\/transferendum.eu\/fr\/#\/schema\/logo\/image\/\"},\"sameAs\":[\"https:\/\/www.instagram.com\/transferendum.eu\/\"]}]}<\/script>\n<!-- \/ Yoast SEO plugin. -->","yoast_head_json":{"title":"Logiciels et jeux - transferendum.eu","description":"Localisation de haute qualit\u00e9 de logiciels et de jeux vid\u00e9o par des linguistes experts. Contactez-nous d\u00e8s aujourd\u2019hui pour obtenir un devis et \u00e9tendez votre port\u00e9e\u00a0!","robots":{"index":"index","follow":"follow","max-snippet":"max-snippet:-1","max-image-preview":"max-image-preview:large","max-video-preview":"max-video-preview:-1"},"canonical":"https:\/\/transferendum.eu\/fr\/logiciels-et-jeux\/","og_locale":"fr_FR","og_type":"article","og_title":"Logiciels et jeux - transferendum.eu","og_description":"Localisation de haute qualit\u00e9 de logiciels et de jeux vid\u00e9o par des linguistes experts. Contactez-nous d\u00e8s aujourd\u2019hui pour obtenir un devis et \u00e9tendez votre port\u00e9e\u00a0!","og_url":"https:\/\/transferendum.eu\/fr\/logiciels-et-jeux\/","og_site_name":"transferendum.eu","article_modified_time":"2024-05-21T14:47:41+00:00","og_image":[{"width":1024,"height":1024,"url":"https:\/\/transferendum.eu\/wp-content\/uploads\/sites\/16\/2024\/05\/Conten-creation.png","type":"image\/png"}],"twitter_card":"summary_large_image","twitter_misc":{"Est. reading time":"5 minutes"},"schema":{"@context":"https:\/\/schema.org","@graph":[{"@type":"WebPage","@id":"https:\/\/transferendum.eu\/fr\/logiciels-et-jeux\/","url":"https:\/\/transferendum.eu\/fr\/logiciels-et-jeux\/","name":"Logiciels et jeux - transferendum.eu","isPartOf":{"@id":"https:\/\/transferendum.eu\/fr\/#website"},"primaryImageOfPage":{"@id":"https:\/\/transferendum.eu\/fr\/logiciels-et-jeux\/#primaryimage"},"image":{"@id":"https:\/\/transferendum.eu\/fr\/logiciels-et-jeux\/#primaryimage"},"thumbnailUrl":"https:\/\/transferendum.eu\/wp-content\/uploads\/sites\/16\/2024\/05\/Conten-creation.png","datePublished":"2024-02-28T14:05:56+00:00","dateModified":"2024-05-21T14:47:41+00:00","description":"Localisation de haute qualit\u00e9 de logiciels et de jeux vid\u00e9o par des linguistes experts. Contactez-nous d\u00e8s aujourd\u2019hui pour obtenir un devis et \u00e9tendez votre port\u00e9e\u00a0!","inLanguage":"fr-FR","potentialAction":[{"@type":"ReadAction","target":["https:\/\/transferendum.eu\/fr\/logiciels-et-jeux\/"]}]},{"@type":"ImageObject","inLanguage":"fr-FR","@id":"https:\/\/transferendum.eu\/fr\/logiciels-et-jeux\/#primaryimage","url":"https:\/\/transferendum.eu\/wp-content\/uploads\/sites\/16\/2024\/05\/Conten-creation.png","contentUrl":"https:\/\/transferendum.eu\/wp-content\/uploads\/sites\/16\/2024\/05\/Conten-creation.png","width":1024,"height":1024,"caption":"Man sitting working on a computer"},{"@type":"WebSite","@id":"https:\/\/transferendum.eu\/fr\/#website","url":"https:\/\/transferendum.eu\/fr\/","name":"transferendum.eu","description":"Transferendum EU","publisher":{"@id":"https:\/\/transferendum.eu\/fr\/#organization"},"potentialAction":[{"@type":"SearchAction","target":{"@type":"EntryPoint","urlTemplate":"https:\/\/transferendum.eu\/fr\/?s={search_term_string}"},"query-input":{"@type":"PropertyValueSpecification","valueRequired":true,"valueName":"search_term_string"}}],"inLanguage":"fr-FR"},{"@type":"Organization","@id":"https:\/\/transferendum.eu\/fr\/#organization","name":"Transferendum","url":"https:\/\/transferendum.eu\/fr\/","logo":{"@type":"ImageObject","inLanguage":"fr-FR","@id":"https:\/\/transferendum.eu\/fr\/#\/schema\/logo\/image\/","url":"https:\/\/transferendum.dev.radixweb.net\/transferendum_eu\/wp-content\/uploads\/sites\/16\/2021\/10\/Transferendum_Logo_cropped.jpg","contentUrl":"https:\/\/transferendum.dev.radixweb.net\/transferendum_eu\/wp-content\/uploads\/sites\/16\/2021\/10\/Transferendum_Logo_cropped.jpg","width":1496,"height":356,"caption":"Transferendum"},"image":{"@id":"https:\/\/transferendum.eu\/fr\/#\/schema\/logo\/image\/"},"sameAs":["https:\/\/www.instagram.com\/transferendum.eu\/"]}]}},"_links":{"self":[{"href":"https:\/\/transferendum.eu\/fr\/wp-json\/wp\/v2\/pages\/7150","targetHints":{"allow":["GET"]}}],"collection":[{"href":"https:\/\/transferendum.eu\/fr\/wp-json\/wp\/v2\/pages"}],"about":[{"href":"https:\/\/transferendum.eu\/fr\/wp-json\/wp\/v2\/types\/page"}],"author":[{"embeddable":true,"href":"https:\/\/transferendum.eu\/fr\/wp-json\/wp\/v2\/users\/320"}],"replies":[{"embeddable":true,"href":"https:\/\/transferendum.eu\/fr\/wp-json\/wp\/v2\/comments?post=7150"}],"version-history":[{"count":0,"href":"https:\/\/transferendum.eu\/fr\/wp-json\/wp\/v2\/pages\/7150\/revisions"}],"wp:featuredmedia":[{"embeddable":true,"href":"https:\/\/transferendum.eu\/fr\/wp-json\/wp\/v2\/media\/9629"}],"wp:attachment":[{"href":"https:\/\/transferendum.eu\/fr\/wp-json\/wp\/v2\/media?parent=7150"}],"curies":[{"name":"wp","href":"https:\/\/api.w.org\/{rel}","templated":true}]}}