{"id":7140,"date":"2024-02-28T14:02:57","date_gmt":"2024-02-28T14:02:57","guid":{"rendered":"https:\/\/transferendum.eu\/immobilier-propriete-a-letranger\/"},"modified":"2024-04-30T12:48:32","modified_gmt":"2024-04-30T11:48:32","slug":"immobilier-propriete-a-letranger","status":"publish","type":"page","link":"https:\/\/transferendum.eu\/fr\/immobilier-propriete-a-letranger\/","title":{"rendered":"Immobilier\/Propri\u00e9t\u00e9 \u00e0 l\u2019\u00e9tranger"},"content":{"rendered":"\t\t<div data-elementor-type=\"wp-page\" data-elementor-id=\"7140\" class=\"elementor elementor-7140 elementor-496\" data-elementor-post-type=\"page\">\n\t\t\t\t\t\t<section class=\"has_eae_slider elementor-section elementor-top-section elementor-element elementor-element-29cf6dd elementor-section-boxed elementor-section-height-default elementor-section-height-default\" data-eae-slider=\"50693\" data-id=\"29cf6dd\" data-element_type=\"section\" data-e-type=\"section\">\n\t\t\t\t\t\t<div class=\"elementor-container elementor-column-gap-default\">\n\t\t\t\t\t<div class=\"has_eae_slider elementor-column elementor-col-100 elementor-top-column elementor-element elementor-element-df8b06f\" data-eae-slider=\"43250\" data-id=\"df8b06f\" data-element_type=\"column\" data-e-type=\"column\">\n\t\t\t<div class=\"elementor-widget-wrap elementor-element-populated\">\n\t\t\t\t\t\t<div class=\"elementor-element elementor-element-1851b9d elementor-widget elementor-widget-text-editor\" data-id=\"1851b9d\" data-element_type=\"widget\" data-e-type=\"widget\" data-widget_type=\"text-editor.default\">\n\t\t\t\t<div class=\"elementor-widget-container\">\n\t\t\t\t\t\t\t\t\t<h1><span style=\"font-weight: 400;\"><img fetchpriority=\"high\" decoding=\"async\" class=\"wp-image-1125 aligncenter\" src=\"https:\/\/transferendum.eu\/wp-content\/uploads\/sites\/16\/2022\/04\/property.jpg\" alt=\"\" width=\"323\" height=\"280\" \/>Immobilier\/Propri\u00e9t\u00e9 \u00e0 l\u2019\u00e9tranger<\/span><\/h1><p><span style=\"font-weight: 400;\">Si vous souhaitez acheter, vendre, louer ou donner en location un bien immobilier \u00e0 l\u2019\u00e9tranger, nous pouvons vous proposer toute une s\u00e9rie de services pour que le processus se d\u00e9roule en douceur, en toute s\u00e9curit\u00e9 et dans le respect des r\u00e9glementations locales.\u00a0<\/span><\/p><p><span style=\"font-weight: 400;\">De plus en plus de personnes investissent dans des biens immobiliers \u00e0 l\u2019\u00e9tranger, et nous voulons vous aider non seulement \u00e0 prot\u00e9ger votre investissement, mais aussi \u00e0 faciliter le processus pour toutes les parties concern\u00e9es.<\/span><\/p><p><span style=\"font-weight: 400;\">Les transactions immobili\u00e8res \u00e0 l\u2019\u00e9tranger peuvent \u00eatre d\u00e9routantes et prendre du temps. C\u2019est encore plus vrai lorsqu\u2019ils sont r\u00e9alis\u00e9s dans une autre langue.<\/span><\/p><p><span style=\"font-weight: 400;\">Chez Transferendum, nous proposons des traductions certifi\u00e9es de documents ainsi que des services d\u2019interpr\u00e9tation afin que vos transactions soient exemptes d\u2019erreurs et de malentendus. Nous mettons \u00e0 votre disposition des traducteurs sp\u00e9cialis\u00e9s dans l\u2019immobilier \u00e0 l\u2019\u00e9tranger, qui traduiront avec pr\u00e9cision tous vos documents, rapidement et efficacement. En ce qui concerne le march\u00e9 immobilier, nous proposons des services tels que\u00a0:<\/span><\/p><ul><li style=\"font-weight: 400;\"><span style=\"font-weight: 400;\">Service d\u2019interpr\u00e9tation et de traduction disponible 24\u00a0heures sur 24.<\/span><\/li><li style=\"font-weight: 400;\"><span style=\"font-weight: 400;\">Des interpr\u00e8tes et traducteurs juridiques exp\u00e9riment\u00e9s et professionnels sont disponibles pour toutes les questions li\u00e9es \u00e0 l\u2019achat de biens immobiliers \u00e0 l\u2019\u00e9tranger.<\/span><\/li><li style=\"font-weight: 400;\"><span style=\"font-weight: 400;\">Des copies traduites et certifi\u00e9es conformes de vos documents juridiques.<\/span><\/li><li style=\"font-weight: 400;\"><span style=\"font-weight: 400;\">Interpr\u00e9tation t\u00e9l\u00e9phonique pour vous aider \u00e0 conclure l\u2019affaire.<\/span><\/li><li style=\"font-weight: 400;\"><span style=\"font-weight: 400;\">Des professionnels de qualit\u00e9 garantie r\u00e9alisent toutes les traductions.<\/span><\/li><\/ul><h2><span style=\"font-weight: 400;\">Pourquoi nous\u00a0?\u00a0\u00a0<\/span><\/h2><p><span style=\"font-weight: 400;\">Le march\u00e9 de l\u2019immobilier est un march\u00e9 tr\u00e8s changeant et volatile. Nos traducteurs exp\u00e9riment\u00e9s ont une grande exp\u00e9rience des processus d\u2019achat\/de location de biens immobiliers et peuvent donc vous guider \u00e0 chaque \u00e9tape du processus.\u00a0<\/span><\/p><p><span style=\"font-weight: 400;\">Les traductions erron\u00e9es r\u00e9alis\u00e9es \u00e0 l\u2019aide d\u2019outils en ligne gratuits sont source de confusion et de confusion. Par exemple, les noms de rues et de villes ne doivent pas \u00eatre traduits, m\u00eame si les mots peuvent avoir une signification dans la langue traduite. Essayer d\u2019\u00e9conomiser de l\u2019argent sur les traductions professionnelles peut conduire \u00e0 des malentendus dans les documents et les contrats qui peuvent co\u00fbter beaucoup plus cher \u00e0 long terme. Nous proposons la traduction et la certification de diff\u00e9rents documents tels que\u00a0:<\/span><\/p><ul><li style=\"font-weight: 400;\"><span style=\"font-weight: 400;\">Contrats immobiliers<\/span><\/li><li style=\"font-weight: 400;\"><span style=\"font-weight: 400;\">Inspections des achats<\/span><\/li><li style=\"font-weight: 400;\"><span style=\"font-weight: 400;\">Documents hypoth\u00e9caires\u00a0<\/span><\/li><li style=\"font-weight: 400;\"><span style=\"font-weight: 400;\">Garanties\u00a0<\/span><\/li><li style=\"font-weight: 400;\"><span style=\"font-weight: 400;\">Documents relatifs aux fonds fiduciaires<\/span><\/li><\/ul><p><span style=\"font-weight: 400;\">Nos traducteurs hautement qualifi\u00e9s ont une exp\u00e9rience du march\u00e9 de l\u2019immobilier et peuvent non seulement fournir une traduction pr\u00e9cise de vos documents, mais aussi interpr\u00e9ter correctement les nuances qui peuvent appara\u00eetre avec certains mots et concepts dans des contextes juridiques\/immobiliers.\u00a0\u00a0<\/span><\/p><p><span style=\"font-weight: 400;\">Nous offrons un service continu et flexible, depuis les n\u00e9gociations jusqu\u2019\u00e0 l\u2019ach\u00e8vement du processus. Notre \u00e9quipe est disponible pour travailler par t\u00e9l\u00e9phone ou en personne afin d\u2019assurer un service coh\u00e9rent et est toujours compos\u00e9e de locuteurs natifs de la langue cible.<\/span><\/p><p><span style=\"font-weight: 400;\"><a href=\"https:\/\/transferendum.eu\/contact-us\/\">Contactez-nous<\/a> d\u00e8s aujourd\u2019hui.<\/span><\/p>\t\t\t\t\t\t\t\t<\/div>\n\t\t\t\t<\/div>\n\t\t\t\t\t<\/div>\n\t\t<\/div>\n\t\t\t\t\t<\/div>\n\t\t<\/section>\n\t\t\t\t<section class=\"has_eae_slider elementor-section elementor-top-section elementor-element elementor-element-38c5d023 elementor-section-boxed elementor-section-height-default elementor-section-height-default\" data-eae-slider=\"90126\" data-id=\"38c5d023\" data-element_type=\"section\" data-e-type=\"section\">\n\t\t\t\t\t\t<div class=\"elementor-container elementor-column-gap-default\">\n\t\t\t\t\t<div class=\"has_eae_slider elementor-column elementor-col-100 elementor-top-column elementor-element elementor-element-3a0a9c65\" data-eae-slider=\"34309\" data-id=\"3a0a9c65\" data-element_type=\"column\" data-e-type=\"column\">\n\t\t\t<div class=\"elementor-widget-wrap elementor-element-populated\">\n\t\t\t\t\t\t<div class=\"elementor-element elementor-element-2e4b8ba5 elementor-widget-divider--view-line elementor-widget elementor-widget-divider\" data-id=\"2e4b8ba5\" data-element_type=\"widget\" data-e-type=\"widget\" data-widget_type=\"divider.default\">\n\t\t\t\t<div class=\"elementor-widget-container\">\n\t\t\t\t\t\t\t<div class=\"elementor-divider\">\n\t\t\t<span class=\"elementor-divider-separator\">\n\t\t\t\t\t\t<\/span>\n\t\t<\/div>\n\t\t\t\t\t\t<\/div>\n\t\t\t\t<\/div>\n\t\t\t\t\t<\/div>\n\t\t<\/div>\n\t\t\t\t\t<\/div>\n\t\t<\/section>\n\t\t\t\t<\/div>\n\t\t","protected":false},"excerpt":{"rendered":"<p>Immobilier\/Propri\u00e9t\u00e9 \u00e0 l\u2019\u00e9tranger Si vous souhaitez acheter, vendre, louer ou donner en location un bien immobilier \u00e0 l\u2019\u00e9tranger, nous pouvons vous proposer toute une s\u00e9rie de services pour que le processus se d\u00e9roule en douceur, en toute s\u00e9curit\u00e9 et dans le respect des r\u00e9glementations locales.\u00a0 De plus en plus de personnes investissent dans des biens [&hellip;]<\/p>\n","protected":false},"author":133,"featured_media":10610,"parent":0,"menu_order":0,"comment_status":"closed","ping_status":"closed","template":"","meta":{"_acf_changed":false,"footnotes":""},"class_list":["post-7140","page","type-page","status-publish","has-post-thumbnail","hentry"],"acf":[],"yoast_head":"<!-- This site is optimized with the Yoast SEO plugin v27.1 - https:\/\/yoast.com\/product\/yoast-seo-wordpress\/ -->\n<title>Immobilier\/Propri\u00e9t\u00e9 \u00e0 l\u2019\u00e9tranger - transferendum.eu<\/title>\n<meta name=\"robots\" content=\"index, follow, max-snippet:-1, max-image-preview:large, max-video-preview:-1\" \/>\n<link rel=\"canonical\" href=\"https:\/\/transferendum.eu\/fr\/immobilier-propriete-a-letranger\/\" \/>\n<meta property=\"og:locale\" content=\"fr_FR\" \/>\n<meta property=\"og:type\" content=\"article\" \/>\n<meta property=\"og:title\" content=\"Immobilier\/Propri\u00e9t\u00e9 \u00e0 l\u2019\u00e9tranger - transferendum.eu\" \/>\n<meta property=\"og:description\" content=\"Immobilier\/Propri\u00e9t\u00e9 \u00e0 l\u2019\u00e9tranger Si vous souhaitez acheter, vendre, louer ou donner en location un bien immobilier \u00e0 l\u2019\u00e9tranger, nous pouvons vous proposer toute une s\u00e9rie de services pour que le processus se d\u00e9roule en douceur, en toute s\u00e9curit\u00e9 et dans le respect des r\u00e9glementations locales.\u00a0 De plus en plus de personnes investissent dans des biens [&hellip;]\" \/>\n<meta property=\"og:url\" content=\"https:\/\/transferendum.eu\/fr\/immobilier-propriete-a-letranger\/\" \/>\n<meta property=\"og:site_name\" content=\"transferendum.eu\" \/>\n<meta property=\"article:modified_time\" content=\"2024-04-30T11:48:32+00:00\" \/>\n<meta property=\"og:image\" content=\"https:\/\/transferendum.eu\/wp-content\/uploads\/sites\/16\/2024\/05\/favicon.png\" \/>\n\t<meta property=\"og:image:width\" content=\"513\" \/>\n\t<meta property=\"og:image:height\" content=\"513\" \/>\n\t<meta property=\"og:image:type\" content=\"image\/png\" \/>\n<meta name=\"twitter:card\" content=\"summary_large_image\" \/>\n<meta name=\"twitter:label1\" content=\"Est. reading time\" \/>\n\t<meta name=\"twitter:data1\" content=\"4 minutes\" \/>\n<script type=\"application\/ld+json\" class=\"yoast-schema-graph\">{\"@context\":\"https:\/\/schema.org\",\"@graph\":[{\"@type\":\"WebPage\",\"@id\":\"https:\/\/transferendum.eu\/fr\/immobilier-propriete-a-letranger\/\",\"url\":\"https:\/\/transferendum.eu\/fr\/immobilier-propriete-a-letranger\/\",\"name\":\"Immobilier\/Propri\u00e9t\u00e9 \u00e0 l\u2019\u00e9tranger - transferendum.eu\",\"isPartOf\":{\"@id\":\"https:\/\/transferendum.eu\/fr\/#website\"},\"primaryImageOfPage\":{\"@id\":\"https:\/\/transferendum.eu\/fr\/immobilier-propriete-a-letranger\/#primaryimage\"},\"image\":{\"@id\":\"https:\/\/transferendum.eu\/fr\/immobilier-propriete-a-letranger\/#primaryimage\"},\"thumbnailUrl\":\"https:\/\/transferendum.eu\/wp-content\/uploads\/sites\/16\/2024\/05\/favicon.png\",\"datePublished\":\"2024-02-28T14:02:57+00:00\",\"dateModified\":\"2024-04-30T11:48:32+00:00\",\"inLanguage\":\"fr-FR\",\"potentialAction\":[{\"@type\":\"ReadAction\",\"target\":[\"https:\/\/transferendum.eu\/fr\/immobilier-propriete-a-letranger\/\"]}]},{\"@type\":\"ImageObject\",\"inLanguage\":\"fr-FR\",\"@id\":\"https:\/\/transferendum.eu\/fr\/immobilier-propriete-a-letranger\/#primaryimage\",\"url\":\"https:\/\/transferendum.eu\/wp-content\/uploads\/sites\/16\/2024\/05\/favicon.png\",\"contentUrl\":\"https:\/\/transferendum.eu\/wp-content\/uploads\/sites\/16\/2024\/05\/favicon.png\",\"width\":513,\"height\":513,\"caption\":\"favicon.png\"},{\"@type\":\"WebSite\",\"@id\":\"https:\/\/transferendum.eu\/fr\/#website\",\"url\":\"https:\/\/transferendum.eu\/fr\/\",\"name\":\"transferendum.eu\",\"description\":\"Transferendum EU\",\"publisher\":{\"@id\":\"https:\/\/transferendum.eu\/fr\/#organization\"},\"potentialAction\":[{\"@type\":\"SearchAction\",\"target\":{\"@type\":\"EntryPoint\",\"urlTemplate\":\"https:\/\/transferendum.eu\/fr\/?s={search_term_string}\"},\"query-input\":{\"@type\":\"PropertyValueSpecification\",\"valueRequired\":true,\"valueName\":\"search_term_string\"}}],\"inLanguage\":\"fr-FR\"},{\"@type\":\"Organization\",\"@id\":\"https:\/\/transferendum.eu\/fr\/#organization\",\"name\":\"Transferendum\",\"url\":\"https:\/\/transferendum.eu\/fr\/\",\"logo\":{\"@type\":\"ImageObject\",\"inLanguage\":\"fr-FR\",\"@id\":\"https:\/\/transferendum.eu\/fr\/#\/schema\/logo\/image\/\",\"url\":\"https:\/\/transferendum.dev.radixweb.net\/transferendum_eu\/wp-content\/uploads\/sites\/16\/2021\/10\/Transferendum_Logo_cropped.jpg\",\"contentUrl\":\"https:\/\/transferendum.dev.radixweb.net\/transferendum_eu\/wp-content\/uploads\/sites\/16\/2021\/10\/Transferendum_Logo_cropped.jpg\",\"width\":1496,\"height\":356,\"caption\":\"Transferendum\"},\"image\":{\"@id\":\"https:\/\/transferendum.eu\/fr\/#\/schema\/logo\/image\/\"},\"sameAs\":[\"https:\/\/www.instagram.com\/transferendum.eu\/\"]}]}<\/script>\n<!-- \/ Yoast SEO plugin. -->","yoast_head_json":{"title":"Immobilier\/Propri\u00e9t\u00e9 \u00e0 l\u2019\u00e9tranger - transferendum.eu","robots":{"index":"index","follow":"follow","max-snippet":"max-snippet:-1","max-image-preview":"max-image-preview:large","max-video-preview":"max-video-preview:-1"},"canonical":"https:\/\/transferendum.eu\/fr\/immobilier-propriete-a-letranger\/","og_locale":"fr_FR","og_type":"article","og_title":"Immobilier\/Propri\u00e9t\u00e9 \u00e0 l\u2019\u00e9tranger - transferendum.eu","og_description":"Immobilier\/Propri\u00e9t\u00e9 \u00e0 l\u2019\u00e9tranger Si vous souhaitez acheter, vendre, louer ou donner en location un bien immobilier \u00e0 l\u2019\u00e9tranger, nous pouvons vous proposer toute une s\u00e9rie de services pour que le processus se d\u00e9roule en douceur, en toute s\u00e9curit\u00e9 et dans le respect des r\u00e9glementations locales.\u00a0 De plus en plus de personnes investissent dans des biens [&hellip;]","og_url":"https:\/\/transferendum.eu\/fr\/immobilier-propriete-a-letranger\/","og_site_name":"transferendum.eu","article_modified_time":"2024-04-30T11:48:32+00:00","og_image":[{"width":513,"height":513,"url":"https:\/\/transferendum.eu\/wp-content\/uploads\/sites\/16\/2024\/05\/favicon.png","type":"image\/png"}],"twitter_card":"summary_large_image","twitter_misc":{"Est. reading time":"4 minutes"},"schema":{"@context":"https:\/\/schema.org","@graph":[{"@type":"WebPage","@id":"https:\/\/transferendum.eu\/fr\/immobilier-propriete-a-letranger\/","url":"https:\/\/transferendum.eu\/fr\/immobilier-propriete-a-letranger\/","name":"Immobilier\/Propri\u00e9t\u00e9 \u00e0 l\u2019\u00e9tranger - transferendum.eu","isPartOf":{"@id":"https:\/\/transferendum.eu\/fr\/#website"},"primaryImageOfPage":{"@id":"https:\/\/transferendum.eu\/fr\/immobilier-propriete-a-letranger\/#primaryimage"},"image":{"@id":"https:\/\/transferendum.eu\/fr\/immobilier-propriete-a-letranger\/#primaryimage"},"thumbnailUrl":"https:\/\/transferendum.eu\/wp-content\/uploads\/sites\/16\/2024\/05\/favicon.png","datePublished":"2024-02-28T14:02:57+00:00","dateModified":"2024-04-30T11:48:32+00:00","inLanguage":"fr-FR","potentialAction":[{"@type":"ReadAction","target":["https:\/\/transferendum.eu\/fr\/immobilier-propriete-a-letranger\/"]}]},{"@type":"ImageObject","inLanguage":"fr-FR","@id":"https:\/\/transferendum.eu\/fr\/immobilier-propriete-a-letranger\/#primaryimage","url":"https:\/\/transferendum.eu\/wp-content\/uploads\/sites\/16\/2024\/05\/favicon.png","contentUrl":"https:\/\/transferendum.eu\/wp-content\/uploads\/sites\/16\/2024\/05\/favicon.png","width":513,"height":513,"caption":"favicon.png"},{"@type":"WebSite","@id":"https:\/\/transferendum.eu\/fr\/#website","url":"https:\/\/transferendum.eu\/fr\/","name":"transferendum.eu","description":"Transferendum EU","publisher":{"@id":"https:\/\/transferendum.eu\/fr\/#organization"},"potentialAction":[{"@type":"SearchAction","target":{"@type":"EntryPoint","urlTemplate":"https:\/\/transferendum.eu\/fr\/?s={search_term_string}"},"query-input":{"@type":"PropertyValueSpecification","valueRequired":true,"valueName":"search_term_string"}}],"inLanguage":"fr-FR"},{"@type":"Organization","@id":"https:\/\/transferendum.eu\/fr\/#organization","name":"Transferendum","url":"https:\/\/transferendum.eu\/fr\/","logo":{"@type":"ImageObject","inLanguage":"fr-FR","@id":"https:\/\/transferendum.eu\/fr\/#\/schema\/logo\/image\/","url":"https:\/\/transferendum.dev.radixweb.net\/transferendum_eu\/wp-content\/uploads\/sites\/16\/2021\/10\/Transferendum_Logo_cropped.jpg","contentUrl":"https:\/\/transferendum.dev.radixweb.net\/transferendum_eu\/wp-content\/uploads\/sites\/16\/2021\/10\/Transferendum_Logo_cropped.jpg","width":1496,"height":356,"caption":"Transferendum"},"image":{"@id":"https:\/\/transferendum.eu\/fr\/#\/schema\/logo\/image\/"},"sameAs":["https:\/\/www.instagram.com\/transferendum.eu\/"]}]}},"_links":{"self":[{"href":"https:\/\/transferendum.eu\/fr\/wp-json\/wp\/v2\/pages\/7140","targetHints":{"allow":["GET"]}}],"collection":[{"href":"https:\/\/transferendum.eu\/fr\/wp-json\/wp\/v2\/pages"}],"about":[{"href":"https:\/\/transferendum.eu\/fr\/wp-json\/wp\/v2\/types\/page"}],"author":[{"embeddable":true,"href":"https:\/\/transferendum.eu\/fr\/wp-json\/wp\/v2\/users\/133"}],"replies":[{"embeddable":true,"href":"https:\/\/transferendum.eu\/fr\/wp-json\/wp\/v2\/comments?post=7140"}],"version-history":[{"count":0,"href":"https:\/\/transferendum.eu\/fr\/wp-json\/wp\/v2\/pages\/7140\/revisions"}],"wp:featuredmedia":[{"embeddable":true,"href":"https:\/\/transferendum.eu\/fr\/wp-json\/wp\/v2\/media\/10610"}],"wp:attachment":[{"href":"https:\/\/transferendum.eu\/fr\/wp-json\/wp\/v2\/media?parent=7140"}],"curies":[{"name":"wp","href":"https:\/\/api.w.org\/{rel}","templated":true}]}}