{"id":7138,"date":"2024-02-28T14:02:21","date_gmt":"2024-02-28T14:02:21","guid":{"rendered":"https:\/\/transferendum.eu\/comment-pouvons-nous-vous-aider\/"},"modified":"2024-04-30T12:46:07","modified_gmt":"2024-04-30T11:46:07","slug":"comment-pouvons-nous-vous-aider","status":"publish","type":"page","link":"https:\/\/transferendum.eu\/fr\/comment-pouvons-nous-vous-aider\/","title":{"rendered":"Comment pouvons-nous vous aider\u00a0?"},"content":{"rendered":"\t\t<div data-elementor-type=\"wp-page\" data-elementor-id=\"7138\" class=\"elementor elementor-7138 elementor-774\" data-elementor-post-type=\"page\">\n\t\t\t\t\t\t<section class=\"has_eae_slider elementor-section elementor-top-section elementor-element elementor-element-b39065f elementor-section-height-min-height elementor-section-items-top elementor-section-content-top elementor-section-boxed elementor-section-height-default\" data-eae-slider=\"60450\" data-id=\"b39065f\" data-element_type=\"section\" data-e-type=\"section\">\n\t\t\t\t\t\t<div class=\"elementor-container elementor-column-gap-default\">\n\t\t\t\t\t<div class=\"has_eae_slider elementor-column elementor-col-100 elementor-top-column elementor-element elementor-element-9586db2\" data-eae-slider=\"87476\" data-id=\"9586db2\" data-element_type=\"column\" data-e-type=\"column\">\n\t\t\t<div class=\"elementor-widget-wrap elementor-element-populated\">\n\t\t\t\t\t\t<div class=\"elementor-element elementor-element-71bfbaa elementor-widget elementor-widget-text-editor\" data-id=\"71bfbaa\" data-element_type=\"widget\" data-e-type=\"widget\" data-widget_type=\"text-editor.default\">\n\t\t\t\t<div class=\"elementor-widget-container\">\n\t\t\t\t\t\t\t\t\t<h1><span style=\"font-weight: 400;\">Comment pouvons-nous vous aider\u00a0?<\/span><\/h1><p><span style=\"font-weight: 400;\">Depuis le d\u00e9but du si\u00e8cle, <\/span><span style=\"color: var( --e-global-color-text ); font-family: var( --e-global-typography-text-font-family ), Sans-serif; font-weight: var( --e-global-typography-text-font-weight ); font-size: 1rem;\">le march\u00e9 mondial est devenu de plus en plus accessible \u00e0 tous, des PME aux multinationales. Cette n<\/span><span style=\"color: var( --e-global-color-text ); font-family: var( --e-global-typography-text-font-family ), Sans-serif; font-size: 1rem;\">ondialisation a accru le besoin de communiquer les uns avec les autres d\u2019une mani\u00e8re \u00e0 la fois significative et efficace. C<\/span><span style=\"color: var( --e-global-color-text ); font-family: var( --e-global-typography-text-font-family ), Sans-serif; font-size: 1rem;\">e d\u00e9fi consiste \u00e9galement \u00e0 g\u00e9rer les aspects techniques et la localisation des concepts\u00a0: non seulement pour transmettre le bon message, mais aussi pour permettre aux personnes concern\u00e9es de rester en harmonie.<\/span><\/p><p><span style=\"color: var( --e-global-color-text ); font-family: var( --e-global-typography-text-font-family ), Sans-serif; font-weight: var( --e-global-typography-text-font-weight ); font-size: 1rem;\">Heureusement, nos 20\u00a0ans d\u2019exp\u00e9rience dans la fourniture de solutions linguistiques sur mesure \u00e0 nos clients font de nous les personnes id\u00e9ales pour ce travail.\u00a0<\/span><span style=\"font-weight: 400;\">Nous pouvons travailler avec vous pour trouver les meilleures solutions <\/span><span style=\"color: var( --e-global-color-text ); font-family: var( --e-global-typography-text-font-family ), Sans-serif; font-size: 1rem;\">adapt\u00e9es \u00e0 votre secteur d\u2019activit\u00e9 <\/span><span style=\"color: var( --e-global-color-text ); font-family: var( --e-global-typography-text-font-family ), Sans-serif; font-weight: var( --e-global-typography-text-font-weight ); font-size: 1rem;\">et pour d\u00e9velopper vos activit\u00e9s avec succ\u00e8s. Vous pouvez nous faire confiance pour g\u00e9rer vos projets linguistiques, quelle que soit leur taille.<\/span><\/p><p>Nous sommes toujours heureux d\u2019accueillir de nouveaux clients, qu\u2019il s\u2019agisse d\u2019une demande ponctuelle ou d\u2019une coop\u00e9ration \u00e0 long terme \u00e0 part enti\u00e8re.\u00a0<\/p>\t\t\t\t\t\t\t\t<\/div>\n\t\t\t\t<\/div>\n\t\t\t\t<section class=\"has_eae_slider elementor-section elementor-inner-section elementor-element elementor-element-c473757 elementor-section-boxed elementor-section-height-default elementor-section-height-default\" data-eae-slider=\"17825\" data-id=\"c473757\" data-element_type=\"section\" data-e-type=\"section\">\n\t\t\t\t\t\t<div class=\"elementor-container elementor-column-gap-default\">\n\t\t\t\t\t<div class=\"has_eae_slider elementor-column elementor-col-50 elementor-inner-column elementor-element elementor-element-0a32cca\" data-eae-slider=\"61924\" data-id=\"0a32cca\" data-element_type=\"column\" data-e-type=\"column\">\n\t\t\t<div class=\"elementor-widget-wrap elementor-element-populated\">\n\t\t\t\t\t\t<div class=\"elementor-element elementor-element-84d0370 elementor-widget elementor-widget-heading\" data-id=\"84d0370\" data-element_type=\"widget\" data-e-type=\"widget\" data-widget_type=\"heading.default\">\n\t\t\t\t<div class=\"elementor-widget-container\">\n\t\t\t\t\t<h3 class=\"elementor-heading-title elementor-size-default\">Nos solutions de traduction<\/h3>\t\t\t\t<\/div>\n\t\t\t\t<\/div>\n\t\t\t\t<div class=\"elementor-element elementor-element-f8702f9 elementor-widget elementor-widget-toggle\" data-id=\"f8702f9\" data-element_type=\"widget\" data-e-type=\"widget\" data-widget_type=\"toggle.default\">\n\t\t\t\t<div class=\"elementor-widget-container\">\n\t\t\t\t\t\t\t<div class=\"elementor-toggle\">\n\t\t\t\t\t\t\t<div class=\"elementor-toggle-item\">\n\t\t\t\t\t<div id=\"elementor-tab-title-2601\" class=\"elementor-tab-title\" data-tab=\"1\" role=\"button\" aria-controls=\"elementor-tab-content-2601\" aria-expanded=\"false\">\n\t\t\t\t\t\t\t\t\t\t\t\t<span class=\"elementor-toggle-icon elementor-toggle-icon-left\" aria-hidden=\"true\">\n\t\t\t\t\t\t\t\t\t\t\t\t\t\t\t<span class=\"elementor-toggle-icon-closed\"><i class=\"fas fa-angle-double-down\"><\/i><\/span>\n\t\t\t\t\t\t\t\t<span class=\"elementor-toggle-icon-opened\"><i class=\"elementor-toggle-icon-opened fas fa-chevron-up\"><\/i><\/span>\n\t\t\t\t\t\t\t\t\t\t\t\t\t<\/span>\n\t\t\t\t\t\t\t\t\t\t\t\t<a class=\"elementor-toggle-title\" tabindex=\"0\">Traduction neuronale (TAN)<\/a>\n\t\t\t\t\t<\/div>\n\n\t\t\t\t\t<div id=\"elementor-tab-content-2601\" class=\"elementor-tab-content elementor-clearfix\" data-tab=\"1\" role=\"region\" aria-labelledby=\"elementor-tab-title-2601\"><p>Parfois, il suffit de savoir de quoi parle un document. C\u2019est l\u00e0 que notre traduction neuronale brille vraiment\u00a0: lorsqu\u2019elle est utilis\u00e9e en conjonction avec un linguiste expert pour r\u00e9viser la sortie neuronale, nous pouvons garantir qu\u2019il n\u2019y a pas de perte d\u2019informations dans la traduction.<\/p><\/div>\n\t\t\t\t<\/div>\n\t\t\t\t\t\t\t<div class=\"elementor-toggle-item\">\n\t\t\t\t\t<div id=\"elementor-tab-title-2602\" class=\"elementor-tab-title\" data-tab=\"2\" role=\"button\" aria-controls=\"elementor-tab-content-2602\" aria-expanded=\"false\">\n\t\t\t\t\t\t\t\t\t\t\t\t<span class=\"elementor-toggle-icon elementor-toggle-icon-left\" aria-hidden=\"true\">\n\t\t\t\t\t\t\t\t\t\t\t\t\t\t\t<span class=\"elementor-toggle-icon-closed\"><i class=\"fas fa-angle-double-down\"><\/i><\/span>\n\t\t\t\t\t\t\t\t<span class=\"elementor-toggle-icon-opened\"><i class=\"elementor-toggle-icon-opened fas fa-chevron-up\"><\/i><\/span>\n\t\t\t\t\t\t\t\t\t\t\t\t\t<\/span>\n\t\t\t\t\t\t\t\t\t\t\t\t<a class=\"elementor-toggle-title\" tabindex=\"0\">Traduction standard<\/a>\n\t\t\t\t\t<\/div>\n\n\t\t\t\t\t<div id=\"elementor-tab-content-2602\" class=\"elementor-tab-content elementor-clearfix\" data-tab=\"2\" role=\"region\" aria-labelledby=\"elementor-tab-title-2602\"><p>Pour les moments o\u00f9 vous avez besoin d\u2019une touche humaine. Nos traducteurs experts traduiront eux-m\u00eames le document, aid\u00e9s par notre syst\u00e8me de gestion des traductions et notre m\u00e9moire de traduction.<\/p><\/div>\n\t\t\t\t<\/div>\n\t\t\t\t\t\t\t<div class=\"elementor-toggle-item\">\n\t\t\t\t\t<div id=\"elementor-tab-title-2603\" class=\"elementor-tab-title\" data-tab=\"3\" role=\"button\" aria-controls=\"elementor-tab-content-2603\" aria-expanded=\"false\">\n\t\t\t\t\t\t\t\t\t\t\t\t<span class=\"elementor-toggle-icon elementor-toggle-icon-left\" aria-hidden=\"true\">\n\t\t\t\t\t\t\t\t\t\t\t\t\t\t\t<span class=\"elementor-toggle-icon-closed\"><i class=\"fas fa-angle-double-down\"><\/i><\/span>\n\t\t\t\t\t\t\t\t<span class=\"elementor-toggle-icon-opened\"><i class=\"elementor-toggle-icon-opened fas fa-chevron-up\"><\/i><\/span>\n\t\t\t\t\t\t\t\t\t\t\t\t\t<\/span>\n\t\t\t\t\t\t\t\t\t\t\t\t<a class=\"elementor-toggle-title\" tabindex=\"0\">Examen de la qualit\u00e9<\/a>\n\t\t\t\t\t<\/div>\n\n\t\t\t\t\t<div id=\"elementor-tab-content-2603\" class=\"elementor-tab-content elementor-clearfix\" data-tab=\"3\" role=\"region\" aria-labelledby=\"elementor-tab-title-2603\"><p>Si vous avez d\u00e9j\u00e0 des documents traduits, nous sommes disponibles et heureux de vous aider \u00e0 les examiner. Nous disposons d\u2019une vaste base de donn\u00e9es de linguistes experts dans de nombreux secteurs d\u2019activit\u00e9 et pouvons faciliter les r\u00e9visions de contenu monolingues ou bilingues.<\/p><\/div>\n\t\t\t\t<\/div>\n\t\t\t\t\t\t\t<div class=\"elementor-toggle-item\">\n\t\t\t\t\t<div id=\"elementor-tab-title-2604\" class=\"elementor-tab-title\" data-tab=\"4\" role=\"button\" aria-controls=\"elementor-tab-content-2604\" aria-expanded=\"false\">\n\t\t\t\t\t\t\t\t\t\t\t\t<span class=\"elementor-toggle-icon elementor-toggle-icon-left\" aria-hidden=\"true\">\n\t\t\t\t\t\t\t\t\t\t\t\t\t\t\t<span class=\"elementor-toggle-icon-closed\"><i class=\"fas fa-angle-double-down\"><\/i><\/span>\n\t\t\t\t\t\t\t\t<span class=\"elementor-toggle-icon-opened\"><i class=\"elementor-toggle-icon-opened fas fa-chevron-up\"><\/i><\/span>\n\t\t\t\t\t\t\t\t\t\t\t\t\t<\/span>\n\t\t\t\t\t\t\t\t\t\t\t\t<a class=\"elementor-toggle-title\" tabindex=\"0\">Traduction juridique<\/a>\n\t\t\t\t\t<\/div>\n\n\t\t\t\t\t<div id=\"elementor-tab-content-2604\" class=\"elementor-tab-content elementor-clearfix\" data-tab=\"4\" role=\"region\" aria-labelledby=\"elementor-tab-title-2604\"><p>Pour les documents officiels et pour toute utilisation dans un cadre juridique, nous sommes \u00e9galement en mesure d\u2019assurer la certification des traductions, en garantissant qu\u2019elles sont conformes \u00e0 l\u2019original.<\/p><\/div>\n\t\t\t\t<\/div>\n\t\t\t\t\t\t\t\t<\/div>\n\t\t\t\t\t\t<\/div>\n\t\t\t\t<\/div>\n\t\t\t\t\t<\/div>\n\t\t<\/div>\n\t\t\t\t<div class=\"has_eae_slider elementor-column elementor-col-50 elementor-inner-column elementor-element elementor-element-dbc227d\" data-eae-slider=\"8997\" data-id=\"dbc227d\" data-element_type=\"column\" data-e-type=\"column\">\n\t\t\t<div class=\"elementor-widget-wrap elementor-element-populated\">\n\t\t\t\t\t\t<div class=\"elementor-element elementor-element-92d0d9d elementor-widget__width-auto elementor-widget elementor-widget-image\" data-id=\"92d0d9d\" data-element_type=\"widget\" data-e-type=\"widget\" data-widget_type=\"image.default\">\n\t\t\t\t<div class=\"elementor-widget-container\">\n\t\t\t\t\t\t\t\t\t\t\t\t\t\t\t<img fetchpriority=\"high\" decoding=\"async\" width=\"768\" height=\"546\" src=\"https:\/\/transferendum.eu\/wp-content\/uploads\/sites\/16\/2022\/08\/team-work-line-1.jpg\" class=\"attachment-medium_large size-medium_large wp-image-3857\" alt=\"\" \/>\t\t\t\t\t\t\t\t\t\t\t\t\t\t\t<\/div>\n\t\t\t\t<\/div>\n\t\t\t\t\t<\/div>\n\t\t<\/div>\n\t\t\t\t\t<\/div>\n\t\t<\/section>\n\t\t\t\t\t<\/div>\n\t\t<\/div>\n\t\t\t\t\t<\/div>\n\t\t<\/section>\n\t\t\t\t<section class=\"has_eae_slider elementor-section elementor-top-section elementor-element elementor-element-8e9a941 elementor-section-boxed elementor-section-height-default elementor-section-height-default\" data-eae-slider=\"53229\" data-id=\"8e9a941\" data-element_type=\"section\" data-e-type=\"section\">\n\t\t\t\t\t\t<div class=\"elementor-container elementor-column-gap-default\">\n\t\t\t\t\t<div class=\"has_eae_slider elementor-column elementor-col-100 elementor-top-column elementor-element elementor-element-d4b4ff8\" data-eae-slider=\"41598\" data-id=\"d4b4ff8\" data-element_type=\"column\" data-e-type=\"column\">\n\t\t\t<div class=\"elementor-widget-wrap elementor-element-populated\">\n\t\t\t\t\t\t<div class=\"elementor-element elementor-element-c7edbf3 elementor-widget-divider--view-line elementor-widget elementor-widget-divider\" data-id=\"c7edbf3\" data-element_type=\"widget\" data-e-type=\"widget\" data-widget_type=\"divider.default\">\n\t\t\t\t<div class=\"elementor-widget-container\">\n\t\t\t\t\t\t\t<div class=\"elementor-divider\">\n\t\t\t<span class=\"elementor-divider-separator\">\n\t\t\t\t\t\t<\/span>\n\t\t<\/div>\n\t\t\t\t\t\t<\/div>\n\t\t\t\t<\/div>\n\t\t\t\t\t<\/div>\n\t\t<\/div>\n\t\t\t\t\t<\/div>\n\t\t<\/section>\n\t\t\t\t<\/div>\n\t\t","protected":false},"excerpt":{"rendered":"<p>Comment pouvons-nous vous aider\u00a0? Depuis le d\u00e9but du si\u00e8cle, le march\u00e9 mondial est devenu de plus en plus accessible \u00e0 tous, des PME aux multinationales. Cette nondialisation a accru le besoin de communiquer les uns avec les autres d\u2019une mani\u00e8re \u00e0 la fois significative et efficace. Ce d\u00e9fi consiste \u00e9galement \u00e0 g\u00e9rer les aspects techniques [&hellip;]<\/p>\n","protected":false},"author":320,"featured_media":12822,"parent":0,"menu_order":0,"comment_status":"closed","ping_status":"closed","template":"","meta":{"_acf_changed":false,"footnotes":""},"class_list":["post-7138","page","type-page","status-publish","has-post-thumbnail","hentry"],"acf":[],"yoast_head":"<!-- This site is optimized with the Yoast SEO plugin v27.1 - https:\/\/yoast.com\/product\/yoast-seo-wordpress\/ -->\n<title>Comment pouvons-nous vous aider\u00a0? - transferendum.eu<\/title>\n<meta name=\"description\" content=\"Nos 20\u00a0ans d\u2019exp\u00e9rience dans la fourniture de solutions de traduction sur mesure \u00e0 nos clients font de nous les personnes id\u00e9ales pour r\u00e9pondre \u00e0 tous vos besoins linguistiques.\" \/>\n<meta name=\"robots\" content=\"index, follow, max-snippet:-1, max-image-preview:large, max-video-preview:-1\" \/>\n<link rel=\"canonical\" href=\"https:\/\/transferendum.eu\/fr\/comment-pouvons-nous-vous-aider\/\" \/>\n<meta property=\"og:locale\" content=\"fr_FR\" \/>\n<meta property=\"og:type\" content=\"article\" \/>\n<meta property=\"og:title\" content=\"Comment pouvons-nous vous aider\u00a0? - transferendum.eu\" \/>\n<meta property=\"og:description\" content=\"Nos 20\u00a0ans d\u2019exp\u00e9rience dans la fourniture de solutions de traduction sur mesure \u00e0 nos clients font de nous les personnes id\u00e9ales pour r\u00e9pondre \u00e0 tous vos besoins linguistiques.\" \/>\n<meta property=\"og:url\" content=\"https:\/\/transferendum.eu\/fr\/comment-pouvons-nous-vous-aider\/\" \/>\n<meta property=\"og:site_name\" content=\"transferendum.eu\" \/>\n<meta property=\"article:modified_time\" content=\"2024-04-30T11:46:07+00:00\" \/>\n<meta property=\"og:image\" content=\"https:\/\/transferendum.eu\/wp-content\/uploads\/sites\/16\/2024\/07\/3-3.jpg\" \/>\n\t<meta property=\"og:image:width\" content=\"450\" \/>\n\t<meta property=\"og:image:height\" content=\"450\" \/>\n\t<meta property=\"og:image:type\" content=\"image\/jpeg\" \/>\n<meta name=\"twitter:card\" content=\"summary_large_image\" \/>\n<meta name=\"twitter:label1\" content=\"Est. reading time\" \/>\n\t<meta name=\"twitter:data1\" content=\"3 minutes\" \/>\n<script type=\"application\/ld+json\" class=\"yoast-schema-graph\">{\"@context\":\"https:\/\/schema.org\",\"@graph\":[{\"@type\":\"WebPage\",\"@id\":\"https:\/\/transferendum.eu\/fr\/comment-pouvons-nous-vous-aider\/\",\"url\":\"https:\/\/transferendum.eu\/fr\/comment-pouvons-nous-vous-aider\/\",\"name\":\"Comment pouvons-nous vous aider\u00a0? - transferendum.eu\",\"isPartOf\":{\"@id\":\"https:\/\/transferendum.eu\/fr\/#website\"},\"primaryImageOfPage\":{\"@id\":\"https:\/\/transferendum.eu\/fr\/comment-pouvons-nous-vous-aider\/#primaryimage\"},\"image\":{\"@id\":\"https:\/\/transferendum.eu\/fr\/comment-pouvons-nous-vous-aider\/#primaryimage\"},\"thumbnailUrl\":\"https:\/\/transferendum.eu\/wp-content\/uploads\/sites\/16\/2024\/07\/3-3.jpg\",\"datePublished\":\"2024-02-28T14:02:21+00:00\",\"dateModified\":\"2024-04-30T11:46:07+00:00\",\"description\":\"Nos 20\u00a0ans d\u2019exp\u00e9rience dans la fourniture de solutions de traduction sur mesure \u00e0 nos clients font de nous les personnes id\u00e9ales pour r\u00e9pondre \u00e0 tous vos besoins linguistiques.\",\"inLanguage\":\"fr-FR\",\"potentialAction\":[{\"@type\":\"ReadAction\",\"target\":[\"https:\/\/transferendum.eu\/fr\/comment-pouvons-nous-vous-aider\/\"]}]},{\"@type\":\"ImageObject\",\"inLanguage\":\"fr-FR\",\"@id\":\"https:\/\/transferendum.eu\/fr\/comment-pouvons-nous-vous-aider\/#primaryimage\",\"url\":\"https:\/\/transferendum.eu\/wp-content\/uploads\/sites\/16\/2024\/07\/3-3.jpg\",\"contentUrl\":\"https:\/\/transferendum.eu\/wp-content\/uploads\/sites\/16\/2024\/07\/3-3.jpg\",\"width\":450,\"height\":450,\"caption\":\"Financial translation\"},{\"@type\":\"WebSite\",\"@id\":\"https:\/\/transferendum.eu\/fr\/#website\",\"url\":\"https:\/\/transferendum.eu\/fr\/\",\"name\":\"transferendum.eu\",\"description\":\"Transferendum EU\",\"publisher\":{\"@id\":\"https:\/\/transferendum.eu\/fr\/#organization\"},\"potentialAction\":[{\"@type\":\"SearchAction\",\"target\":{\"@type\":\"EntryPoint\",\"urlTemplate\":\"https:\/\/transferendum.eu\/fr\/?s={search_term_string}\"},\"query-input\":{\"@type\":\"PropertyValueSpecification\",\"valueRequired\":true,\"valueName\":\"search_term_string\"}}],\"inLanguage\":\"fr-FR\"},{\"@type\":\"Organization\",\"@id\":\"https:\/\/transferendum.eu\/fr\/#organization\",\"name\":\"Transferendum\",\"url\":\"https:\/\/transferendum.eu\/fr\/\",\"logo\":{\"@type\":\"ImageObject\",\"inLanguage\":\"fr-FR\",\"@id\":\"https:\/\/transferendum.eu\/fr\/#\/schema\/logo\/image\/\",\"url\":\"https:\/\/transferendum.dev.radixweb.net\/transferendum_eu\/wp-content\/uploads\/sites\/16\/2021\/10\/Transferendum_Logo_cropped.jpg\",\"contentUrl\":\"https:\/\/transferendum.dev.radixweb.net\/transferendum_eu\/wp-content\/uploads\/sites\/16\/2021\/10\/Transferendum_Logo_cropped.jpg\",\"width\":1496,\"height\":356,\"caption\":\"Transferendum\"},\"image\":{\"@id\":\"https:\/\/transferendum.eu\/fr\/#\/schema\/logo\/image\/\"},\"sameAs\":[\"https:\/\/www.instagram.com\/transferendum.eu\/\"]}]}<\/script>\n<!-- \/ Yoast SEO plugin. -->","yoast_head_json":{"title":"Comment pouvons-nous vous aider\u00a0? - transferendum.eu","description":"Nos 20\u00a0ans d\u2019exp\u00e9rience dans la fourniture de solutions de traduction sur mesure \u00e0 nos clients font de nous les personnes id\u00e9ales pour r\u00e9pondre \u00e0 tous vos besoins linguistiques.","robots":{"index":"index","follow":"follow","max-snippet":"max-snippet:-1","max-image-preview":"max-image-preview:large","max-video-preview":"max-video-preview:-1"},"canonical":"https:\/\/transferendum.eu\/fr\/comment-pouvons-nous-vous-aider\/","og_locale":"fr_FR","og_type":"article","og_title":"Comment pouvons-nous vous aider\u00a0? - transferendum.eu","og_description":"Nos 20\u00a0ans d\u2019exp\u00e9rience dans la fourniture de solutions de traduction sur mesure \u00e0 nos clients font de nous les personnes id\u00e9ales pour r\u00e9pondre \u00e0 tous vos besoins linguistiques.","og_url":"https:\/\/transferendum.eu\/fr\/comment-pouvons-nous-vous-aider\/","og_site_name":"transferendum.eu","article_modified_time":"2024-04-30T11:46:07+00:00","og_image":[{"width":450,"height":450,"url":"https:\/\/transferendum.eu\/wp-content\/uploads\/sites\/16\/2024\/07\/3-3.jpg","type":"image\/jpeg"}],"twitter_card":"summary_large_image","twitter_misc":{"Est. reading time":"3 minutes"},"schema":{"@context":"https:\/\/schema.org","@graph":[{"@type":"WebPage","@id":"https:\/\/transferendum.eu\/fr\/comment-pouvons-nous-vous-aider\/","url":"https:\/\/transferendum.eu\/fr\/comment-pouvons-nous-vous-aider\/","name":"Comment pouvons-nous vous aider\u00a0? - transferendum.eu","isPartOf":{"@id":"https:\/\/transferendum.eu\/fr\/#website"},"primaryImageOfPage":{"@id":"https:\/\/transferendum.eu\/fr\/comment-pouvons-nous-vous-aider\/#primaryimage"},"image":{"@id":"https:\/\/transferendum.eu\/fr\/comment-pouvons-nous-vous-aider\/#primaryimage"},"thumbnailUrl":"https:\/\/transferendum.eu\/wp-content\/uploads\/sites\/16\/2024\/07\/3-3.jpg","datePublished":"2024-02-28T14:02:21+00:00","dateModified":"2024-04-30T11:46:07+00:00","description":"Nos 20\u00a0ans d\u2019exp\u00e9rience dans la fourniture de solutions de traduction sur mesure \u00e0 nos clients font de nous les personnes id\u00e9ales pour r\u00e9pondre \u00e0 tous vos besoins linguistiques.","inLanguage":"fr-FR","potentialAction":[{"@type":"ReadAction","target":["https:\/\/transferendum.eu\/fr\/comment-pouvons-nous-vous-aider\/"]}]},{"@type":"ImageObject","inLanguage":"fr-FR","@id":"https:\/\/transferendum.eu\/fr\/comment-pouvons-nous-vous-aider\/#primaryimage","url":"https:\/\/transferendum.eu\/wp-content\/uploads\/sites\/16\/2024\/07\/3-3.jpg","contentUrl":"https:\/\/transferendum.eu\/wp-content\/uploads\/sites\/16\/2024\/07\/3-3.jpg","width":450,"height":450,"caption":"Financial translation"},{"@type":"WebSite","@id":"https:\/\/transferendum.eu\/fr\/#website","url":"https:\/\/transferendum.eu\/fr\/","name":"transferendum.eu","description":"Transferendum EU","publisher":{"@id":"https:\/\/transferendum.eu\/fr\/#organization"},"potentialAction":[{"@type":"SearchAction","target":{"@type":"EntryPoint","urlTemplate":"https:\/\/transferendum.eu\/fr\/?s={search_term_string}"},"query-input":{"@type":"PropertyValueSpecification","valueRequired":true,"valueName":"search_term_string"}}],"inLanguage":"fr-FR"},{"@type":"Organization","@id":"https:\/\/transferendum.eu\/fr\/#organization","name":"Transferendum","url":"https:\/\/transferendum.eu\/fr\/","logo":{"@type":"ImageObject","inLanguage":"fr-FR","@id":"https:\/\/transferendum.eu\/fr\/#\/schema\/logo\/image\/","url":"https:\/\/transferendum.dev.radixweb.net\/transferendum_eu\/wp-content\/uploads\/sites\/16\/2021\/10\/Transferendum_Logo_cropped.jpg","contentUrl":"https:\/\/transferendum.dev.radixweb.net\/transferendum_eu\/wp-content\/uploads\/sites\/16\/2021\/10\/Transferendum_Logo_cropped.jpg","width":1496,"height":356,"caption":"Transferendum"},"image":{"@id":"https:\/\/transferendum.eu\/fr\/#\/schema\/logo\/image\/"},"sameAs":["https:\/\/www.instagram.com\/transferendum.eu\/"]}]}},"_links":{"self":[{"href":"https:\/\/transferendum.eu\/fr\/wp-json\/wp\/v2\/pages\/7138","targetHints":{"allow":["GET"]}}],"collection":[{"href":"https:\/\/transferendum.eu\/fr\/wp-json\/wp\/v2\/pages"}],"about":[{"href":"https:\/\/transferendum.eu\/fr\/wp-json\/wp\/v2\/types\/page"}],"author":[{"embeddable":true,"href":"https:\/\/transferendum.eu\/fr\/wp-json\/wp\/v2\/users\/320"}],"replies":[{"embeddable":true,"href":"https:\/\/transferendum.eu\/fr\/wp-json\/wp\/v2\/comments?post=7138"}],"version-history":[{"count":0,"href":"https:\/\/transferendum.eu\/fr\/wp-json\/wp\/v2\/pages\/7138\/revisions"}],"wp:featuredmedia":[{"embeddable":true,"href":"https:\/\/transferendum.eu\/fr\/wp-json\/wp\/v2\/media\/12822"}],"wp:attachment":[{"href":"https:\/\/transferendum.eu\/fr\/wp-json\/wp\/v2\/media?parent=7138"}],"curies":[{"name":"wp","href":"https:\/\/api.w.org\/{rel}","templated":true}]}}