{"id":7129,"date":"2024-02-28T14:00:00","date_gmt":"2024-02-28T14:00:00","guid":{"rendered":"https:\/\/transferendum.eu\/traductions-en-matiere-des-rh\/"},"modified":"2024-05-01T12:50:42","modified_gmt":"2024-05-01T11:50:42","slug":"traductions-en-matiere-des-rh","status":"publish","type":"page","link":"https:\/\/transferendum.eu\/fr\/traductions-en-matiere-des-rh\/","title":{"rendered":"Traductions en mati\u00e8re des RH"},"content":{"rendered":"\t\t<div data-elementor-type=\"wp-page\" data-elementor-id=\"7129\" class=\"elementor elementor-7129 elementor-531\" data-elementor-post-type=\"page\">\n\t\t\t\t\t\t<section class=\"has_eae_slider elementor-section elementor-top-section elementor-element elementor-element-65e29c9 elementor-section-boxed elementor-section-height-default elementor-section-height-default\" data-eae-slider=\"41297\" data-id=\"65e29c9\" data-element_type=\"section\" data-e-type=\"section\">\n\t\t\t\t\t\t<div class=\"elementor-container elementor-column-gap-default\">\n\t\t\t\t\t<div class=\"has_eae_slider elementor-column elementor-col-100 elementor-top-column elementor-element elementor-element-e1e87fb\" data-eae-slider=\"76525\" data-id=\"e1e87fb\" data-element_type=\"column\" data-e-type=\"column\">\n\t\t\t<div class=\"elementor-widget-wrap elementor-element-populated\">\n\t\t\t\t\t\t<section class=\"has_eae_slider elementor-section elementor-inner-section elementor-element elementor-element-67965a8 elementor-section-boxed elementor-section-height-default elementor-section-height-default\" data-eae-slider=\"46964\" data-id=\"67965a8\" data-element_type=\"section\" data-e-type=\"section\">\n\t\t\t\t\t\t<div class=\"elementor-container elementor-column-gap-default\">\n\t\t\t\t\t<div class=\"has_eae_slider elementor-column elementor-col-50 elementor-inner-column elementor-element elementor-element-945cd48\" data-eae-slider=\"36987\" data-id=\"945cd48\" data-element_type=\"column\" data-e-type=\"column\">\n\t\t\t<div class=\"elementor-widget-wrap elementor-element-populated\">\n\t\t\t\t\t\t<div class=\"elementor-element elementor-element-b766226 elementor-widget elementor-widget-text-editor\" data-id=\"b766226\" data-element_type=\"widget\" data-e-type=\"widget\" data-widget_type=\"text-editor.default\">\n\t\t\t\t<div class=\"elementor-widget-container\">\n\t\t\t\t\t\t\t\t\t<h1><span style=\"font-weight: 400;\">HR Translations<\/span><\/h1>\n<p><span style=\"font-weight: 400;\">International companies might have the need to translate their content for their international employees and collaborators.\u00a0<\/span><\/p>\n<p><span style=\"font-weight: 400;\">It is crucial that the information delivered meets the higher standards not only for company compliance but also to meet the local labour regulations.\u00a0<\/span><\/p>\n\t\t\t\t\t\t\t\t<\/div>\n\t\t\t\t<\/div>\n\t\t\t\t\t<\/div>\n\t\t<\/div>\n\t\t\t\t<div class=\"has_eae_slider elementor-column elementor-col-50 elementor-inner-column elementor-element elementor-element-5f6e9ca\" data-eae-slider=\"17364\" data-id=\"5f6e9ca\" data-element_type=\"column\" data-e-type=\"column\">\n\t\t\t<div class=\"elementor-widget-wrap elementor-element-populated\">\n\t\t\t\t\t\t<div class=\"elementor-element elementor-element-598d7c2 elementor-widget elementor-widget-image\" data-id=\"598d7c2\" data-element_type=\"widget\" data-e-type=\"widget\" data-widget_type=\"image.default\">\n\t\t\t\t<div class=\"elementor-widget-container\">\n\t\t\t\t\t\t\t\t\t\t\t\t\t\t\t<img fetchpriority=\"high\" decoding=\"async\" width=\"768\" height=\"1000\" src=\"https:\/\/transferendum.eu\/wp-content\/uploads\/sites\/16\/2022\/08\/human-element.png\" class=\"attachment-medium_large size-medium_large wp-image-3076\" alt=\"Human translation\" \/>\t\t\t\t\t\t\t\t\t\t\t\t\t\t\t<\/div>\n\t\t\t\t<\/div>\n\t\t\t\t\t<\/div>\n\t\t<\/div>\n\t\t\t\t\t<\/div>\n\t\t<\/section>\n\t\t\t\t<div class=\"elementor-element elementor-element-e53f587 elementor-widget elementor-widget-text-editor\" data-id=\"e53f587\" data-element_type=\"widget\" data-e-type=\"widget\" data-widget_type=\"text-editor.default\">\n\t\t\t\t<div class=\"elementor-widget-container\">\n\t\t\t\t\t\t\t\t\t<h2 style=\"font-family: Share, sans-serif; color: #000000;\">Localizing your HR content<\/h2>\n<p>If you are looking for translation solutions for any of your HR documentation, you need a partner that can deliver high-quality, accurate and consistent translations across multiple languages and formats. You also need a partner that can integrate seamlessly into your workflows and systems, ensuring a smooth and efficient process from start to finish.<\/p>\n<p>That&#8217;s where we come in. We are a leading provider of translation solutions for corporate clients in Europe, with over 20 years of experience and expertise in the HR sector. We offer a range of services, including document translation, website localization, video subtitling, voice-over and transcription. We can handle any type of HR content, such as contracts, policies, manuals, training materials, employee surveys and newsletters.<\/p>\n<p>We use the latest technology and tools to ensure that our translations are aligned with your brand voice and style. We also have a network of native-speaking translators who are experts in their fields and familiar with the local culture and regulations. As we are an ISO 9001 and EN 27100 certified company, we adhere to strict quality standards and procedures to ensure that our translations meet your expectations and requirements.<\/p>\n<p>We understand that every client is different and has unique needs and preferences. That&#8217;s why we tailor our solutions to fit your specific goals and challenges. We can integrate into your existing workflows and systems, such as CMS, LMS, HRIS or ERP platforms. We can also provide you with dedicated project managers who will oversee your projects from start to finish and ensure timely delivery and communication.<\/p>\n<p>Whether you need to translate your HR content for a single market or for multiple markets across Europe (or beyond), we can help you achieve your objectives and reach your target audience.\u00a0<a href=\"https:\/\/transferendum.eu\/contact-us\/\">Contact us today<\/a>\u00a0to find out how we can help you with your translation needs.<\/p>\n\t\t\t\t\t\t\t\t<\/div>\n\t\t\t\t<\/div>\n\t\t\t\t\t<\/div>\n\t\t<\/div>\n\t\t\t\t\t<\/div>\n\t\t<\/section>\n\t\t\t\t<section class=\"has_eae_slider elementor-section elementor-top-section elementor-element elementor-element-0e66b4a elementor-section-boxed elementor-section-height-default elementor-section-height-default\" data-eae-slider=\"87687\" data-id=\"0e66b4a\" data-element_type=\"section\" data-e-type=\"section\">\n\t\t\t\t\t\t<div class=\"elementor-container elementor-column-gap-default\">\n\t\t\t\t\t<div class=\"has_eae_slider elementor-column elementor-col-100 elementor-top-column elementor-element elementor-element-276c611\" data-eae-slider=\"7817\" data-id=\"276c611\" data-element_type=\"column\" data-e-type=\"column\">\n\t\t\t<div class=\"elementor-widget-wrap elementor-element-populated\">\n\t\t\t\t<div class=\"has_eae_slider elementor-element elementor-element-068fcdf e-flex e-con-boxed e-con e-parent\" data-eae-slider=\"92856\" data-id=\"068fcdf\" data-element_type=\"container\" data-e-type=\"container\">\n\t\t\t\t\t<div class=\"e-con-inner\">\n\t\t\t\t<div class=\"elementor-element elementor-element-0bd1c15 elementor-button-align-stretch elementor-widget elementor-widget-form\" data-id=\"0bd1c15\" data-element_type=\"widget\" data-e-type=\"widget\" data-settings=\"{&quot;step_next_label&quot;:&quot;Next&quot;,&quot;step_previous_label&quot;:&quot;Previous&quot;,&quot;button_width&quot;:&quot;100&quot;,&quot;step_type&quot;:&quot;number_text&quot;,&quot;step_icon_shape&quot;:&quot;circle&quot;}\" data-widget_type=\"form.default\">\n\t\t\t\t<div class=\"elementor-widget-container\">\n\t\t\t\t\t\t\t<form class=\"elementor-form\" method=\"post\" name=\"Contact Form\">\n\t\t\t<input type=\"hidden\" name=\"post_id\" value=\"7129\"\/>\n\t\t\t<input type=\"hidden\" name=\"form_id\" value=\"0bd1c15\"\/>\n\t\t\t<input type=\"hidden\" name=\"referer_title\" value=\"transferendum.eu\" \/>\n\n\t\t\t\n\t\t\t<div class=\"elementor-form-fields-wrapper elementor-labels-\">\n\t\t\t\t\t\t\t\t<div class=\"elementor-field-type-html elementor-field-group elementor-column elementor-field-group-Option elementor-col-100\">\n\t\t\t\t\tPlease use this form for translation requests. If you want to work with us,<a href=\"https:\/\/transferendum.eu\/about-us\/work-with-us\/\"_blank\" > click here<\/a>\t\t\t\t<\/div>\n\t\t\t\t\t\t\t\t<div class=\"elementor-field-type-text elementor-field-group elementor-column elementor-field-group-name elementor-col-100 elementor-field-required\">\n\t\t\t\t\t\t\t\t\t\t\t\t<label for=\"form-field-name\" class=\"elementor-field-label elementor-screen-only\">\n\t\t\t\t\t\t\t\tName\t\t\t\t\t\t\t<\/label>\n\t\t\t\t\t\t\t\t\t\t\t\t\t\t<input size=\"1\" type=\"text\" name=\"form_fields[name]\" id=\"form-field-name\" class=\"elementor-field elementor-size-md  elementor-field-textual\" placeholder=\"Name*\" required=\"required\" aria-required=\"true\">\n\t\t\t\t\t\t\t\t\t\t\t<\/div>\n\t\t\t\t\t\t\t\t<div class=\"elementor-field-type-email elementor-field-group elementor-column elementor-field-group-email elementor-col-100 elementor-field-required\">\n\t\t\t\t\t\t\t\t\t\t\t\t<label for=\"form-field-email\" class=\"elementor-field-label elementor-screen-only\">\n\t\t\t\t\t\t\t\tEmail\t\t\t\t\t\t\t<\/label>\n\t\t\t\t\t\t\t\t\t\t\t\t\t\t<input size=\"1\" type=\"email\" name=\"form_fields[email]\" id=\"form-field-email\" class=\"elementor-field elementor-size-md  elementor-field-textual\" placeholder=\"Email*\" required=\"required\" aria-required=\"true\">\n\t\t\t\t\t\t\t\t\t\t\t<\/div>\n\t\t\t\t\t\t\t\t<div class=\"elementor-field-type-tel elementor-field-group elementor-column elementor-field-group-field_7af61c8 elementor-col-100\">\n\t\t\t\t\t\t\t\t\t\t\t\t<label for=\"form-field-field_7af61c8\" class=\"elementor-field-label elementor-screen-only\">\n\t\t\t\t\t\t\t\tPhone\t\t\t\t\t\t\t<\/label>\n\t\t\t\t\t\t\t\t<input size=\"1\" type=\"tel\" name=\"form_fields[field_7af61c8]\" id=\"form-field-field_7af61c8\" class=\"elementor-field elementor-size-md  elementor-field-textual\" placeholder=\"Phone\" pattern=\"[0-9()#&amp;+*-=.]+\" title=\"Only numbers and phone characters (#, -, *, etc) are accepted.\">\n\n\t\t\t\t\t\t<\/div>\n\t\t\t\t\t\t\t\t<div class=\"elementor-field-type-textarea elementor-field-group elementor-column elementor-field-group-field_914b1ae elementor-col-100 elementor-field-required\">\n\t\t\t\t\t\t\t\t\t\t\t\t<label for=\"form-field-field_914b1ae\" class=\"elementor-field-label elementor-screen-only\">\n\t\t\t\t\t\t\t\tMessage\t\t\t\t\t\t\t<\/label>\n\t\t\t\t\t\t<textarea class=\"elementor-field-textual elementor-field  elementor-size-md\" name=\"form_fields[field_914b1ae]\" id=\"form-field-field_914b1ae\" rows=\"3\" placeholder=\"How can we help you?*\" required=\"required\" aria-required=\"true\"><\/textarea>\t\t\t\t<\/div>\n\t\t\t\t\t\t\t\t<div class=\"elementor-field-type-upload elementor-field-group elementor-column elementor-field-group-field_404ee43 elementor-col-100\">\n\t\t\t\t\t\t\t\t\t\t\t\t<label for=\"form-field-field_404ee43\" class=\"elementor-field-label elementor-screen-only\">\n\t\t\t\t\t\t\t\tFile Upload\t\t\t\t\t\t\t<\/label>\n\t\t\t\t\t\t\t\t<input type=\"file\" name=\"form_fields[field_404ee43][]\" id=\"form-field-field_404ee43\" class=\"elementor-field elementor-size-md  elementor-upload-field\" multiple=\"multiple\" data-maxsize=\"10\" data-maxsize-message=\"This file exceeds the maximum allowed size.\">\n\n\t\t\t\t\t\t<\/div>\n\t\t\t\t\t\t\t\t<div class=\"elementor-field-type-html elementor-field-group elementor-column elementor-field-group-privacy_policy elementor-col-100\">\n\t\t\t\t\tSee how  <a href=\"https:\/\/transferendum.eu\/privacy-policy\/\" target=\"_blank\" >we keep your data secure<\/a>\t\t\t\t<\/div>\n\t\t\t\t\t\t\t\t<div class=\"elementor-field-group elementor-column elementor-field-type-submit elementor-col-100 e-form__buttons\">\n\t\t\t\t\t<button type=\"submit\" class=\"elementor-button elementor-size-sm\">\n\t\t\t\t\t\t<span >\n\t\t\t\t\t\t\t\t\t\t\t\t\t\t\t<span class=\" elementor-button-icon\">\n\t\t\t\t\t\t\t\t\t\t\t\t\t\t\t\t\t\t\t\t\t\t\t\t\t\t<\/span>\n\t\t\t\t\t\t\t\t\t\t\t\t\t\t\t\t\t\t\t\t\t\t<span class=\"elementor-button-text\">Get a Free Quote<\/span>\n\t\t\t\t\t\t\t\t\t\t\t\t\t<\/span>\n\t\t\t\t\t<\/button>\n\t\t\t\t<\/div>\n\t\t\t<\/div>\n\t\t<input\n                    class=\"apbct_special_field apbct_email_id__elementor_form\"\n                    name=\"apbct__email_id__elementor_form\"\n                    aria-label=\"apbct__label_id__elementor_form\"\n                    type=\"text\" size=\"30\" maxlength=\"200\" autocomplete=\"off\"\n                    value=\"\"\n                \/><\/form>\n\t\t\t\t\t\t<\/div>\n\t\t\t\t<\/div>\n\t\t\t\t\t<\/div>\n\t\t\t\t<\/div>\n\t\t\t\t<div class=\"elementor-element elementor-element-5347229 elementor-widget-divider--view-line elementor-widget elementor-widget-divider\" data-id=\"5347229\" data-element_type=\"widget\" data-e-type=\"widget\" data-widget_type=\"divider.default\">\n\t\t\t\t<div class=\"elementor-widget-container\">\n\t\t\t\t\t\t\t<div class=\"elementor-divider\">\n\t\t\t<span class=\"elementor-divider-separator\">\n\t\t\t\t\t\t<\/span>\n\t\t<\/div>\n\t\t\t\t\t\t<\/div>\n\t\t\t\t<\/div>\n\t\t\t\t<div class=\"elementor-element elementor-element-de9b875 elementor-widget elementor-widget-text-editor\" data-id=\"de9b875\" data-element_type=\"widget\" data-e-type=\"widget\" data-widget_type=\"text-editor.default\">\n\t\t\t\t<div class=\"elementor-widget-container\">\n\t\t\t\t\t\t\t\t\t<p>As <i>your Translation Department<\/i>, we can provide the best possible outcome, and we will advise you when there is an opportunity to improve your document handling and\u00a0 translation workflow.<\/p><p>Subcontracting to professionals can save you money and resources in the short term, by handling all your vendor costs and removing your management overheads, in a secure quality managed process. Sending us your work can be as simple as a secure email or a full integration with your secure content management system.<\/p><p>Let us help you manage very large projects cost effectively by providing you with the translation solutions you need.<\/p><p>You can leverage a variety of solutions from a complete <a href=\"https:\/\/transferendum.eu\/footer\/certifications\/\">EN 17100:2015<\/a>\u00a0translation management system, or simpler cost-effective rapid solutions machine translation, basic translation, human-assisted machine translation, machine translation post-editing, and FIPO as well as you can choose the solution you need to match your budget and your process and turnaround time. And don&#8217;t forget, you can always send back parts for further review.<\/p><p>If you have previously translated documents we can use them to reduce time and cost of your translation. For larger projects we can integrate our translation and quality assurance process into your organisation. This can be useful if you have a large body of reusable text. Helping to ensure consistency and accuracy as well as reducing cost and turnaround time.<\/p><p>Contact Us\u00a0<a href=\"https:\/\/transferendum.eu\/contact-us\/\">here<\/a>\u00a0or go <a href=\"https:\/\/taberna.transferendum.eu\/Uploadtool2.0\">here<\/a> and upload your document to get an instant quote.<\/p>\t\t\t\t\t\t\t\t<\/div>\n\t\t\t\t<\/div>\n\t\t\t\t\t<\/div>\n\t\t<\/div>\n\t\t\t\t\t<\/div>\n\t\t<\/section>\n\t\t\t\t<\/div>\n\t\t","protected":false},"excerpt":{"rendered":"<p>HR Translations International companies might have the need to translate their content for their international employees and collaborators.\u00a0 It is crucial that the information delivered meets the higher standards not only for company compliance but also to meet the local labour regulations.\u00a0 Localizing your HR content If you are looking for translation solutions for any [&hellip;]<\/p>\n","protected":false},"author":320,"featured_media":12925,"parent":0,"menu_order":0,"comment_status":"closed","ping_status":"closed","template":"","meta":{"_acf_changed":false,"footnotes":""},"class_list":["post-7129","page","type-page","status-publish","has-post-thumbnail","hentry"],"acf":[],"yoast_head":"<!-- This site is optimized with the Yoast SEO plugin v27.1 - https:\/\/yoast.com\/product\/yoast-seo-wordpress\/ -->\n<title>Traduction de documents relatifs aux RH - transferendum.eu<\/title>\n<meta name=\"description\" content=\"Traduisez les documents relatifs aux RH pour votre personnel afin de favoriser une \u00e9quipe plus diversifi\u00e9e. Dialoguez avec vos employ\u00e9s dans leur langue. Demandez un devis d\u00e8s aujourd\u2019hui\u00a0!\" \/>\n<meta name=\"robots\" content=\"index, follow, max-snippet:-1, max-image-preview:large, max-video-preview:-1\" \/>\n<link rel=\"canonical\" href=\"https:\/\/transferendum.eu\/fr\/traductions-en-matiere-des-rh\/\" \/>\n<meta property=\"og:locale\" content=\"fr_FR\" \/>\n<meta property=\"og:type\" content=\"article\" \/>\n<meta property=\"og:title\" content=\"Traduction de documents relatifs aux RH - transferendum.eu\" \/>\n<meta property=\"og:description\" content=\"Traduisez les documents relatifs aux RH pour votre personnel afin de favoriser une \u00e9quipe plus diversifi\u00e9e. Dialoguez avec vos employ\u00e9s dans leur langue. Demandez un devis d\u00e8s aujourd\u2019hui\u00a0!\" \/>\n<meta property=\"og:url\" content=\"https:\/\/transferendum.eu\/fr\/traductions-en-matiere-des-rh\/\" \/>\n<meta property=\"og:site_name\" content=\"transferendum.eu\" \/>\n<meta property=\"article:modified_time\" content=\"2024-05-01T11:50:42+00:00\" \/>\n<meta property=\"og:image\" content=\"https:\/\/transferendum.eu\/wp-content\/uploads\/sites\/16\/2024\/07\/13-1.jpg\" \/>\n\t<meta property=\"og:image:width\" content=\"450\" \/>\n\t<meta property=\"og:image:height\" content=\"450\" \/>\n\t<meta property=\"og:image:type\" content=\"image\/jpeg\" \/>\n<meta name=\"twitter:card\" content=\"summary_large_image\" \/>\n<meta name=\"twitter:label1\" content=\"Est. reading time\" \/>\n\t<meta name=\"twitter:data1\" content=\"4 minutes\" \/>\n<script type=\"application\/ld+json\" class=\"yoast-schema-graph\">{\"@context\":\"https:\/\/schema.org\",\"@graph\":[{\"@type\":\"WebPage\",\"@id\":\"https:\/\/transferendum.eu\/fr\/traductions-en-matiere-des-rh\/\",\"url\":\"https:\/\/transferendum.eu\/fr\/traductions-en-matiere-des-rh\/\",\"name\":\"Traduction de documents relatifs aux RH - transferendum.eu\",\"isPartOf\":{\"@id\":\"https:\/\/transferendum.eu\/fr\/#website\"},\"primaryImageOfPage\":{\"@id\":\"https:\/\/transferendum.eu\/fr\/traductions-en-matiere-des-rh\/#primaryimage\"},\"image\":{\"@id\":\"https:\/\/transferendum.eu\/fr\/traductions-en-matiere-des-rh\/#primaryimage\"},\"thumbnailUrl\":\"https:\/\/transferendum.eu\/wp-content\/uploads\/sites\/16\/2024\/07\/13-1.jpg\",\"datePublished\":\"2024-02-28T14:00:00+00:00\",\"dateModified\":\"2024-05-01T11:50:42+00:00\",\"description\":\"Traduisez les documents relatifs aux RH pour votre personnel afin de favoriser une \u00e9quipe plus diversifi\u00e9e. Dialoguez avec vos employ\u00e9s dans leur langue. Demandez un devis d\u00e8s aujourd\u2019hui\u00a0!\",\"inLanguage\":\"fr-FR\",\"potentialAction\":[{\"@type\":\"ReadAction\",\"target\":[\"https:\/\/transferendum.eu\/fr\/traductions-en-matiere-des-rh\/\"]}]},{\"@type\":\"ImageObject\",\"inLanguage\":\"fr-FR\",\"@id\":\"https:\/\/transferendum.eu\/fr\/traductions-en-matiere-des-rh\/#primaryimage\",\"url\":\"https:\/\/transferendum.eu\/wp-content\/uploads\/sites\/16\/2024\/07\/13-1.jpg\",\"contentUrl\":\"https:\/\/transferendum.eu\/wp-content\/uploads\/sites\/16\/2024\/07\/13-1.jpg\",\"width\":450,\"height\":450,\"caption\":\"HR translation\"},{\"@type\":\"WebSite\",\"@id\":\"https:\/\/transferendum.eu\/fr\/#website\",\"url\":\"https:\/\/transferendum.eu\/fr\/\",\"name\":\"transferendum.eu\",\"description\":\"Transferendum EU\",\"publisher\":{\"@id\":\"https:\/\/transferendum.eu\/fr\/#organization\"},\"potentialAction\":[{\"@type\":\"SearchAction\",\"target\":{\"@type\":\"EntryPoint\",\"urlTemplate\":\"https:\/\/transferendum.eu\/fr\/?s={search_term_string}\"},\"query-input\":{\"@type\":\"PropertyValueSpecification\",\"valueRequired\":true,\"valueName\":\"search_term_string\"}}],\"inLanguage\":\"fr-FR\"},{\"@type\":\"Organization\",\"@id\":\"https:\/\/transferendum.eu\/fr\/#organization\",\"name\":\"Transferendum\",\"url\":\"https:\/\/transferendum.eu\/fr\/\",\"logo\":{\"@type\":\"ImageObject\",\"inLanguage\":\"fr-FR\",\"@id\":\"https:\/\/transferendum.eu\/fr\/#\/schema\/logo\/image\/\",\"url\":\"https:\/\/transferendum.dev.radixweb.net\/transferendum_eu\/wp-content\/uploads\/sites\/16\/2021\/10\/Transferendum_Logo_cropped.jpg\",\"contentUrl\":\"https:\/\/transferendum.dev.radixweb.net\/transferendum_eu\/wp-content\/uploads\/sites\/16\/2021\/10\/Transferendum_Logo_cropped.jpg\",\"width\":1496,\"height\":356,\"caption\":\"Transferendum\"},\"image\":{\"@id\":\"https:\/\/transferendum.eu\/fr\/#\/schema\/logo\/image\/\"},\"sameAs\":[\"https:\/\/www.instagram.com\/transferendum.eu\/\"]}]}<\/script>\n<!-- \/ Yoast SEO plugin. -->","yoast_head_json":{"title":"Traduction de documents relatifs aux RH - transferendum.eu","description":"Traduisez les documents relatifs aux RH pour votre personnel afin de favoriser une \u00e9quipe plus diversifi\u00e9e. Dialoguez avec vos employ\u00e9s dans leur langue. Demandez un devis d\u00e8s aujourd\u2019hui\u00a0!","robots":{"index":"index","follow":"follow","max-snippet":"max-snippet:-1","max-image-preview":"max-image-preview:large","max-video-preview":"max-video-preview:-1"},"canonical":"https:\/\/transferendum.eu\/fr\/traductions-en-matiere-des-rh\/","og_locale":"fr_FR","og_type":"article","og_title":"Traduction de documents relatifs aux RH - transferendum.eu","og_description":"Traduisez les documents relatifs aux RH pour votre personnel afin de favoriser une \u00e9quipe plus diversifi\u00e9e. Dialoguez avec vos employ\u00e9s dans leur langue. Demandez un devis d\u00e8s aujourd\u2019hui\u00a0!","og_url":"https:\/\/transferendum.eu\/fr\/traductions-en-matiere-des-rh\/","og_site_name":"transferendum.eu","article_modified_time":"2024-05-01T11:50:42+00:00","og_image":[{"width":450,"height":450,"url":"https:\/\/transferendum.eu\/wp-content\/uploads\/sites\/16\/2024\/07\/13-1.jpg","type":"image\/jpeg"}],"twitter_card":"summary_large_image","twitter_misc":{"Est. reading time":"4 minutes"},"schema":{"@context":"https:\/\/schema.org","@graph":[{"@type":"WebPage","@id":"https:\/\/transferendum.eu\/fr\/traductions-en-matiere-des-rh\/","url":"https:\/\/transferendum.eu\/fr\/traductions-en-matiere-des-rh\/","name":"Traduction de documents relatifs aux RH - transferendum.eu","isPartOf":{"@id":"https:\/\/transferendum.eu\/fr\/#website"},"primaryImageOfPage":{"@id":"https:\/\/transferendum.eu\/fr\/traductions-en-matiere-des-rh\/#primaryimage"},"image":{"@id":"https:\/\/transferendum.eu\/fr\/traductions-en-matiere-des-rh\/#primaryimage"},"thumbnailUrl":"https:\/\/transferendum.eu\/wp-content\/uploads\/sites\/16\/2024\/07\/13-1.jpg","datePublished":"2024-02-28T14:00:00+00:00","dateModified":"2024-05-01T11:50:42+00:00","description":"Traduisez les documents relatifs aux RH pour votre personnel afin de favoriser une \u00e9quipe plus diversifi\u00e9e. Dialoguez avec vos employ\u00e9s dans leur langue. Demandez un devis d\u00e8s aujourd\u2019hui\u00a0!","inLanguage":"fr-FR","potentialAction":[{"@type":"ReadAction","target":["https:\/\/transferendum.eu\/fr\/traductions-en-matiere-des-rh\/"]}]},{"@type":"ImageObject","inLanguage":"fr-FR","@id":"https:\/\/transferendum.eu\/fr\/traductions-en-matiere-des-rh\/#primaryimage","url":"https:\/\/transferendum.eu\/wp-content\/uploads\/sites\/16\/2024\/07\/13-1.jpg","contentUrl":"https:\/\/transferendum.eu\/wp-content\/uploads\/sites\/16\/2024\/07\/13-1.jpg","width":450,"height":450,"caption":"HR translation"},{"@type":"WebSite","@id":"https:\/\/transferendum.eu\/fr\/#website","url":"https:\/\/transferendum.eu\/fr\/","name":"transferendum.eu","description":"Transferendum EU","publisher":{"@id":"https:\/\/transferendum.eu\/fr\/#organization"},"potentialAction":[{"@type":"SearchAction","target":{"@type":"EntryPoint","urlTemplate":"https:\/\/transferendum.eu\/fr\/?s={search_term_string}"},"query-input":{"@type":"PropertyValueSpecification","valueRequired":true,"valueName":"search_term_string"}}],"inLanguage":"fr-FR"},{"@type":"Organization","@id":"https:\/\/transferendum.eu\/fr\/#organization","name":"Transferendum","url":"https:\/\/transferendum.eu\/fr\/","logo":{"@type":"ImageObject","inLanguage":"fr-FR","@id":"https:\/\/transferendum.eu\/fr\/#\/schema\/logo\/image\/","url":"https:\/\/transferendum.dev.radixweb.net\/transferendum_eu\/wp-content\/uploads\/sites\/16\/2021\/10\/Transferendum_Logo_cropped.jpg","contentUrl":"https:\/\/transferendum.dev.radixweb.net\/transferendum_eu\/wp-content\/uploads\/sites\/16\/2021\/10\/Transferendum_Logo_cropped.jpg","width":1496,"height":356,"caption":"Transferendum"},"image":{"@id":"https:\/\/transferendum.eu\/fr\/#\/schema\/logo\/image\/"},"sameAs":["https:\/\/www.instagram.com\/transferendum.eu\/"]}]}},"_links":{"self":[{"href":"https:\/\/transferendum.eu\/fr\/wp-json\/wp\/v2\/pages\/7129","targetHints":{"allow":["GET"]}}],"collection":[{"href":"https:\/\/transferendum.eu\/fr\/wp-json\/wp\/v2\/pages"}],"about":[{"href":"https:\/\/transferendum.eu\/fr\/wp-json\/wp\/v2\/types\/page"}],"author":[{"embeddable":true,"href":"https:\/\/transferendum.eu\/fr\/wp-json\/wp\/v2\/users\/320"}],"replies":[{"embeddable":true,"href":"https:\/\/transferendum.eu\/fr\/wp-json\/wp\/v2\/comments?post=7129"}],"version-history":[{"count":0,"href":"https:\/\/transferendum.eu\/fr\/wp-json\/wp\/v2\/pages\/7129\/revisions"}],"wp:featuredmedia":[{"embeddable":true,"href":"https:\/\/transferendum.eu\/fr\/wp-json\/wp\/v2\/media\/12925"}],"wp:attachment":[{"href":"https:\/\/transferendum.eu\/fr\/wp-json\/wp\/v2\/media?parent=7129"}],"curies":[{"name":"wp","href":"https:\/\/api.w.org\/{rel}","templated":true}]}}