{"id":7124,"date":"2024-02-28T13:58:31","date_gmt":"2024-02-28T13:58:31","guid":{"rendered":"https:\/\/transferendum.eu\/nous-contacter\/"},"modified":"2024-05-29T15:28:15","modified_gmt":"2024-05-29T14:28:15","slug":"nous-contacter","status":"publish","type":"page","link":"https:\/\/transferendum.eu\/fr\/nous-contacter\/","title":{"rendered":"Nous contacter"},"content":{"rendered":"\t\t<div data-elementor-type=\"wp-page\" data-elementor-id=\"7124\" class=\"elementor elementor-7124 elementor-974\" data-elementor-post-type=\"page\">\n\t\t\t\t\t\t<section class=\"has_eae_slider elementor-section elementor-top-section elementor-element elementor-element-f693413 elementor-section-boxed elementor-section-height-default elementor-section-height-default\" data-eae-slider=\"26613\" data-id=\"f693413\" data-element_type=\"section\" data-e-type=\"section\" data-settings=\"{&quot;background_background&quot;:&quot;classic&quot;}\">\n\t\t\t\t\t\t<div class=\"elementor-container elementor-column-gap-default\">\n\t\t\t\t\t<div class=\"has_eae_slider elementor-column elementor-col-100 elementor-top-column elementor-element elementor-element-bffc5cd\" data-eae-slider=\"88048\" data-id=\"bffc5cd\" data-element_type=\"column\" data-e-type=\"column\">\n\t\t\t<div class=\"elementor-widget-wrap elementor-element-populated\">\n\t\t\t\t\t\t<section class=\"has_eae_slider elementor-section elementor-inner-section elementor-element elementor-element-4c0a5ff elementor-section-boxed elementor-section-height-default elementor-section-height-default\" data-eae-slider=\"56681\" data-id=\"4c0a5ff\" data-element_type=\"section\" data-e-type=\"section\">\n\t\t\t\t\t\t<div class=\"elementor-container elementor-column-gap-default\">\n\t\t\t\t\t<div class=\"has_eae_slider elementor-column elementor-col-50 elementor-inner-column elementor-element elementor-element-597dd03\" data-eae-slider=\"66053\" data-id=\"597dd03\" data-element_type=\"column\" data-e-type=\"column\">\n\t\t\t<div class=\"elementor-widget-wrap elementor-element-populated\">\n\t\t\t\t\t\t<div class=\"elementor-element elementor-element-30c63e3 elementor-widget__width-auto elementor-widget elementor-widget-text-editor\" data-id=\"30c63e3\" data-element_type=\"widget\" data-e-type=\"widget\" data-widget_type=\"text-editor.default\">\n\t\t\t\t<div class=\"elementor-widget-container\">\n\t\t\t\t\t\t\t\t\t<p><strong>Do you need to contact us? Can&#8217;t find what you are looking for? Do you need a custom-made language solution?<\/strong><\/p>\n<p><span style=\"font-weight: 400;\">Our company is committed to providing the <\/span><span style=\"font-weight: 400;\">most effective top quality language solution<\/span><span style=\"font-weight: 400;\">. No matter if your project is large or small, we will create a tailored language solution designed for your needs and won\u2019t try to sell you products or services that you don\u2019t need when they don\u2019t add value to your business.&nbsp;<\/span><\/p>\n<p><span style=\"font-weight: 400;\">If you want to know more about us and&nbsp;<\/span><a href=\"https:\/\/transferendum.eu\/home\/what-do-you-need\/\" target=\"_blank\">what we can do for you<\/a><span style=\"font-weight: 400;\">&nbsp;don\u2019t hesitate to contact us.<\/span><\/p>\n<p><span style=\"font-weight: 400;\">As your Language Department you can leave all your language needs to us, so that you can focus on your core business activities, saving you time and money, while having your content ready to be delivered to your target audiences.<\/span><\/p>\n<p><a href=\"https:\/\/transferendum.eu\/contact-us\/\"><span style=\"font-weight: 400;\">C<\/span>ontact us<\/a><span style=\"font-weight: 400;\">&nbsp;and we will get back to you as soon as possible.<\/span><\/p>\t\t\t\t\t\t\t\t<\/div>\n\t\t\t\t<\/div>\n\t\t\t\t\t<\/div>\n\t\t<\/div>\n\t\t\t\t<div class=\"has_eae_slider elementor-column elementor-col-50 elementor-inner-column elementor-element elementor-element-682468f\" data-eae-slider=\"79958\" data-id=\"682468f\" data-element_type=\"column\" data-e-type=\"column\">\n\t\t\t<div class=\"elementor-widget-wrap elementor-element-populated\">\n\t\t\t\t\t\t<div class=\"elementor-element elementor-element-c88268d elementor-widget elementor-widget-text-editor\" data-id=\"c88268d\" data-element_type=\"widget\" data-e-type=\"widget\" data-widget_type=\"text-editor.default\">\n\t\t\t\t<div class=\"elementor-widget-container\">\n\t\t\t\t\t\t\t\t\t<h2>CONTACT INFORMATION<\/h2>\n\t\t\t\t\t\t\t\t<\/div>\n\t\t\t\t<\/div>\n\t\t\t\t<div class=\"elementor-element elementor-element-31b8c0c elementor-widget elementor-widget-text-editor\" data-id=\"31b8c0c\" data-element_type=\"widget\" data-e-type=\"widget\" data-widget_type=\"text-editor.default\">\n\t\t\t\t<div class=\"elementor-widget-container\">\n\t\t\t\t\t\t\t\t\t<address>\n<p><a href=\"tel:+35319631720\">+353 1 963 1720<\/a><br \/><a href=\"mailto:in**@***********um.eu\" data-original-string=\"ijgg96V0GRP2JR\/vZ6GibQ==f66hq7AFJ39Yv4wJ42BrOmrI+ZtWi4a4YMdtfgN37ZU\/Bw=\" title=\"This contact has been encoded by Anti-Spam by CleanTalk. Click to decode. To finish the decoding make sure that JavaScript is enabled in your browser.\"><span \n                data-original-string='4rdMHJxNIMypNDR\/8\/bifA==f664RvV3moc5JpqEsUJfgdpTALDg3MM93ekyBzzGashZyI='\n                class='apbct-email-encoder'\n                title='This contact has been encoded by Anti-Spam by CleanTalk. Click to decode. To finish the decoding make sure that JavaScript is enabled in your browser.'>in<span class=\"apbct-blur\">**<\/span>@<span class=\"apbct-blur\">***********<\/span>um.eu<\/span><\/a><br \/>We are located in 34 Usher&#8217;s Quay, Dublin 8, Ireland<\/p>\n<\/address>\n\t\t\t\t\t\t\t\t<\/div>\n\t\t\t\t<\/div>\n\t\t\t\t\t<\/div>\n\t\t<\/div>\n\t\t\t\t\t<\/div>\n\t\t<\/section>\n\t\t\t\t\t<\/div>\n\t\t<\/div>\n\t\t\t\t\t<\/div>\n\t\t<\/section>\n\t\t\t\t<section class=\"has_eae_slider elementor-section elementor-top-section elementor-element elementor-element-7f87c53 elementor-section-boxed elementor-section-height-default elementor-section-height-default\" data-eae-slider=\"61272\" data-id=\"7f87c53\" data-element_type=\"section\" data-e-type=\"section\">\n\t\t\t\t\t\t<div class=\"elementor-container elementor-column-gap-default\">\n\t\t\t\t\t<div class=\"has_eae_slider elementor-column elementor-col-100 elementor-top-column elementor-element elementor-element-ccd3214\" data-eae-slider=\"11765\" data-id=\"ccd3214\" data-element_type=\"column\" data-e-type=\"column\">\n\t\t\t<div class=\"elementor-widget-wrap elementor-element-populated\">\n\t\t\t\t<div class=\"has_eae_slider elementor-element elementor-element-d4a40e1 e-flex e-con-boxed e-con e-parent\" data-eae-slider=\"82348\" data-id=\"d4a40e1\" data-element_type=\"container\" data-e-type=\"container\">\n\t\t\t\t\t<div class=\"e-con-inner\">\n\t\t\t\t<div class=\"elementor-element elementor-element-96b1a38 elementor-button-align-stretch elementor-widget elementor-widget-form\" data-id=\"96b1a38\" data-element_type=\"widget\" data-e-type=\"widget\" data-settings=\"{&quot;step_next_label&quot;:&quot;Next&quot;,&quot;step_previous_label&quot;:&quot;Previous&quot;,&quot;button_width&quot;:&quot;100&quot;,&quot;step_type&quot;:&quot;number_text&quot;,&quot;step_icon_shape&quot;:&quot;circle&quot;}\" data-widget_type=\"form.default\">\n\t\t\t\t<div class=\"elementor-widget-container\">\n\t\t\t\t\t\t\t<form class=\"elementor-form\" method=\"post\" name=\"Contact Form\">\n\t\t\t<input type=\"hidden\" name=\"post_id\" value=\"7124\"\/>\n\t\t\t<input type=\"hidden\" name=\"form_id\" value=\"96b1a38\"\/>\n\t\t\t<input type=\"hidden\" name=\"referer_title\" value=\"transferendum.eu\" \/>\n\n\t\t\t\n\t\t\t<div class=\"elementor-form-fields-wrapper elementor-labels-\">\n\t\t\t\t\t\t\t\t<div class=\"elementor-field-type-html elementor-field-group elementor-column elementor-field-group-Option elementor-col-100\">\n\t\t\t\t\tPlease use this form for translation requests. If you want to work with us,<a href=\"https:\/\/transferendum.eu\/about-us\/work-with-us\/\"_blank\" > click here<\/a>\t\t\t\t<\/div>\n\t\t\t\t\t\t\t\t<div class=\"elementor-field-type-text elementor-field-group elementor-column elementor-field-group-name elementor-col-100 elementor-field-required\">\n\t\t\t\t\t\t\t\t\t\t\t\t<label for=\"form-field-name\" class=\"elementor-field-label elementor-screen-only\">\n\t\t\t\t\t\t\t\tName\t\t\t\t\t\t\t<\/label>\n\t\t\t\t\t\t\t\t\t\t\t\t\t\t<input size=\"1\" type=\"text\" name=\"form_fields[name]\" id=\"form-field-name\" class=\"elementor-field elementor-size-md  elementor-field-textual\" placeholder=\"Name*\" required=\"required\" aria-required=\"true\">\n\t\t\t\t\t\t\t\t\t\t\t<\/div>\n\t\t\t\t\t\t\t\t<div class=\"elementor-field-type-email elementor-field-group elementor-column elementor-field-group-email elementor-col-100 elementor-field-required\">\n\t\t\t\t\t\t\t\t\t\t\t\t<label for=\"form-field-email\" class=\"elementor-field-label elementor-screen-only\">\n\t\t\t\t\t\t\t\tEmail\t\t\t\t\t\t\t<\/label>\n\t\t\t\t\t\t\t\t\t\t\t\t\t\t<input size=\"1\" type=\"email\" name=\"form_fields[email]\" id=\"form-field-email\" class=\"elementor-field elementor-size-md  elementor-field-textual\" placeholder=\"Email*\" required=\"required\" aria-required=\"true\">\n\t\t\t\t\t\t\t\t\t\t\t<\/div>\n\t\t\t\t\t\t\t\t<div class=\"elementor-field-type-tel elementor-field-group elementor-column elementor-field-group-field_7af61c8 elementor-col-100\">\n\t\t\t\t\t\t\t\t\t\t\t\t<label for=\"form-field-field_7af61c8\" class=\"elementor-field-label elementor-screen-only\">\n\t\t\t\t\t\t\t\tPhone\t\t\t\t\t\t\t<\/label>\n\t\t\t\t\t\t\t\t<input size=\"1\" type=\"tel\" name=\"form_fields[field_7af61c8]\" id=\"form-field-field_7af61c8\" class=\"elementor-field elementor-size-md  elementor-field-textual\" placeholder=\"Phone\" pattern=\"[0-9()#&amp;+*-=.]+\" title=\"Only numbers and phone characters (#, -, *, etc) are accepted.\">\n\n\t\t\t\t\t\t<\/div>\n\t\t\t\t\t\t\t\t<div class=\"elementor-field-type-textarea elementor-field-group elementor-column elementor-field-group-field_914b1ae elementor-col-100 elementor-field-required\">\n\t\t\t\t\t\t\t\t\t\t\t\t<label for=\"form-field-field_914b1ae\" class=\"elementor-field-label elementor-screen-only\">\n\t\t\t\t\t\t\t\tMessage\t\t\t\t\t\t\t<\/label>\n\t\t\t\t\t\t<textarea class=\"elementor-field-textual elementor-field  elementor-size-md\" name=\"form_fields[field_914b1ae]\" id=\"form-field-field_914b1ae\" rows=\"3\" placeholder=\"How can we help you?*\" required=\"required\" aria-required=\"true\"><\/textarea>\t\t\t\t<\/div>\n\t\t\t\t\t\t\t\t<div class=\"elementor-field-type-upload elementor-field-group elementor-column elementor-field-group-field_404ee43 elementor-col-100\">\n\t\t\t\t\t\t\t\t\t\t\t\t<label for=\"form-field-field_404ee43\" class=\"elementor-field-label elementor-screen-only\">\n\t\t\t\t\t\t\t\tFile Upload\t\t\t\t\t\t\t<\/label>\n\t\t\t\t\t\t\t\t<input type=\"file\" name=\"form_fields[field_404ee43][]\" id=\"form-field-field_404ee43\" class=\"elementor-field elementor-size-md  elementor-upload-field\" multiple=\"multiple\" data-maxsize=\"10\" data-maxsize-message=\"This file exceeds the maximum allowed size.\">\n\n\t\t\t\t\t\t<\/div>\n\t\t\t\t\t\t\t\t<div class=\"elementor-field-type-html elementor-field-group elementor-column elementor-field-group-privacy_policy elementor-col-100\">\n\t\t\t\t\tSee how  <a href=\"https:\/\/transferendum.eu\/privacy-policy\/\" target=\"_blank\" >we keep your data secure<\/a>\t\t\t\t<\/div>\n\t\t\t\t\t\t\t\t<div class=\"elementor-field-group elementor-column elementor-field-type-submit elementor-col-100 e-form__buttons\">\n\t\t\t\t\t<button type=\"submit\" class=\"elementor-button elementor-size-sm\">\n\t\t\t\t\t\t<span >\n\t\t\t\t\t\t\t\t\t\t\t\t\t\t\t<span class=\" elementor-button-icon\">\n\t\t\t\t\t\t\t\t\t\t\t\t\t\t\t\t\t\t\t\t\t\t\t\t\t\t<\/span>\n\t\t\t\t\t\t\t\t\t\t\t\t\t\t\t\t\t\t\t\t\t\t<span class=\"elementor-button-text\">Get a Free Quote<\/span>\n\t\t\t\t\t\t\t\t\t\t\t\t\t<\/span>\n\t\t\t\t\t<\/button>\n\t\t\t\t<\/div>\n\t\t\t<\/div>\n\t\t<input\n                    class=\"apbct_special_field apbct_email_id__elementor_form\"\n                    name=\"apbct__email_id__elementor_form\"\n                    aria-label=\"apbct__label_id__elementor_form\"\n                    type=\"text\" size=\"30\" maxlength=\"200\" autocomplete=\"off\"\n                    value=\"\"\n                \/><\/form>\n\t\t\t\t\t\t<\/div>\n\t\t\t\t<\/div>\n\t\t\t\t\t<\/div>\n\t\t\t\t<\/div>\n\t\t\t\t<div class=\"elementor-element elementor-element-7582978 elementor-widget-divider--view-line elementor-widget elementor-widget-divider\" data-id=\"7582978\" data-element_type=\"widget\" data-e-type=\"widget\" data-widget_type=\"divider.default\">\n\t\t\t\t<div class=\"elementor-widget-container\">\n\t\t\t\t\t\t\t<div class=\"elementor-divider\">\n\t\t\t<span class=\"elementor-divider-separator\">\n\t\t\t\t\t\t<\/span>\n\t\t<\/div>\n\t\t\t\t\t\t<\/div>\n\t\t\t\t<\/div>\n\t\t\t\t\t<\/div>\n\t\t<\/div>\n\t\t\t\t\t<\/div>\n\t\t<\/section>\n\t\t\t\t<\/div>\n\t\t","protected":false},"excerpt":{"rendered":"<p>Do you need to contact us? Can&#8217;t find what you are looking for? Do you need a custom-made language solution? Our company is committed to providing the most effective top quality language solution. No matter if your project is large or small, we will create a tailored language solution designed for your needs and won\u2019t [&hellip;]<\/p>\n","protected":false},"author":320,"featured_media":9942,"parent":0,"menu_order":0,"comment_status":"closed","ping_status":"closed","template":"","meta":{"_acf_changed":false,"footnotes":""},"class_list":["post-7124","page","type-page","status-publish","has-post-thumbnail","hentry"],"acf":[],"yoast_head":"<!-- This site is optimized with the Yoast SEO plugin v27.1 - https:\/\/yoast.com\/product\/yoast-seo-wordpress\/ -->\n<title>Nous contacter - transferendum.eu<\/title>\n<meta name=\"description\" content=\"Envoyez-nous un e-mail, t\u00e9l\u00e9phonez-nous ou trouvez-nous. N\u2019h\u00e9sitez pas \u00e0 nous contacter, nous vous aiderons \u00e0 r\u00e9soudre vos probl\u00e8mes linguistiques.\" \/>\n<meta name=\"robots\" content=\"index, follow, max-snippet:-1, max-image-preview:large, max-video-preview:-1\" \/>\n<link rel=\"canonical\" href=\"https:\/\/transferendum.eu\/fr\/nous-contacter\/\" \/>\n<meta property=\"og:locale\" content=\"fr_FR\" \/>\n<meta property=\"og:type\" content=\"article\" \/>\n<meta property=\"og:title\" content=\"Nous contacter - transferendum.eu\" \/>\n<meta property=\"og:description\" content=\"Envoyez-nous un e-mail, t\u00e9l\u00e9phonez-nous ou trouvez-nous. N\u2019h\u00e9sitez pas \u00e0 nous contacter, nous vous aiderons \u00e0 r\u00e9soudre vos probl\u00e8mes linguistiques.\" \/>\n<meta property=\"og:url\" content=\"https:\/\/transferendum.eu\/fr\/nous-contacter\/\" \/>\n<meta property=\"og:site_name\" content=\"transferendum.eu\" \/>\n<meta property=\"article:modified_time\" content=\"2024-05-29T14:28:15+00:00\" \/>\n<meta property=\"og:image\" content=\"https:\/\/transferendum.eu\/wp-content\/uploads\/sites\/16\/2024\/05\/Contact-us.png\" \/>\n\t<meta property=\"og:image:width\" content=\"500\" \/>\n\t<meta property=\"og:image:height\" content=\"500\" \/>\n\t<meta property=\"og:image:type\" content=\"image\/png\" \/>\n<meta name=\"twitter:card\" content=\"summary_large_image\" \/>\n<meta name=\"twitter:label1\" content=\"Est. reading time\" \/>\n\t<meta name=\"twitter:data1\" content=\"3 minutes\" \/>\n<script type=\"application\/ld+json\" class=\"yoast-schema-graph\">{\"@context\":\"https:\/\/schema.org\",\"@graph\":[{\"@type\":\"WebPage\",\"@id\":\"https:\/\/transferendum.eu\/fr\/nous-contacter\/\",\"url\":\"https:\/\/transferendum.eu\/fr\/nous-contacter\/\",\"name\":\"Nous contacter - transferendum.eu\",\"isPartOf\":{\"@id\":\"https:\/\/transferendum.eu\/fr\/#website\"},\"primaryImageOfPage\":{\"@id\":\"https:\/\/transferendum.eu\/fr\/nous-contacter\/#primaryimage\"},\"image\":{\"@id\":\"https:\/\/transferendum.eu\/fr\/nous-contacter\/#primaryimage\"},\"thumbnailUrl\":\"https:\/\/transferendum.eu\/wp-content\/uploads\/sites\/16\/2024\/05\/Contact-us.png\",\"datePublished\":\"2024-02-28T13:58:31+00:00\",\"dateModified\":\"2024-05-29T14:28:15+00:00\",\"description\":\"Envoyez-nous un e-mail, t\u00e9l\u00e9phonez-nous ou trouvez-nous. N\u2019h\u00e9sitez pas \u00e0 nous contacter, nous vous aiderons \u00e0 r\u00e9soudre vos probl\u00e8mes linguistiques.\",\"inLanguage\":\"fr-FR\",\"potentialAction\":[{\"@type\":\"ReadAction\",\"target\":[\"https:\/\/transferendum.eu\/fr\/nous-contacter\/\"]}]},{\"@type\":\"ImageObject\",\"inLanguage\":\"fr-FR\",\"@id\":\"https:\/\/transferendum.eu\/fr\/nous-contacter\/#primaryimage\",\"url\":\"https:\/\/transferendum.eu\/wp-content\/uploads\/sites\/16\/2024\/05\/Contact-us.png\",\"contentUrl\":\"https:\/\/transferendum.eu\/wp-content\/uploads\/sites\/16\/2024\/05\/Contact-us.png\",\"width\":500,\"height\":500,\"caption\":\"Contact us\"},{\"@type\":\"WebSite\",\"@id\":\"https:\/\/transferendum.eu\/fr\/#website\",\"url\":\"https:\/\/transferendum.eu\/fr\/\",\"name\":\"transferendum.eu\",\"description\":\"Transferendum EU\",\"publisher\":{\"@id\":\"https:\/\/transferendum.eu\/fr\/#organization\"},\"potentialAction\":[{\"@type\":\"SearchAction\",\"target\":{\"@type\":\"EntryPoint\",\"urlTemplate\":\"https:\/\/transferendum.eu\/fr\/?s={search_term_string}\"},\"query-input\":{\"@type\":\"PropertyValueSpecification\",\"valueRequired\":true,\"valueName\":\"search_term_string\"}}],\"inLanguage\":\"fr-FR\"},{\"@type\":\"Organization\",\"@id\":\"https:\/\/transferendum.eu\/fr\/#organization\",\"name\":\"Transferendum\",\"url\":\"https:\/\/transferendum.eu\/fr\/\",\"logo\":{\"@type\":\"ImageObject\",\"inLanguage\":\"fr-FR\",\"@id\":\"https:\/\/transferendum.eu\/fr\/#\/schema\/logo\/image\/\",\"url\":\"https:\/\/transferendum.dev.radixweb.net\/transferendum_eu\/wp-content\/uploads\/sites\/16\/2021\/10\/Transferendum_Logo_cropped.jpg\",\"contentUrl\":\"https:\/\/transferendum.dev.radixweb.net\/transferendum_eu\/wp-content\/uploads\/sites\/16\/2021\/10\/Transferendum_Logo_cropped.jpg\",\"width\":1496,\"height\":356,\"caption\":\"Transferendum\"},\"image\":{\"@id\":\"https:\/\/transferendum.eu\/fr\/#\/schema\/logo\/image\/\"},\"sameAs\":[\"https:\/\/www.instagram.com\/transferendum.eu\/\"]}]}<\/script>\n<!-- \/ Yoast SEO plugin. -->","yoast_head_json":{"title":"Nous contacter - transferendum.eu","description":"Envoyez-nous un e-mail, t\u00e9l\u00e9phonez-nous ou trouvez-nous. N\u2019h\u00e9sitez pas \u00e0 nous contacter, nous vous aiderons \u00e0 r\u00e9soudre vos probl\u00e8mes linguistiques.","robots":{"index":"index","follow":"follow","max-snippet":"max-snippet:-1","max-image-preview":"max-image-preview:large","max-video-preview":"max-video-preview:-1"},"canonical":"https:\/\/transferendum.eu\/fr\/nous-contacter\/","og_locale":"fr_FR","og_type":"article","og_title":"Nous contacter - transferendum.eu","og_description":"Envoyez-nous un e-mail, t\u00e9l\u00e9phonez-nous ou trouvez-nous. N\u2019h\u00e9sitez pas \u00e0 nous contacter, nous vous aiderons \u00e0 r\u00e9soudre vos probl\u00e8mes linguistiques.","og_url":"https:\/\/transferendum.eu\/fr\/nous-contacter\/","og_site_name":"transferendum.eu","article_modified_time":"2024-05-29T14:28:15+00:00","og_image":[{"width":500,"height":500,"url":"https:\/\/transferendum.eu\/wp-content\/uploads\/sites\/16\/2024\/05\/Contact-us.png","type":"image\/png"}],"twitter_card":"summary_large_image","twitter_misc":{"Est. reading time":"3 minutes"},"schema":{"@context":"https:\/\/schema.org","@graph":[{"@type":"WebPage","@id":"https:\/\/transferendum.eu\/fr\/nous-contacter\/","url":"https:\/\/transferendum.eu\/fr\/nous-contacter\/","name":"Nous contacter - transferendum.eu","isPartOf":{"@id":"https:\/\/transferendum.eu\/fr\/#website"},"primaryImageOfPage":{"@id":"https:\/\/transferendum.eu\/fr\/nous-contacter\/#primaryimage"},"image":{"@id":"https:\/\/transferendum.eu\/fr\/nous-contacter\/#primaryimage"},"thumbnailUrl":"https:\/\/transferendum.eu\/wp-content\/uploads\/sites\/16\/2024\/05\/Contact-us.png","datePublished":"2024-02-28T13:58:31+00:00","dateModified":"2024-05-29T14:28:15+00:00","description":"Envoyez-nous un e-mail, t\u00e9l\u00e9phonez-nous ou trouvez-nous. N\u2019h\u00e9sitez pas \u00e0 nous contacter, nous vous aiderons \u00e0 r\u00e9soudre vos probl\u00e8mes linguistiques.","inLanguage":"fr-FR","potentialAction":[{"@type":"ReadAction","target":["https:\/\/transferendum.eu\/fr\/nous-contacter\/"]}]},{"@type":"ImageObject","inLanguage":"fr-FR","@id":"https:\/\/transferendum.eu\/fr\/nous-contacter\/#primaryimage","url":"https:\/\/transferendum.eu\/wp-content\/uploads\/sites\/16\/2024\/05\/Contact-us.png","contentUrl":"https:\/\/transferendum.eu\/wp-content\/uploads\/sites\/16\/2024\/05\/Contact-us.png","width":500,"height":500,"caption":"Contact us"},{"@type":"WebSite","@id":"https:\/\/transferendum.eu\/fr\/#website","url":"https:\/\/transferendum.eu\/fr\/","name":"transferendum.eu","description":"Transferendum EU","publisher":{"@id":"https:\/\/transferendum.eu\/fr\/#organization"},"potentialAction":[{"@type":"SearchAction","target":{"@type":"EntryPoint","urlTemplate":"https:\/\/transferendum.eu\/fr\/?s={search_term_string}"},"query-input":{"@type":"PropertyValueSpecification","valueRequired":true,"valueName":"search_term_string"}}],"inLanguage":"fr-FR"},{"@type":"Organization","@id":"https:\/\/transferendum.eu\/fr\/#organization","name":"Transferendum","url":"https:\/\/transferendum.eu\/fr\/","logo":{"@type":"ImageObject","inLanguage":"fr-FR","@id":"https:\/\/transferendum.eu\/fr\/#\/schema\/logo\/image\/","url":"https:\/\/transferendum.dev.radixweb.net\/transferendum_eu\/wp-content\/uploads\/sites\/16\/2021\/10\/Transferendum_Logo_cropped.jpg","contentUrl":"https:\/\/transferendum.dev.radixweb.net\/transferendum_eu\/wp-content\/uploads\/sites\/16\/2021\/10\/Transferendum_Logo_cropped.jpg","width":1496,"height":356,"caption":"Transferendum"},"image":{"@id":"https:\/\/transferendum.eu\/fr\/#\/schema\/logo\/image\/"},"sameAs":["https:\/\/www.instagram.com\/transferendum.eu\/"]}]}},"_links":{"self":[{"href":"https:\/\/transferendum.eu\/fr\/wp-json\/wp\/v2\/pages\/7124","targetHints":{"allow":["GET"]}}],"collection":[{"href":"https:\/\/transferendum.eu\/fr\/wp-json\/wp\/v2\/pages"}],"about":[{"href":"https:\/\/transferendum.eu\/fr\/wp-json\/wp\/v2\/types\/page"}],"author":[{"embeddable":true,"href":"https:\/\/transferendum.eu\/fr\/wp-json\/wp\/v2\/users\/320"}],"replies":[{"embeddable":true,"href":"https:\/\/transferendum.eu\/fr\/wp-json\/wp\/v2\/comments?post=7124"}],"version-history":[{"count":0,"href":"https:\/\/transferendum.eu\/fr\/wp-json\/wp\/v2\/pages\/7124\/revisions"}],"wp:featuredmedia":[{"embeddable":true,"href":"https:\/\/transferendum.eu\/fr\/wp-json\/wp\/v2\/media\/9942"}],"wp:attachment":[{"href":"https:\/\/transferendum.eu\/fr\/wp-json\/wp\/v2\/media?parent=7124"}],"curies":[{"name":"wp","href":"https:\/\/api.w.org\/{rel}","templated":true}]}}