{"id":7123,"date":"2024-02-28T13:58:12","date_gmt":"2024-02-28T13:58:12","guid":{"rendered":"https:\/\/transferendum.eu\/assurance-qualite-et-confidentialite\/"},"modified":"2024-05-15T17:12:18","modified_gmt":"2024-05-15T16:12:18","slug":"assurance-qualite-et-confidentialite","status":"publish","type":"page","link":"https:\/\/transferendum.eu\/fr\/assurance-qualite-et-confidentialite\/","title":{"rendered":"Assurance qualit\u00e9 et confidentialit\u00e9"},"content":{"rendered":"\t\t<div data-elementor-type=\"wp-page\" data-elementor-id=\"7123\" class=\"elementor elementor-7123 elementor-946\" data-elementor-post-type=\"page\">\n\t\t\t\t\t\t<section class=\"has_eae_slider elementor-section elementor-top-section elementor-element elementor-element-cbdb8d9 elementor-section-boxed elementor-section-height-default elementor-section-height-default\" data-eae-slider=\"58346\" data-id=\"cbdb8d9\" data-element_type=\"section\" data-e-type=\"section\">\n\t\t\t\t\t\t<div class=\"elementor-container elementor-column-gap-default\">\n\t\t\t\t\t<div class=\"has_eae_slider elementor-column elementor-col-100 elementor-top-column elementor-element elementor-element-795746b\" data-eae-slider=\"85422\" data-id=\"795746b\" data-element_type=\"column\" data-e-type=\"column\">\n\t\t\t<div class=\"elementor-widget-wrap elementor-element-populated\">\n\t\t\t\t\t\t<div class=\"elementor-element elementor-element-57d021c elementor-widget elementor-widget-heading\" data-id=\"57d021c\" data-element_type=\"widget\" data-e-type=\"widget\" data-widget_type=\"heading.default\">\n\t\t\t\t<div class=\"elementor-widget-container\">\n\t\t\t\t\t<h2 class=\"elementor-heading-title elementor-size-default\"><h1 style=\"font-family: Share, sans-serif;white-space: normal\">Assurance qualit\u00e9 et confidentialit\u00e9<\/h1><\/h2>\t\t\t\t<\/div>\n\t\t\t\t<\/div>\n\t\t\t\t\t<\/div>\n\t\t<\/div>\n\t\t\t\t\t<\/div>\n\t\t<\/section>\n\t\t\t\t<section class=\"has_eae_slider elementor-section elementor-top-section elementor-element elementor-element-ab061a1 elementor-section-boxed elementor-section-height-default elementor-section-height-default\" data-eae-slider=\"88549\" data-id=\"ab061a1\" data-element_type=\"section\" data-e-type=\"section\">\n\t\t\t\t\t\t<div class=\"elementor-container elementor-column-gap-default\">\n\t\t\t\t\t<div class=\"has_eae_slider elementor-column elementor-col-50 elementor-top-column elementor-element elementor-element-9fd400f\" data-eae-slider=\"69112\" data-id=\"9fd400f\" data-element_type=\"column\" data-e-type=\"column\">\n\t\t\t<div class=\"elementor-widget-wrap elementor-element-populated\">\n\t\t\t\t\t\t<div class=\"elementor-element elementor-element-21456f1 elementor-widget elementor-widget-text-editor\" data-id=\"21456f1\" data-element_type=\"widget\" data-e-type=\"widget\" data-widget_type=\"text-editor.default\">\n\t\t\t\t<div class=\"elementor-widget-container\">\n\t\t\t\t\t\t\t\t\t<p><span style=\"font-weight: 400;\">Nous avons le devoir et la responsabilit\u00e9 de prot\u00e9ger la confidentialit\u00e9 du contenu et des activit\u00e9s de nos clients. Nos processus sont int\u00e9gr\u00e9s de mani\u00e8re s\u00e9curis\u00e9e et priv\u00e9e afin que vos donn\u00e9es soient trait\u00e9es de mani\u00e8re confidentielle conform\u00e9ment aux processus de s\u00e9curit\u00e9 des donn\u00e9es RGPD et ISO 27001.\u00a0\u00a0<\/span><\/p>\n<p><span style=\"font-weight: 400;\">Nous avons d\u00e9velopp\u00e9 et d\u00e9ploy\u00e9 des flux de travail s\u00e9curis\u00e9s pour g\u00e9rer de mani\u00e8re confidentielle la transmission des donn\u00e9es aux traducteurs et aux r\u00e9viseurs, y compris les \u00e9tapes de r\u00e9vision par le client.<\/span><\/p>\n<p><span style=\"font-weight: 400;\">Nous pouvons \u00e9galement fournir des accords de confidentialit\u00e9 sur mesure pour r\u00e9pondre aux besoins de votre secteur d\u2019activit\u00e9.<\/span><\/p>\n<p><span style=\"font-weight: 400;\">Nous ne travaillons qu\u2019avec des traducteurs exp\u00e9riment\u00e9s et qualifi\u00e9s et nous appliquons un syst\u00e8me de gestion de la traduction enti\u00e8rement certifi\u00e9 selon la norme EN 17100:2015, ainsi qu\u2019un syst\u00e8me complet de gestion de la qualit\u00e9 enti\u00e8rement conforme \u00e0 la norme ISO 9001:2015.<\/span><\/p>\t\t\t\t\t\t\t\t<\/div>\n\t\t\t\t<\/div>\n\t\t\t\t\t<\/div>\n\t\t<\/div>\n\t\t\t\t<div class=\"has_eae_slider elementor-column elementor-col-50 elementor-top-column elementor-element elementor-element-5dd334d\" data-eae-slider=\"44058\" data-id=\"5dd334d\" data-element_type=\"column\" data-e-type=\"column\">\n\t\t\t<div class=\"elementor-widget-wrap elementor-element-populated\">\n\t\t\t\t\t\t<div class=\"elementor-element elementor-element-1f3b4b7 elementor-widget elementor-widget-image\" data-id=\"1f3b4b7\" data-element_type=\"widget\" data-e-type=\"widget\" data-widget_type=\"image.default\">\n\t\t\t\t<div class=\"elementor-widget-container\">\n\t\t\t\t\t\t\t\t\t\t\t\t\t\t\t<img fetchpriority=\"high\" decoding=\"async\" width=\"444\" height=\"300\" src=\"https:\/\/transferendum.eu\/wp-content\/uploads\/sites\/16\/2022\/04\/security.jpg\" class=\"attachment-large size-large wp-image-948\" alt=\"\" \/>\t\t\t\t\t\t\t\t\t\t\t\t\t\t\t<\/div>\n\t\t\t\t<\/div>\n\t\t\t\t\t<\/div>\n\t\t<\/div>\n\t\t\t\t\t<\/div>\n\t\t<\/section>\n\t\t\t\t<section class=\"has_eae_slider elementor-section elementor-top-section elementor-element elementor-element-92cc4cd elementor-section-boxed elementor-section-height-default elementor-section-height-default\" data-eae-slider=\"34324\" data-id=\"92cc4cd\" data-element_type=\"section\" data-e-type=\"section\">\n\t\t\t\t\t\t<div class=\"elementor-container elementor-column-gap-default\">\n\t\t\t\t\t<div class=\"has_eae_slider elementor-column elementor-col-100 elementor-top-column elementor-element elementor-element-33e41f5\" data-eae-slider=\"75204\" data-id=\"33e41f5\" data-element_type=\"column\" data-e-type=\"column\">\n\t\t\t<div class=\"elementor-widget-wrap elementor-element-populated\">\n\t\t\t\t\t\t<section class=\"has_eae_slider elementor-section elementor-inner-section elementor-element elementor-element-27f0a27 elementor-section-boxed elementor-section-height-default elementor-section-height-default\" data-eae-slider=\"75220\" data-id=\"27f0a27\" data-element_type=\"section\" data-e-type=\"section\">\n\t\t\t\t\t\t<div class=\"elementor-container elementor-column-gap-default\">\n\t\t\t\t\t<div class=\"has_eae_slider elementor-column elementor-col-50 elementor-inner-column elementor-element elementor-element-356f8a0\" data-eae-slider=\"40573\" data-id=\"356f8a0\" data-element_type=\"column\" data-e-type=\"column\">\n\t\t\t<div class=\"elementor-widget-wrap elementor-element-populated\">\n\t\t\t\t\t\t<div class=\"elementor-element elementor-element-eaaf67f elementor-widget elementor-widget-image\" data-id=\"eaaf67f\" data-element_type=\"widget\" data-e-type=\"widget\" data-widget_type=\"image.default\">\n\t\t\t\t<div class=\"elementor-widget-container\">\n\t\t\t\t\t\t\t\t\t\t\t\t\t\t\t<img decoding=\"async\" width=\"706\" height=\"1024\" src=\"https:\/\/transferendum.eu\/wp-content\/uploads\/sites\/16\/2024\/03\/9001-2024.png\" class=\"attachment-large size-large wp-image-7160\" alt=\"9001 certification\" \/>\t\t\t\t\t\t\t\t\t\t\t\t\t\t\t<\/div>\n\t\t\t\t<\/div>\n\t\t\t\t\t<\/div>\n\t\t<\/div>\n\t\t\t\t<div class=\"has_eae_slider elementor-column elementor-col-50 elementor-inner-column elementor-element elementor-element-f825afa\" data-eae-slider=\"19199\" data-id=\"f825afa\" data-element_type=\"column\" data-e-type=\"column\">\n\t\t\t<div class=\"elementor-widget-wrap elementor-element-populated\">\n\t\t\t\t\t\t<div class=\"elementor-element elementor-element-0f007bc elementor-widget elementor-widget-image\" data-id=\"0f007bc\" data-element_type=\"widget\" data-e-type=\"widget\" data-widget_type=\"image.default\">\n\t\t\t\t<div class=\"elementor-widget-container\">\n\t\t\t\t\t\t\t\t\t\t\t\t\t\t\t<img decoding=\"async\" width=\"707\" height=\"1024\" src=\"https:\/\/transferendum.eu\/wp-content\/uploads\/sites\/16\/2024\/03\/17100-2024.png\" class=\"attachment-large size-large wp-image-7165\" alt=\"17100 certification\" \/>\t\t\t\t\t\t\t\t\t\t\t\t\t\t\t<\/div>\n\t\t\t\t<\/div>\n\t\t\t\t\t<\/div>\n\t\t<\/div>\n\t\t\t\t\t<\/div>\n\t\t<\/section>\n\t\t\t\t\t<\/div>\n\t\t<\/div>\n\t\t\t\t\t<\/div>\n\t\t<\/section>\n\t\t\t\t<section class=\"has_eae_slider elementor-section elementor-top-section elementor-element elementor-element-260bece6 elementor-section-boxed elementor-section-height-default elementor-section-height-default\" data-eae-slider=\"98251\" data-id=\"260bece6\" data-element_type=\"section\" data-e-type=\"section\">\n\t\t\t\t\t\t<div class=\"elementor-container elementor-column-gap-default\">\n\t\t\t\t\t<div class=\"has_eae_slider elementor-column elementor-col-100 elementor-top-column elementor-element elementor-element-3b49ecaf\" data-eae-slider=\"56422\" data-id=\"3b49ecaf\" data-element_type=\"column\" data-e-type=\"column\">\n\t\t\t<div class=\"elementor-widget-wrap elementor-element-populated\">\n\t\t\t\t\t\t<div class=\"elementor-element elementor-element-7df336a5 elementor-widget-divider--view-line elementor-widget elementor-widget-divider\" data-id=\"7df336a5\" data-element_type=\"widget\" data-e-type=\"widget\" data-widget_type=\"divider.default\">\n\t\t\t\t<div class=\"elementor-widget-container\">\n\t\t\t\t\t\t\t<div class=\"elementor-divider\">\n\t\t\t<span class=\"elementor-divider-separator\">\n\t\t\t\t\t\t<\/span>\n\t\t<\/div>\n\t\t\t\t\t\t<\/div>\n\t\t\t\t<\/div>\n\t\t\t\t\t<\/div>\n\t\t<\/div>\n\t\t\t\t\t<\/div>\n\t\t<\/section>\n\t\t\t\t<\/div>\n\t\t","protected":false},"excerpt":{"rendered":"<p>Assurance qualit\u00e9 et confidentialit\u00e9 Nous avons le devoir et la responsabilit\u00e9 de prot\u00e9ger la confidentialit\u00e9 du contenu et des activit\u00e9s de nos clients. Nos processus sont int\u00e9gr\u00e9s de mani\u00e8re s\u00e9curis\u00e9e et priv\u00e9e afin que vos donn\u00e9es soient trait\u00e9es de mani\u00e8re confidentielle conform\u00e9ment aux processus de s\u00e9curit\u00e9 des donn\u00e9es RGPD et ISO 27001.\u00a0\u00a0 Nous avons d\u00e9velopp\u00e9 [&hellip;]<\/p>\n","protected":false},"author":133,"featured_media":9473,"parent":0,"menu_order":0,"comment_status":"closed","ping_status":"closed","template":"","meta":{"_acf_changed":false,"footnotes":""},"class_list":["post-7123","page","type-page","status-publish","has-post-thumbnail","hentry"],"acf":[],"yoast_head":"<!-- This site is optimized with the Yoast SEO plugin v27.1 - https:\/\/yoast.com\/product\/yoast-seo-wordpress\/ -->\n<title>Assurance qualit\u00e9 et confidentialit\u00e9 - transferendum.eu<\/title>\n<meta name=\"robots\" content=\"index, follow, max-snippet:-1, max-image-preview:large, max-video-preview:-1\" \/>\n<link rel=\"canonical\" href=\"https:\/\/transferendum.eu\/fr\/assurance-qualite-et-confidentialite\/\" \/>\n<meta property=\"og:locale\" content=\"fr_FR\" \/>\n<meta property=\"og:type\" content=\"article\" \/>\n<meta property=\"og:title\" content=\"Assurance qualit\u00e9 et confidentialit\u00e9 - transferendum.eu\" \/>\n<meta property=\"og:description\" content=\"Assurance qualit\u00e9 et confidentialit\u00e9 Nous avons le devoir et la responsabilit\u00e9 de prot\u00e9ger la confidentialit\u00e9 du contenu et des activit\u00e9s de nos clients. Nos processus sont int\u00e9gr\u00e9s de mani\u00e8re s\u00e9curis\u00e9e et priv\u00e9e afin que vos donn\u00e9es soient trait\u00e9es de mani\u00e8re confidentielle conform\u00e9ment aux processus de s\u00e9curit\u00e9 des donn\u00e9es RGPD et ISO 27001.\u00a0\u00a0 Nous avons d\u00e9velopp\u00e9 [&hellip;]\" \/>\n<meta property=\"og:url\" content=\"https:\/\/transferendum.eu\/fr\/assurance-qualite-et-confidentialite\/\" \/>\n<meta property=\"og:site_name\" content=\"transferendum.eu\" \/>\n<meta property=\"article:modified_time\" content=\"2024-05-15T16:12:18+00:00\" \/>\n<meta property=\"og:image\" content=\"https:\/\/transferendum.eu\/wp-content\/uploads\/sites\/16\/2024\/05\/We-are-certified.jpg\" \/>\n\t<meta property=\"og:image:width\" content=\"1024\" \/>\n\t<meta property=\"og:image:height\" content=\"1024\" \/>\n\t<meta property=\"og:image:type\" content=\"image\/jpeg\" \/>\n<meta name=\"twitter:card\" content=\"summary_large_image\" \/>\n<meta name=\"twitter:label1\" content=\"Est. reading time\" \/>\n\t<meta name=\"twitter:data1\" content=\"3 minutes\" \/>\n<script type=\"application\/ld+json\" class=\"yoast-schema-graph\">{\"@context\":\"https:\/\/schema.org\",\"@graph\":[{\"@type\":\"WebPage\",\"@id\":\"https:\/\/transferendum.eu\/fr\/assurance-qualite-et-confidentialite\/\",\"url\":\"https:\/\/transferendum.eu\/fr\/assurance-qualite-et-confidentialite\/\",\"name\":\"Assurance qualit\u00e9 et confidentialit\u00e9 - transferendum.eu\",\"isPartOf\":{\"@id\":\"https:\/\/transferendum.eu\/fr\/#website\"},\"primaryImageOfPage\":{\"@id\":\"https:\/\/transferendum.eu\/fr\/assurance-qualite-et-confidentialite\/#primaryimage\"},\"image\":{\"@id\":\"https:\/\/transferendum.eu\/fr\/assurance-qualite-et-confidentialite\/#primaryimage\"},\"thumbnailUrl\":\"https:\/\/transferendum.eu\/wp-content\/uploads\/sites\/16\/2024\/05\/We-are-certified.jpg\",\"datePublished\":\"2024-02-28T13:58:12+00:00\",\"dateModified\":\"2024-05-15T16:12:18+00:00\",\"inLanguage\":\"fr-FR\",\"potentialAction\":[{\"@type\":\"ReadAction\",\"target\":[\"https:\/\/transferendum.eu\/fr\/assurance-qualite-et-confidentialite\/\"]}]},{\"@type\":\"ImageObject\",\"inLanguage\":\"fr-FR\",\"@id\":\"https:\/\/transferendum.eu\/fr\/assurance-qualite-et-confidentialite\/#primaryimage\",\"url\":\"https:\/\/transferendum.eu\/wp-content\/uploads\/sites\/16\/2024\/05\/We-are-certified.jpg\",\"contentUrl\":\"https:\/\/transferendum.eu\/wp-content\/uploads\/sites\/16\/2024\/05\/We-are-certified.jpg\",\"width\":1024,\"height\":1024,\"caption\":\"Secure processes\"},{\"@type\":\"WebSite\",\"@id\":\"https:\/\/transferendum.eu\/fr\/#website\",\"url\":\"https:\/\/transferendum.eu\/fr\/\",\"name\":\"transferendum.eu\",\"description\":\"Transferendum EU\",\"publisher\":{\"@id\":\"https:\/\/transferendum.eu\/fr\/#organization\"},\"potentialAction\":[{\"@type\":\"SearchAction\",\"target\":{\"@type\":\"EntryPoint\",\"urlTemplate\":\"https:\/\/transferendum.eu\/fr\/?s={search_term_string}\"},\"query-input\":{\"@type\":\"PropertyValueSpecification\",\"valueRequired\":true,\"valueName\":\"search_term_string\"}}],\"inLanguage\":\"fr-FR\"},{\"@type\":\"Organization\",\"@id\":\"https:\/\/transferendum.eu\/fr\/#organization\",\"name\":\"Transferendum\",\"url\":\"https:\/\/transferendum.eu\/fr\/\",\"logo\":{\"@type\":\"ImageObject\",\"inLanguage\":\"fr-FR\",\"@id\":\"https:\/\/transferendum.eu\/fr\/#\/schema\/logo\/image\/\",\"url\":\"https:\/\/transferendum.dev.radixweb.net\/transferendum_eu\/wp-content\/uploads\/sites\/16\/2021\/10\/Transferendum_Logo_cropped.jpg\",\"contentUrl\":\"https:\/\/transferendum.dev.radixweb.net\/transferendum_eu\/wp-content\/uploads\/sites\/16\/2021\/10\/Transferendum_Logo_cropped.jpg\",\"width\":1496,\"height\":356,\"caption\":\"Transferendum\"},\"image\":{\"@id\":\"https:\/\/transferendum.eu\/fr\/#\/schema\/logo\/image\/\"},\"sameAs\":[\"https:\/\/www.instagram.com\/transferendum.eu\/\"]}]}<\/script>\n<!-- \/ Yoast SEO plugin. -->","yoast_head_json":{"title":"Assurance qualit\u00e9 et confidentialit\u00e9 - transferendum.eu","robots":{"index":"index","follow":"follow","max-snippet":"max-snippet:-1","max-image-preview":"max-image-preview:large","max-video-preview":"max-video-preview:-1"},"canonical":"https:\/\/transferendum.eu\/fr\/assurance-qualite-et-confidentialite\/","og_locale":"fr_FR","og_type":"article","og_title":"Assurance qualit\u00e9 et confidentialit\u00e9 - transferendum.eu","og_description":"Assurance qualit\u00e9 et confidentialit\u00e9 Nous avons le devoir et la responsabilit\u00e9 de prot\u00e9ger la confidentialit\u00e9 du contenu et des activit\u00e9s de nos clients. Nos processus sont int\u00e9gr\u00e9s de mani\u00e8re s\u00e9curis\u00e9e et priv\u00e9e afin que vos donn\u00e9es soient trait\u00e9es de mani\u00e8re confidentielle conform\u00e9ment aux processus de s\u00e9curit\u00e9 des donn\u00e9es RGPD et ISO 27001.\u00a0\u00a0 Nous avons d\u00e9velopp\u00e9 [&hellip;]","og_url":"https:\/\/transferendum.eu\/fr\/assurance-qualite-et-confidentialite\/","og_site_name":"transferendum.eu","article_modified_time":"2024-05-15T16:12:18+00:00","og_image":[{"width":1024,"height":1024,"url":"https:\/\/transferendum.eu\/wp-content\/uploads\/sites\/16\/2024\/05\/We-are-certified.jpg","type":"image\/jpeg"}],"twitter_card":"summary_large_image","twitter_misc":{"Est. reading time":"3 minutes"},"schema":{"@context":"https:\/\/schema.org","@graph":[{"@type":"WebPage","@id":"https:\/\/transferendum.eu\/fr\/assurance-qualite-et-confidentialite\/","url":"https:\/\/transferendum.eu\/fr\/assurance-qualite-et-confidentialite\/","name":"Assurance qualit\u00e9 et confidentialit\u00e9 - transferendum.eu","isPartOf":{"@id":"https:\/\/transferendum.eu\/fr\/#website"},"primaryImageOfPage":{"@id":"https:\/\/transferendum.eu\/fr\/assurance-qualite-et-confidentialite\/#primaryimage"},"image":{"@id":"https:\/\/transferendum.eu\/fr\/assurance-qualite-et-confidentialite\/#primaryimage"},"thumbnailUrl":"https:\/\/transferendum.eu\/wp-content\/uploads\/sites\/16\/2024\/05\/We-are-certified.jpg","datePublished":"2024-02-28T13:58:12+00:00","dateModified":"2024-05-15T16:12:18+00:00","inLanguage":"fr-FR","potentialAction":[{"@type":"ReadAction","target":["https:\/\/transferendum.eu\/fr\/assurance-qualite-et-confidentialite\/"]}]},{"@type":"ImageObject","inLanguage":"fr-FR","@id":"https:\/\/transferendum.eu\/fr\/assurance-qualite-et-confidentialite\/#primaryimage","url":"https:\/\/transferendum.eu\/wp-content\/uploads\/sites\/16\/2024\/05\/We-are-certified.jpg","contentUrl":"https:\/\/transferendum.eu\/wp-content\/uploads\/sites\/16\/2024\/05\/We-are-certified.jpg","width":1024,"height":1024,"caption":"Secure processes"},{"@type":"WebSite","@id":"https:\/\/transferendum.eu\/fr\/#website","url":"https:\/\/transferendum.eu\/fr\/","name":"transferendum.eu","description":"Transferendum EU","publisher":{"@id":"https:\/\/transferendum.eu\/fr\/#organization"},"potentialAction":[{"@type":"SearchAction","target":{"@type":"EntryPoint","urlTemplate":"https:\/\/transferendum.eu\/fr\/?s={search_term_string}"},"query-input":{"@type":"PropertyValueSpecification","valueRequired":true,"valueName":"search_term_string"}}],"inLanguage":"fr-FR"},{"@type":"Organization","@id":"https:\/\/transferendum.eu\/fr\/#organization","name":"Transferendum","url":"https:\/\/transferendum.eu\/fr\/","logo":{"@type":"ImageObject","inLanguage":"fr-FR","@id":"https:\/\/transferendum.eu\/fr\/#\/schema\/logo\/image\/","url":"https:\/\/transferendum.dev.radixweb.net\/transferendum_eu\/wp-content\/uploads\/sites\/16\/2021\/10\/Transferendum_Logo_cropped.jpg","contentUrl":"https:\/\/transferendum.dev.radixweb.net\/transferendum_eu\/wp-content\/uploads\/sites\/16\/2021\/10\/Transferendum_Logo_cropped.jpg","width":1496,"height":356,"caption":"Transferendum"},"image":{"@id":"https:\/\/transferendum.eu\/fr\/#\/schema\/logo\/image\/"},"sameAs":["https:\/\/www.instagram.com\/transferendum.eu\/"]}]}},"_links":{"self":[{"href":"https:\/\/transferendum.eu\/fr\/wp-json\/wp\/v2\/pages\/7123","targetHints":{"allow":["GET"]}}],"collection":[{"href":"https:\/\/transferendum.eu\/fr\/wp-json\/wp\/v2\/pages"}],"about":[{"href":"https:\/\/transferendum.eu\/fr\/wp-json\/wp\/v2\/types\/page"}],"author":[{"embeddable":true,"href":"https:\/\/transferendum.eu\/fr\/wp-json\/wp\/v2\/users\/133"}],"replies":[{"embeddable":true,"href":"https:\/\/transferendum.eu\/fr\/wp-json\/wp\/v2\/comments?post=7123"}],"version-history":[{"count":0,"href":"https:\/\/transferendum.eu\/fr\/wp-json\/wp\/v2\/pages\/7123\/revisions"}],"wp:featuredmedia":[{"embeddable":true,"href":"https:\/\/transferendum.eu\/fr\/wp-json\/wp\/v2\/media\/9473"}],"wp:attachment":[{"href":"https:\/\/transferendum.eu\/fr\/wp-json\/wp\/v2\/media?parent=7123"}],"curies":[{"name":"wp","href":"https:\/\/api.w.org\/{rel}","templated":true}]}}