{"id":7638,"date":"2024-04-04T17:04:43","date_gmt":"2024-04-04T16:04:43","guid":{"rendered":"https:\/\/transferendum.eu\/traduccion-de-manuales-del-producto\/"},"modified":"2024-05-29T15:28:10","modified_gmt":"2024-05-29T14:28:10","slug":"traduccion-de-manuales-del-producto","status":"publish","type":"page","link":"https:\/\/transferendum.eu\/es\/traduccion-de-manuales-del-producto\/","title":{"rendered":"Traducci\u00f3n de manuales del producto"},"content":{"rendered":"\t\t<div data-elementor-type=\"wp-page\" data-elementor-id=\"7638\" class=\"elementor elementor-7638 elementor-521\" data-elementor-post-type=\"page\">\n\t\t\t\t\t\t<section class=\"has_eae_slider elementor-section elementor-top-section elementor-element elementor-element-524450d elementor-section-boxed elementor-section-height-default elementor-section-height-default\" data-eae-slider=\"42615\" data-id=\"524450d\" data-element_type=\"section\" data-e-type=\"section\">\n\t\t\t\t\t\t<div class=\"elementor-container elementor-column-gap-default\">\n\t\t\t\t\t<div class=\"has_eae_slider elementor-column elementor-col-100 elementor-top-column elementor-element elementor-element-23ac6f8\" data-eae-slider=\"79175\" data-id=\"23ac6f8\" data-element_type=\"column\" data-e-type=\"column\">\n\t\t\t<div class=\"elementor-widget-wrap elementor-element-populated\">\n\t\t\t\t\t\t<div class=\"elementor-element elementor-element-45d7206 elementor-widget elementor-widget-heading\" data-id=\"45d7206\" data-element_type=\"widget\" data-e-type=\"widget\" data-widget_type=\"heading.default\">\n\t\t\t\t<div class=\"elementor-widget-container\">\n\t\t\t\t\t<h1 class=\"elementor-heading-title elementor-size-default\">Traducci\u00f3n de manuales del producto<\/h1>\t\t\t\t<\/div>\n\t\t\t\t<\/div>\n\t\t\t\t\t<\/div>\n\t\t<\/div>\n\t\t\t\t\t<\/div>\n\t\t<\/section>\n\t\t\t\t<section class=\"has_eae_slider elementor-section elementor-top-section elementor-element elementor-element-b90b1e5 elementor-section-boxed elementor-section-height-default elementor-section-height-default\" data-eae-slider=\"69036\" data-id=\"b90b1e5\" data-element_type=\"section\" data-e-type=\"section\">\n\t\t\t\t\t\t<div class=\"elementor-container elementor-column-gap-default\">\n\t\t\t\t\t<div class=\"has_eae_slider elementor-column elementor-col-50 elementor-top-column elementor-element elementor-element-6c12417\" data-eae-slider=\"80483\" data-id=\"6c12417\" data-element_type=\"column\" data-e-type=\"column\">\n\t\t\t<div class=\"elementor-widget-wrap elementor-element-populated\">\n\t\t\t\t\t\t<div class=\"elementor-element elementor-element-1483228 elementor-widget elementor-widget-image\" data-id=\"1483228\" data-element_type=\"widget\" data-e-type=\"widget\" data-widget_type=\"image.default\">\n\t\t\t\t<div class=\"elementor-widget-container\">\n\t\t\t\t\t\t\t\t\t\t\t\t\t\t\t<img fetchpriority=\"high\" decoding=\"async\" width=\"512\" height=\"512\" src=\"https:\/\/transferendum.eu\/wp-content\/uploads\/sites\/16\/2022\/05\/confused-customer1.jpg\" class=\"attachment-large size-large wp-image-1612\" alt=\"\" \/>\t\t\t\t\t\t\t\t\t\t\t\t\t\t\t<\/div>\n\t\t\t\t<\/div>\n\t\t\t\t\t<\/div>\n\t\t<\/div>\n\t\t\t\t<div class=\"has_eae_slider elementor-column elementor-col-50 elementor-top-column elementor-element elementor-element-a1ccb0e\" data-eae-slider=\"30504\" data-id=\"a1ccb0e\" data-element_type=\"column\" data-e-type=\"column\">\n\t\t\t<div class=\"elementor-widget-wrap elementor-element-populated\">\n\t\t\t\t\t\t<div class=\"elementor-element elementor-element-e280a4a elementor-widget elementor-widget-heading\" data-id=\"e280a4a\" data-element_type=\"widget\" data-e-type=\"widget\" data-widget_type=\"heading.default\">\n\t\t\t\t<div class=\"elementor-widget-container\">\n\t\t\t\t\t<h3 class=\"elementor-heading-title elementor-size-default\"><a href=\"https:\/\/gs.translation.ie\/uploadtool\/\" target=\"_blank\">Sube tus archivos y obtendr\u00e1s un presupuesto gratuito de manera instant\u00e1nea<\/a><\/h3>\t\t\t\t<\/div>\n\t\t\t\t<\/div>\n\t\t\t\t<div class=\"elementor-element elementor-element-7fe348a elementor-widget elementor-widget-text-editor\" data-id=\"7fe348a\" data-element_type=\"widget\" data-e-type=\"widget\" data-widget_type=\"text-editor.default\">\n\t\t\t\t<div class=\"elementor-widget-container\">\n\t\t\t\t\t\t\t\t\t<p><span style=\"font-weight: 400;\">Si deseas traducir tus manuales, documentaci\u00f3n y especificaciones del producto a otro idioma, podemos ayudarte a disponer de cat\u00e1logos listos para publicar, de manera simple y sencilla trabajando con tus archivos originales y manteniendo intactos tus dise\u00f1os e ilustraciones.<\/span><\/p><p><span style=\"font-weight: 400;\">Esto te har\u00e1 ahorrar tiempo y dinero evitando la necesidad de reconstruir los documentos copiando texto de un archivo a otro.<\/span><\/p><p><span style=\"font-weight: 400;\">Tambi\u00e9n podemos crear una base de datos de todo su texto y texto traducido para que tus traducciones sean reutilizables en todas las plataformas y formatos.<\/span><\/p><p><span style=\"font-weight: 400;\">Conseguir\u00e1s que tus documentos originales sean traducidos a la vez que se mantiene el dise\u00f1o original. Obtendr\u00e1s archivos listos para usar que podr\u00e1s imprimir o publicar inmediatamente. <\/span><\/p><p><span style=\"font-weight: 400;\">Podemos manejar la mayor\u00eda de los tipos de documentos con los que trabajas, lo que facilita tu trabajo y asegura la coherencia. Estos son algunos de los tipos de archivos compatibles:<\/span><\/p><ul><li style=\"font-weight: 400;\" aria-level=\"1\"><span style=\"font-weight: 400;\">Archivos de Microsoft Office como .doc, .docx, .rtf, etc.<\/span><\/li><li style=\"font-weight: 400;\" aria-level=\"1\"><span style=\"font-weight: 400;\">Formatos de archivo Open Office o LibreOffice como .odt, .ods, .odp <\/span><\/li><li style=\"font-weight: 400;\" aria-level=\"1\"><span style=\"font-weight: 400;\">PowerPoint files: .ppt, .pptx<\/span><\/li><li style=\"font-weight: 400;\" aria-level=\"1\"><span style=\"font-weight: 400;\">Archivos Excel: .xls, .xlsx, cualquier tipo de archivos CSV o XML <\/span><\/li><li style=\"font-weight: 400;\" aria-level=\"1\"><span style=\"font-weight: 400;\">InDesign .idml<\/span><\/li><li style=\"font-weight: 400;\" aria-level=\"1\"><span style=\"font-weight: 400;\">Photoshop .psd<\/span><\/li><\/ul><p style=\"text-align: right;\"><a href=\"https:\/\/transferendum.eu\/files-types\/\">Comprueba el resto de tipo de archivo que aceptamos.<\/a><\/p>\t\t\t\t\t\t\t\t<\/div>\n\t\t\t\t<\/div>\n\t\t\t\t\t<\/div>\n\t\t<\/div>\n\t\t\t\t\t<\/div>\n\t\t<\/section>\n\t\t\t\t<section class=\"has_eae_slider elementor-section elementor-top-section elementor-element elementor-element-8ef3ddb elementor-section-boxed elementor-section-height-default elementor-section-height-default\" data-eae-slider=\"97286\" data-id=\"8ef3ddb\" data-element_type=\"section\" data-e-type=\"section\">\n\t\t\t\t\t\t<div class=\"elementor-container elementor-column-gap-default\">\n\t\t\t\t\t<div class=\"has_eae_slider elementor-column elementor-col-100 elementor-top-column elementor-element elementor-element-b4a95d1\" data-eae-slider=\"49955\" data-id=\"b4a95d1\" data-element_type=\"column\" data-e-type=\"column\">\n\t\t\t<div class=\"elementor-widget-wrap elementor-element-populated\">\n\t\t\t\t\t\t<div class=\"elementor-element elementor-element-c130afc elementor-widget elementor-widget-text-editor\" data-id=\"c130afc\" data-element_type=\"widget\" data-e-type=\"widget\" data-widget_type=\"text-editor.default\">\n\t\t\t\t<div class=\"elementor-widget-container\">\n\t\t\t\t\t\t\t\t\t<p>Si tu archivo no aparece en la lista, puedes <a href=\"https:\/\/transferendum.eu\/contact-us\/\">ponerse en contacto <\/a>y encontraremos una soluci\u00f3n personalizada a tus necesidades ling\u00fc\u00edsticas. Tenemos una soluci\u00f3n para ti.\u00a0<\/p><p>Tambi\u00e9n podemos gestionar tus im\u00e1genes y archivos de texto incrustado, pero esto requerir\u00e1 procesamiento adicional. Suele ser frecuente que este texto incrustado no se pueda extraer y reconstruir autom\u00e1ticamente.<\/p><p>Nos adaptamos a ti, tratando cada situaci\u00f3n de la mejor manera para nuestros clientes. Estamos encantados de trabajar contigo a trav\u00e9s de tus proyectos.<\/p><p>Estamos seguros de que quedar\u00e1s satisfecho y sorprendido de lo rentables y eficaces que podemos ser con estas im\u00e1genes y tipos de archivo.<\/p>\t\t\t\t\t\t\t\t<\/div>\n\t\t\t\t<\/div>\n\t\t\t\t\t<\/div>\n\t\t<\/div>\n\t\t\t\t\t<\/div>\n\t\t<\/section>\n\t\t\t\t<section class=\"has_eae_slider elementor-section elementor-top-section elementor-element elementor-element-e2308e1 elementor-section-boxed elementor-section-height-default elementor-section-height-default\" data-eae-slider=\"60313\" data-id=\"e2308e1\" data-element_type=\"section\" data-e-type=\"section\">\n\t\t\t\t\t\t<div class=\"elementor-container elementor-column-gap-default\">\n\t\t\t\t\t<div class=\"has_eae_slider elementor-column elementor-col-50 elementor-top-column elementor-element elementor-element-99da0bc\" data-eae-slider=\"22410\" data-id=\"99da0bc\" data-element_type=\"column\" data-e-type=\"column\">\n\t\t\t<div class=\"elementor-widget-wrap elementor-element-populated\">\n\t\t\t\t\t\t<div class=\"elementor-element elementor-element-ffd4d0b elementor-widget elementor-widget-heading\" data-id=\"ffd4d0b\" data-element_type=\"widget\" data-e-type=\"widget\" data-widget_type=\"heading.default\">\n\t\t\t\t<div class=\"elementor-widget-container\">\n\t\t\t\t\t<h3 class=\"elementor-heading-title elementor-size-default\">C\u00f3mo lo hacemos<\/h3>\t\t\t\t<\/div>\n\t\t\t\t<\/div>\n\t\t\t\t<div class=\"elementor-element elementor-element-b35adfc elementor-widget elementor-widget-text-editor\" data-id=\"b35adfc\" data-element_type=\"widget\" data-e-type=\"widget\" data-widget_type=\"text-editor.default\">\n\t\t\t\t<div class=\"elementor-widget-container\">\n\t\t\t\t\t\t\t\t\t<p><span style=\"font-weight: 400;\">Al obtener sus documentos, extraemos los archivos originales en un sistema que segmenta las frases y nos permite reemplazarlas por los idiomas requeridos. Al finalizar, te enviamos los archivos, manteniendo el dise\u00f1o intacto.<\/span><\/p><p>Puedes utilizar la selecci\u00f3n de m\u00e9todos, costos y procesos que mejor se adapten a tus necesidades seg\u00fan tu presupuesto.<\/p><p>Todo el trabajo pasa por un sistema de control de calidad humano. La calidad de la traducci\u00f3n tambi\u00e9n se gestiona seg\u00fan los mejores est\u00e1ndares internacionales, ya que somos una empresa certificada EN 17100.<\/p><p><span style=\"font-weight: 400;\">Tus documentos se almacenan y incorporan de forma segura en nuestro sistema de gesti\u00f3n de flujos de trabajo para mantener la confidencialidad. T\u00fa decides qu\u00e9 registros, archivos e informaci\u00f3n disponemos de ti. <\/span><\/p><p>Cada trabajo est\u00e1 personalmente administrado y controlado por un gestor de proyectos que se comunicar\u00e1 contigo y garantizar\u00e1 que tus expectativas de calidad se cumplan siempre.<\/p>\t\t\t\t\t\t\t\t<\/div>\n\t\t\t\t<\/div>\n\t\t\t\t\t<\/div>\n\t\t<\/div>\n\t\t\t\t<div class=\"has_eae_slider elementor-column elementor-col-50 elementor-top-column elementor-element elementor-element-59c82a4\" data-eae-slider=\"52640\" data-id=\"59c82a4\" data-element_type=\"column\" data-e-type=\"column\">\n\t\t\t<div class=\"elementor-widget-wrap elementor-element-populated\">\n\t\t\t\t\t\t<div class=\"elementor-element elementor-element-9030c97 elementor-widget elementor-widget-image\" data-id=\"9030c97\" data-element_type=\"widget\" data-e-type=\"widget\" data-widget_type=\"image.default\">\n\t\t\t\t<div class=\"elementor-widget-container\">\n\t\t\t\t\t\t\t\t\t\t\t\t\t\t\t<img decoding=\"async\" width=\"800\" height=\"578\" src=\"https:\/\/transferendum.eu\/wp-content\/uploads\/sites\/16\/2022\/05\/translated-document.jpg\" class=\"attachment-large size-large wp-image-1621\" alt=\"\" \/>\t\t\t\t\t\t\t\t\t\t\t\t\t\t\t<\/div>\n\t\t\t\t<\/div>\n\t\t\t\t\t<\/div>\n\t\t<\/div>\n\t\t\t\t\t<\/div>\n\t\t<\/section>\n\t\t\t\t<section class=\"has_eae_slider elementor-section elementor-top-section elementor-element elementor-element-a88ddc1 elementor-section-boxed elementor-section-height-default elementor-section-height-default\" data-eae-slider=\"82064\" data-id=\"a88ddc1\" data-element_type=\"section\" data-e-type=\"section\">\n\t\t\t\t\t\t<div class=\"elementor-container elementor-column-gap-default\">\n\t\t\t\t\t<div class=\"has_eae_slider elementor-column elementor-col-100 elementor-top-column elementor-element elementor-element-40329dd\" data-eae-slider=\"71974\" data-id=\"40329dd\" data-element_type=\"column\" data-e-type=\"column\">\n\t\t\t<div class=\"elementor-widget-wrap elementor-element-populated\">\n\t\t\t\t\t\t<div class=\"elementor-element elementor-element-ad30c77 elementor-widget elementor-widget-heading\" data-id=\"ad30c77\" data-element_type=\"widget\" data-e-type=\"widget\" data-widget_type=\"heading.default\">\n\t\t\t\t<div class=\"elementor-widget-container\">\n\t\t\t\t\t<h4 class=\"elementor-heading-title elementor-size-default\">Qu\u00e9 m\u00e1s podemos hacer por ti <\/h4>\t\t\t\t<\/div>\n\t\t\t\t<\/div>\n\t\t\t\t<div class=\"elementor-element elementor-element-8b652c6 elementor-widget elementor-widget-text-editor\" data-id=\"8b652c6\" data-element_type=\"widget\" data-e-type=\"widget\" data-widget_type=\"text-editor.default\">\n\t\t\t\t<div class=\"elementor-widget-container\">\n\t\t\t\t\t\t\t\t\t<p>Podemos ofrecer soluciones personalizadas para todas tus necesidades ling\u00fc\u00edsticas. Puedes consultar <a href=\"https:\/\/transferendum.eu\/home\/what-do-you-need\/\">qu\u00e9 m\u00e1s podemos hacer por ti<\/a>.<\/p>\t\t\t\t\t\t\t\t<\/div>\n\t\t\t\t<\/div>\n\t\t\t\t<div class=\"elementor-element elementor-element-1d4581a elementor-widget elementor-widget-text-editor\" data-id=\"1d4581a\" data-element_type=\"widget\" data-e-type=\"widget\" data-widget_type=\"text-editor.default\">\n\t\t\t\t<div class=\"elementor-widget-container\">\n\t\t\t\t\t\t\t\t\tPuedes traducir tus manuales de producto <a href=\"https:\/\/taberna.transferendum.eu\/shop\/product\/product-manual-translation-226\"  target=\"_blank\">aqu\u00ed<\/a>.\t\t\t\t\t\t\t\t<\/div>\n\t\t\t\t<\/div>\n\t\t\t\t\t<\/div>\n\t\t<\/div>\n\t\t\t\t\t<\/div>\n\t\t<\/section>\n\t\t\t\t<section class=\"has_eae_slider elementor-section elementor-top-section elementor-element elementor-element-7d38578 elementor-section-boxed elementor-section-height-default elementor-section-height-default\" data-eae-slider=\"79967\" data-id=\"7d38578\" data-element_type=\"section\" data-e-type=\"section\">\n\t\t\t\t\t\t<div class=\"elementor-container elementor-column-gap-default\">\n\t\t\t\t\t<div class=\"has_eae_slider elementor-column elementor-col-100 elementor-top-column elementor-element elementor-element-ac622cf\" data-eae-slider=\"63383\" data-id=\"ac622cf\" data-element_type=\"column\" data-e-type=\"column\">\n\t\t\t<div class=\"elementor-widget-wrap elementor-element-populated\">\n\t\t\t\t\t\t<div class=\"elementor-element elementor-element-13b1d98 elementor-widget-divider--view-line elementor-widget elementor-widget-divider\" data-id=\"13b1d98\" data-element_type=\"widget\" data-e-type=\"widget\" data-widget_type=\"divider.default\">\n\t\t\t\t<div class=\"elementor-widget-container\">\n\t\t\t\t\t\t\t<div class=\"elementor-divider\">\n\t\t\t<span class=\"elementor-divider-separator\">\n\t\t\t\t\t\t<\/span>\n\t\t<\/div>\n\t\t\t\t\t\t<\/div>\n\t\t\t\t<\/div>\n\t\t\t\t\t<\/div>\n\t\t<\/div>\n\t\t\t\t\t<\/div>\n\t\t<\/section>\n\t\t\t\t<\/div>\n\t\t","protected":false},"excerpt":{"rendered":"<p>Traducci\u00f3n de manuales del producto Sube tus archivos y obtendr\u00e1s un presupuesto gratuito de manera instant\u00e1nea Si deseas traducir tus manuales, documentaci\u00f3n y especificaciones del producto a otro idioma, podemos ayudarte a disponer de cat\u00e1logos listos para publicar, de manera simple y sencilla trabajando con tus archivos originales y manteniendo intactos tus dise\u00f1os e ilustraciones. [&hellip;]<\/p>\n","protected":false},"author":320,"featured_media":12830,"parent":0,"menu_order":0,"comment_status":"closed","ping_status":"closed","template":"","meta":{"_acf_changed":false,"footnotes":""},"class_list":["post-7638","page","type-page","status-publish","has-post-thumbnail","hentry"],"acf":[],"yoast_head":"<!-- This site is optimized with the Yoast SEO plugin v27.1 - https:\/\/yoast.com\/product\/yoast-seo-wordpress\/ -->\n<title>Traducci\u00f3n de manuales del producto - transferendum.eu<\/title>\n<meta name=\"description\" content=\"Si necesita traducir instrucciones de instalaci\u00f3n de productos, especificaciones o manuales, podemos ofrecerle un servicio de alta calidad que se adapte a sus necesidades.\" \/>\n<meta name=\"robots\" content=\"index, follow, max-snippet:-1, max-image-preview:large, max-video-preview:-1\" \/>\n<link rel=\"canonical\" href=\"https:\/\/transferendum.eu\/es\/traduccion-de-manuales-del-producto\/\" \/>\n<meta property=\"og:locale\" content=\"es_ES\" \/>\n<meta property=\"og:type\" content=\"article\" \/>\n<meta property=\"og:title\" content=\"Traducci\u00f3n de manuales del producto - transferendum.eu\" \/>\n<meta property=\"og:description\" content=\"Si necesita traducir instrucciones de instalaci\u00f3n de productos, especificaciones o manuales, podemos ofrecerle un servicio de alta calidad que se adapte a sus necesidades.\" \/>\n<meta property=\"og:url\" content=\"https:\/\/transferendum.eu\/es\/traduccion-de-manuales-del-producto\/\" \/>\n<meta property=\"og:site_name\" content=\"transferendum.eu\" \/>\n<meta property=\"article:modified_time\" content=\"2024-05-29T14:28:10+00:00\" \/>\n<meta property=\"og:image\" content=\"https:\/\/transferendum.eu\/wp-content\/uploads\/sites\/16\/2024\/07\/4-4.jpg\" \/>\n\t<meta property=\"og:image:width\" content=\"450\" \/>\n\t<meta property=\"og:image:height\" content=\"450\" \/>\n\t<meta property=\"og:image:type\" content=\"image\/jpeg\" \/>\n<meta name=\"twitter:card\" content=\"summary_large_image\" \/>\n<meta name=\"twitter:label1\" content=\"Est. reading time\" \/>\n\t<meta name=\"twitter:data1\" content=\"4 minutes\" \/>\n<script type=\"application\/ld+json\" class=\"yoast-schema-graph\">{\"@context\":\"https:\/\/schema.org\",\"@graph\":[{\"@type\":\"WebPage\",\"@id\":\"https:\/\/transferendum.eu\/es\/traduccion-de-manuales-del-producto\/\",\"url\":\"https:\/\/transferendum.eu\/es\/traduccion-de-manuales-del-producto\/\",\"name\":\"Traducci\u00f3n de manuales del producto - transferendum.eu\",\"isPartOf\":{\"@id\":\"https:\/\/transferendum.eu\/es\/#website\"},\"primaryImageOfPage\":{\"@id\":\"https:\/\/transferendum.eu\/es\/traduccion-de-manuales-del-producto\/#primaryimage\"},\"image\":{\"@id\":\"https:\/\/transferendum.eu\/es\/traduccion-de-manuales-del-producto\/#primaryimage\"},\"thumbnailUrl\":\"https:\/\/transferendum.eu\/wp-content\/uploads\/sites\/16\/2024\/07\/4-4.jpg\",\"datePublished\":\"2024-04-04T16:04:43+00:00\",\"dateModified\":\"2024-05-29T14:28:10+00:00\",\"description\":\"Si necesita traducir instrucciones de instalaci\u00f3n de productos, especificaciones o manuales, podemos ofrecerle un servicio de alta calidad que se adapte a sus necesidades.\",\"inLanguage\":\"es-ES\",\"potentialAction\":[{\"@type\":\"ReadAction\",\"target\":[\"https:\/\/transferendum.eu\/es\/traduccion-de-manuales-del-producto\/\"]}]},{\"@type\":\"ImageObject\",\"inLanguage\":\"es-ES\",\"@id\":\"https:\/\/transferendum.eu\/es\/traduccion-de-manuales-del-producto\/#primaryimage\",\"url\":\"https:\/\/transferendum.eu\/wp-content\/uploads\/sites\/16\/2024\/07\/4-4.jpg\",\"contentUrl\":\"https:\/\/transferendum.eu\/wp-content\/uploads\/sites\/16\/2024\/07\/4-4.jpg\",\"width\":450,\"height\":450,\"caption\":\"Product manual and label translation\"},{\"@type\":\"WebSite\",\"@id\":\"https:\/\/transferendum.eu\/es\/#website\",\"url\":\"https:\/\/transferendum.eu\/es\/\",\"name\":\"transferendum.eu\",\"description\":\"Transferendum EU\",\"publisher\":{\"@id\":\"https:\/\/transferendum.eu\/es\/#organization\"},\"potentialAction\":[{\"@type\":\"SearchAction\",\"target\":{\"@type\":\"EntryPoint\",\"urlTemplate\":\"https:\/\/transferendum.eu\/es\/?s={search_term_string}\"},\"query-input\":{\"@type\":\"PropertyValueSpecification\",\"valueRequired\":true,\"valueName\":\"search_term_string\"}}],\"inLanguage\":\"es-ES\"},{\"@type\":\"Organization\",\"@id\":\"https:\/\/transferendum.eu\/es\/#organization\",\"name\":\"Transferendum\",\"url\":\"https:\/\/transferendum.eu\/es\/\",\"logo\":{\"@type\":\"ImageObject\",\"inLanguage\":\"es-ES\",\"@id\":\"https:\/\/transferendum.eu\/es\/#\/schema\/logo\/image\/\",\"url\":\"https:\/\/transferendum.dev.radixweb.net\/transferendum_eu\/wp-content\/uploads\/sites\/16\/2021\/10\/Transferendum_Logo_cropped.jpg\",\"contentUrl\":\"https:\/\/transferendum.dev.radixweb.net\/transferendum_eu\/wp-content\/uploads\/sites\/16\/2021\/10\/Transferendum_Logo_cropped.jpg\",\"width\":1496,\"height\":356,\"caption\":\"Transferendum\"},\"image\":{\"@id\":\"https:\/\/transferendum.eu\/es\/#\/schema\/logo\/image\/\"},\"sameAs\":[\"https:\/\/www.instagram.com\/transferendum.eu\/\"]}]}<\/script>\n<!-- \/ Yoast SEO plugin. -->","yoast_head_json":{"title":"Traducci\u00f3n de manuales del producto - transferendum.eu","description":"Si necesita traducir instrucciones de instalaci\u00f3n de productos, especificaciones o manuales, podemos ofrecerle un servicio de alta calidad que se adapte a sus necesidades.","robots":{"index":"index","follow":"follow","max-snippet":"max-snippet:-1","max-image-preview":"max-image-preview:large","max-video-preview":"max-video-preview:-1"},"canonical":"https:\/\/transferendum.eu\/es\/traduccion-de-manuales-del-producto\/","og_locale":"es_ES","og_type":"article","og_title":"Traducci\u00f3n de manuales del producto - transferendum.eu","og_description":"Si necesita traducir instrucciones de instalaci\u00f3n de productos, especificaciones o manuales, podemos ofrecerle un servicio de alta calidad que se adapte a sus necesidades.","og_url":"https:\/\/transferendum.eu\/es\/traduccion-de-manuales-del-producto\/","og_site_name":"transferendum.eu","article_modified_time":"2024-05-29T14:28:10+00:00","og_image":[{"width":450,"height":450,"url":"https:\/\/transferendum.eu\/wp-content\/uploads\/sites\/16\/2024\/07\/4-4.jpg","type":"image\/jpeg"}],"twitter_card":"summary_large_image","twitter_misc":{"Est. reading time":"4 minutes"},"schema":{"@context":"https:\/\/schema.org","@graph":[{"@type":"WebPage","@id":"https:\/\/transferendum.eu\/es\/traduccion-de-manuales-del-producto\/","url":"https:\/\/transferendum.eu\/es\/traduccion-de-manuales-del-producto\/","name":"Traducci\u00f3n de manuales del producto - transferendum.eu","isPartOf":{"@id":"https:\/\/transferendum.eu\/es\/#website"},"primaryImageOfPage":{"@id":"https:\/\/transferendum.eu\/es\/traduccion-de-manuales-del-producto\/#primaryimage"},"image":{"@id":"https:\/\/transferendum.eu\/es\/traduccion-de-manuales-del-producto\/#primaryimage"},"thumbnailUrl":"https:\/\/transferendum.eu\/wp-content\/uploads\/sites\/16\/2024\/07\/4-4.jpg","datePublished":"2024-04-04T16:04:43+00:00","dateModified":"2024-05-29T14:28:10+00:00","description":"Si necesita traducir instrucciones de instalaci\u00f3n de productos, especificaciones o manuales, podemos ofrecerle un servicio de alta calidad que se adapte a sus necesidades.","inLanguage":"es-ES","potentialAction":[{"@type":"ReadAction","target":["https:\/\/transferendum.eu\/es\/traduccion-de-manuales-del-producto\/"]}]},{"@type":"ImageObject","inLanguage":"es-ES","@id":"https:\/\/transferendum.eu\/es\/traduccion-de-manuales-del-producto\/#primaryimage","url":"https:\/\/transferendum.eu\/wp-content\/uploads\/sites\/16\/2024\/07\/4-4.jpg","contentUrl":"https:\/\/transferendum.eu\/wp-content\/uploads\/sites\/16\/2024\/07\/4-4.jpg","width":450,"height":450,"caption":"Product manual and label translation"},{"@type":"WebSite","@id":"https:\/\/transferendum.eu\/es\/#website","url":"https:\/\/transferendum.eu\/es\/","name":"transferendum.eu","description":"Transferendum EU","publisher":{"@id":"https:\/\/transferendum.eu\/es\/#organization"},"potentialAction":[{"@type":"SearchAction","target":{"@type":"EntryPoint","urlTemplate":"https:\/\/transferendum.eu\/es\/?s={search_term_string}"},"query-input":{"@type":"PropertyValueSpecification","valueRequired":true,"valueName":"search_term_string"}}],"inLanguage":"es-ES"},{"@type":"Organization","@id":"https:\/\/transferendum.eu\/es\/#organization","name":"Transferendum","url":"https:\/\/transferendum.eu\/es\/","logo":{"@type":"ImageObject","inLanguage":"es-ES","@id":"https:\/\/transferendum.eu\/es\/#\/schema\/logo\/image\/","url":"https:\/\/transferendum.dev.radixweb.net\/transferendum_eu\/wp-content\/uploads\/sites\/16\/2021\/10\/Transferendum_Logo_cropped.jpg","contentUrl":"https:\/\/transferendum.dev.radixweb.net\/transferendum_eu\/wp-content\/uploads\/sites\/16\/2021\/10\/Transferendum_Logo_cropped.jpg","width":1496,"height":356,"caption":"Transferendum"},"image":{"@id":"https:\/\/transferendum.eu\/es\/#\/schema\/logo\/image\/"},"sameAs":["https:\/\/www.instagram.com\/transferendum.eu\/"]}]}},"_links":{"self":[{"href":"https:\/\/transferendum.eu\/es\/wp-json\/wp\/v2\/pages\/7638","targetHints":{"allow":["GET"]}}],"collection":[{"href":"https:\/\/transferendum.eu\/es\/wp-json\/wp\/v2\/pages"}],"about":[{"href":"https:\/\/transferendum.eu\/es\/wp-json\/wp\/v2\/types\/page"}],"author":[{"embeddable":true,"href":"https:\/\/transferendum.eu\/es\/wp-json\/wp\/v2\/users\/320"}],"replies":[{"embeddable":true,"href":"https:\/\/transferendum.eu\/es\/wp-json\/wp\/v2\/comments?post=7638"}],"version-history":[{"count":0,"href":"https:\/\/transferendum.eu\/es\/wp-json\/wp\/v2\/pages\/7638\/revisions"}],"wp:featuredmedia":[{"embeddable":true,"href":"https:\/\/transferendum.eu\/es\/wp-json\/wp\/v2\/media\/12830"}],"wp:attachment":[{"href":"https:\/\/transferendum.eu\/es\/wp-json\/wp\/v2\/media?parent=7638"}],"curies":[{"name":"wp","href":"https:\/\/api.w.org\/{rel}","templated":true}]}}