{"id":7605,"date":"2024-04-04T17:04:16","date_gmt":"2024-04-04T16:04:16","guid":{"rendered":"https:\/\/transferendum.eu\/traducciones-juridicas\/"},"modified":"2024-05-07T10:07:05","modified_gmt":"2024-05-07T09:07:05","slug":"traducciones-juridicas","status":"publish","type":"page","link":"https:\/\/transferendum.eu\/es\/traducciones-juridicas\/","title":{"rendered":"Traducciones jur\u00eddicas"},"content":{"rendered":"\t\t<div data-elementor-type=\"wp-page\" data-elementor-id=\"7605\" class=\"elementor elementor-7605 elementor-1292\" data-elementor-post-type=\"page\">\n\t\t\t\t\t\t<section class=\"has_eae_slider elementor-section elementor-top-section elementor-element elementor-element-d2a27aa elementor-section-boxed elementor-section-height-default elementor-section-height-default\" data-eae-slider=\"43722\" data-id=\"d2a27aa\" data-element_type=\"section\" data-e-type=\"section\">\n\t\t\t\t\t\t<div class=\"elementor-container elementor-column-gap-default\">\n\t\t\t\t\t<div class=\"has_eae_slider elementor-column elementor-col-100 elementor-top-column elementor-element elementor-element-ef893cf\" data-eae-slider=\"6019\" data-id=\"ef893cf\" data-element_type=\"column\" data-e-type=\"column\">\n\t\t\t<div class=\"elementor-widget-wrap elementor-element-populated\">\n\t\t\t\t\t\t<div class=\"elementor-element elementor-element-7fb3cc8 elementor-widget elementor-widget-heading\" data-id=\"7fb3cc8\" data-element_type=\"widget\" data-e-type=\"widget\" data-widget_type=\"heading.default\">\n\t\t\t\t<div class=\"elementor-widget-container\">\n\t\t\t\t\t<h1 class=\"elementor-heading-title elementor-size-default\">Legal Translations<\/h1>\t\t\t\t<\/div>\n\t\t\t\t<\/div>\n\t\t\t\t\t<\/div>\n\t\t<\/div>\n\t\t\t\t\t<\/div>\n\t\t<\/section>\n\t\t\t\t<section class=\"has_eae_slider elementor-section elementor-top-section elementor-element elementor-element-eaf77f1 elementor-section-boxed elementor-section-height-default elementor-section-height-default\" data-eae-slider=\"80396\" data-id=\"eaf77f1\" data-element_type=\"section\" data-e-type=\"section\">\n\t\t\t\t\t\t<div class=\"elementor-container elementor-column-gap-default\">\n\t\t\t\t\t<div class=\"has_eae_slider elementor-column elementor-col-100 elementor-top-column elementor-element elementor-element-2116a8d\" data-eae-slider=\"95942\" data-id=\"2116a8d\" data-element_type=\"column\" data-e-type=\"column\">\n\t\t\t<div class=\"elementor-widget-wrap elementor-element-populated\">\n\t\t\t\t\t\t<div class=\"elementor-element elementor-element-e001a45 elementor-widget elementor-widget-text-editor\" data-id=\"e001a45\" data-element_type=\"widget\" data-e-type=\"widget\" data-widget_type=\"text-editor.default\">\n\t\t\t\t<div class=\"elementor-widget-container\">\n\t\t\t\t\t\t\t\t\t<p>Experience unparalleled precision and security in legal document translation with our <a href=\"https:\/\/transferendum.eu\/footer\/certifications\/\">EN 17100:2015<\/a> certified translation management system. Specialising in translation workflows that work for you, we offer expertly managed solutions for your legal documents. Our team of professional translators ensures confidentiality, accuracy, and efficiency in every project.<\/p>\n<p><a href=\"https:\/\/gs.translation.ie\/uploadtool\/\">Upload your documents<\/a> securely now for a detailed quote, or <a href=\"https:\/\/transferendum.eu\/contact-us\/\">contact us<\/a> to discuss your specific translation needs.<\/p>\n<p>From bulk document translation for swift, cost-effective insights to handling complex technical contracts, we provide tailored solutions. Prefer electronic documents for optimal results, but don&#8217;t worry if your <a href=\"https:\/\/transferendum.eu\/files-types\/\">files are in less translation-friendly formats<\/a> like scans or prints. Our advanced technology effortlessly converts these into translatable forms, preserving the original layout for seamless comparison and review.<\/p>\n<p>Legal translations demand meticulous accuracy and technical proficiency. Opt for professional translation to avoid the limitations and potential inaccuracies of free translation tools, which can lead to costly corrections and long-term content management issues.<\/p>\n<p>Entrust us with your translations for guaranteed confidentiality and accuracy under our quality-managed processes. Our secure workflow and robust <a href=\"https:\/\/transferendum.eu\/footer\/privacy-policy\/\">Privacy Policy<\/a> ensure your information remains confidential, and we&#8217;re ready to establish custom confidentiality agreements for your peace of mind.<\/p>\n<p>Our diverse industry experience positions us to offer a wide range of additional translation services, tailor-made to meet your requirements. Discover all our solutions here.<\/p>\n\t\t\t\t\t\t\t\t<\/div>\n\t\t\t\t<\/div>\n\t\t\t\t\t<\/div>\n\t\t<\/div>\n\t\t\t\t\t<\/div>\n\t\t<\/section>\n\t\t\t\t<section class=\"has_eae_slider elementor-section elementor-top-section elementor-element elementor-element-6d689e5 elementor-section-boxed elementor-section-height-default elementor-section-height-default\" data-eae-slider=\"29652\" data-id=\"6d689e5\" data-element_type=\"section\" data-e-type=\"section\">\n\t\t\t\t\t\t<div class=\"elementor-container elementor-column-gap-default\">\n\t\t\t\t\t<div class=\"has_eae_slider elementor-column elementor-col-50 elementor-top-column elementor-element elementor-element-8ac6a23\" data-eae-slider=\"88000\" data-id=\"8ac6a23\" data-element_type=\"column\" data-e-type=\"column\">\n\t\t\t<div class=\"elementor-widget-wrap elementor-element-populated\">\n\t\t\t\t\t\t<div class=\"elementor-element elementor-element-7162cd2 elementor-widget elementor-widget-image\" data-id=\"7162cd2\" data-element_type=\"widget\" data-e-type=\"widget\" data-widget_type=\"image.default\">\n\t\t\t\t<div class=\"elementor-widget-container\">\n\t\t\t\t\t\t\t\t\t\t\t\t\t\t\t<img fetchpriority=\"high\" decoding=\"async\" width=\"800\" height=\"800\" src=\"https:\/\/transferendum.eu\/wp-content\/uploads\/sites\/16\/2024\/05\/Legal-Translations.jpg\" class=\"attachment-large size-large wp-image-9325\" alt=\"Legal Translation\" \/>\t\t\t\t\t\t\t\t\t\t\t\t\t\t\t<\/div>\n\t\t\t\t<\/div>\n\t\t\t\t\t<\/div>\n\t\t<\/div>\n\t\t\t\t<div class=\"has_eae_slider elementor-column elementor-col-50 elementor-top-column elementor-element elementor-element-46c58f4\" data-eae-slider=\"45836\" data-id=\"46c58f4\" data-element_type=\"column\" data-e-type=\"column\">\n\t\t\t<div class=\"elementor-widget-wrap elementor-element-populated\">\n\t\t\t\t\t\t<div class=\"elementor-element elementor-element-e8a1fb9 elementor-widget elementor-widget-text-editor\" data-id=\"e8a1fb9\" data-element_type=\"widget\" data-e-type=\"widget\" data-widget_type=\"text-editor.default\">\n\t\t\t\t<div class=\"elementor-widget-container\">\n\t\t\t\t\t\t\t\t\t<ul>\n<li aria-level=\"1\">\n<p>Rely on us for flawless legal translations of various documents, including:<\/p>\n<ul>\n<li>Commercial or private contracts<\/li>\n<li>Business and governmental compliance documents<\/li>\n<li>Court submissions<\/li>\n<li>Insurance policies<\/li>\n<li>Financial documents<\/li>\n<li>Patents and trademarks<\/li>\n<li>Real estate documentation<\/li>\n<li>Investigative materials<\/li>\n<li>Customer-facing content<\/li>\n<li>Terms and conditions<\/li>\n<li>Employment-related documents<\/li>\n<\/ul>\n<\/li>\n<li style=\"font-size: 16px;\">\u00a0<\/li>\n<li style=\"font-size: 16px;\">Choose us as your Language Department for unparalleled quality and security in legal document translation.<\/li>\n<\/ul>\n\t\t\t\t\t\t\t\t<\/div>\n\t\t\t\t<\/div>\n\t\t\t\t\t<\/div>\n\t\t<\/div>\n\t\t\t\t\t<\/div>\n\t\t<\/section>\n\t\t<div class=\"has_eae_slider elementor-element elementor-element-86a654f e-flex e-con-boxed e-con e-parent\" data-eae-slider=\"18830\" data-id=\"86a654f\" data-element_type=\"container\" data-e-type=\"container\">\n\t\t\t\t\t<div class=\"e-con-inner\">\n\t\t\t\t<div class=\"elementor-element elementor-element-66bbc10 elementor-button-align-stretch elementor-widget elementor-widget-form\" data-id=\"66bbc10\" data-element_type=\"widget\" data-e-type=\"widget\" data-settings=\"{&quot;step_next_label&quot;:&quot;Next&quot;,&quot;step_previous_label&quot;:&quot;Previous&quot;,&quot;button_width&quot;:&quot;100&quot;,&quot;step_type&quot;:&quot;number_text&quot;,&quot;step_icon_shape&quot;:&quot;circle&quot;}\" data-widget_type=\"form.default\">\n\t\t\t\t<div class=\"elementor-widget-container\">\n\t\t\t\t\t\t\t<form class=\"elementor-form\" method=\"post\" name=\"Contact Form\">\n\t\t\t<input type=\"hidden\" name=\"post_id\" value=\"7605\"\/>\n\t\t\t<input type=\"hidden\" name=\"form_id\" value=\"66bbc10\"\/>\n\t\t\t<input type=\"hidden\" name=\"referer_title\" value=\"transferendum.eu\" \/>\n\n\t\t\t\n\t\t\t<div class=\"elementor-form-fields-wrapper elementor-labels-\">\n\t\t\t\t\t\t\t\t<div class=\"elementor-field-type-html elementor-field-group elementor-column elementor-field-group-Option elementor-col-100\">\n\t\t\t\t\tPlease use this form for translation requests. If you want to work with us,<a href=\"https:\/\/transferendum.eu\/about-us\/work-with-us\/\"_blank\" > click here<\/a>\t\t\t\t<\/div>\n\t\t\t\t\t\t\t\t<div class=\"elementor-field-type-text elementor-field-group elementor-column elementor-field-group-name elementor-col-100 elementor-field-required\">\n\t\t\t\t\t\t\t\t\t\t\t\t<label for=\"form-field-name\" class=\"elementor-field-label elementor-screen-only\">\n\t\t\t\t\t\t\t\tName\t\t\t\t\t\t\t<\/label>\n\t\t\t\t\t\t\t\t\t\t\t\t\t\t<input size=\"1\" type=\"text\" name=\"form_fields[name]\" id=\"form-field-name\" class=\"elementor-field elementor-size-md  elementor-field-textual\" placeholder=\"Name*\" required=\"required\" aria-required=\"true\">\n\t\t\t\t\t\t\t\t\t\t\t<\/div>\n\t\t\t\t\t\t\t\t<div class=\"elementor-field-type-email elementor-field-group elementor-column elementor-field-group-email elementor-col-100 elementor-field-required\">\n\t\t\t\t\t\t\t\t\t\t\t\t<label for=\"form-field-email\" class=\"elementor-field-label elementor-screen-only\">\n\t\t\t\t\t\t\t\tEmail\t\t\t\t\t\t\t<\/label>\n\t\t\t\t\t\t\t\t\t\t\t\t\t\t<input size=\"1\" type=\"email\" name=\"form_fields[email]\" id=\"form-field-email\" class=\"elementor-field elementor-size-md  elementor-field-textual\" placeholder=\"Email*\" required=\"required\" aria-required=\"true\">\n\t\t\t\t\t\t\t\t\t\t\t<\/div>\n\t\t\t\t\t\t\t\t<div class=\"elementor-field-type-tel elementor-field-group elementor-column elementor-field-group-field_7af61c8 elementor-col-100\">\n\t\t\t\t\t\t\t\t\t\t\t\t<label for=\"form-field-field_7af61c8\" class=\"elementor-field-label elementor-screen-only\">\n\t\t\t\t\t\t\t\tPhone\t\t\t\t\t\t\t<\/label>\n\t\t\t\t\t\t\t\t<input size=\"1\" type=\"tel\" name=\"form_fields[field_7af61c8]\" id=\"form-field-field_7af61c8\" class=\"elementor-field elementor-size-md  elementor-field-textual\" placeholder=\"Phone\" pattern=\"[0-9()#&amp;+*-=.]+\" title=\"Only numbers and phone characters (#, -, *, etc) are accepted.\">\n\n\t\t\t\t\t\t<\/div>\n\t\t\t\t\t\t\t\t<div class=\"elementor-field-type-textarea elementor-field-group elementor-column elementor-field-group-field_914b1ae elementor-col-100 elementor-field-required\">\n\t\t\t\t\t\t\t\t\t\t\t\t<label for=\"form-field-field_914b1ae\" class=\"elementor-field-label elementor-screen-only\">\n\t\t\t\t\t\t\t\tMessage\t\t\t\t\t\t\t<\/label>\n\t\t\t\t\t\t<textarea class=\"elementor-field-textual elementor-field  elementor-size-md\" name=\"form_fields[field_914b1ae]\" id=\"form-field-field_914b1ae\" rows=\"3\" placeholder=\"How can we help you?*\" required=\"required\" aria-required=\"true\"><\/textarea>\t\t\t\t<\/div>\n\t\t\t\t\t\t\t\t<div class=\"elementor-field-type-upload elementor-field-group elementor-column elementor-field-group-field_404ee43 elementor-col-100\">\n\t\t\t\t\t\t\t\t\t\t\t\t<label for=\"form-field-field_404ee43\" class=\"elementor-field-label elementor-screen-only\">\n\t\t\t\t\t\t\t\tFile Upload\t\t\t\t\t\t\t<\/label>\n\t\t\t\t\t\t\t\t<input type=\"file\" name=\"form_fields[field_404ee43][]\" id=\"form-field-field_404ee43\" class=\"elementor-field elementor-size-md  elementor-upload-field\" multiple=\"multiple\" data-maxsize=\"10\" data-maxsize-message=\"This file exceeds the maximum allowed size.\">\n\n\t\t\t\t\t\t<\/div>\n\t\t\t\t\t\t\t\t<div class=\"elementor-field-type-html elementor-field-group elementor-column elementor-field-group-privacy_policy elementor-col-100\">\n\t\t\t\t\tSee how  <a href=\"https:\/\/transferendum.eu\/privacy-policy\/\" target=\"_blank\" >we keep your data secure<\/a>\t\t\t\t<\/div>\n\t\t\t\t\t\t\t\t<div class=\"elementor-field-group elementor-column elementor-field-type-submit elementor-col-100 e-form__buttons\">\n\t\t\t\t\t<button type=\"submit\" class=\"elementor-button elementor-size-sm\">\n\t\t\t\t\t\t<span >\n\t\t\t\t\t\t\t\t\t\t\t\t\t\t\t<span class=\" elementor-button-icon\">\n\t\t\t\t\t\t\t\t\t\t\t\t\t\t\t\t\t\t\t\t\t\t\t\t\t\t<\/span>\n\t\t\t\t\t\t\t\t\t\t\t\t\t\t\t\t\t\t\t\t\t\t<span class=\"elementor-button-text\">Get A Free Quote<\/span>\n\t\t\t\t\t\t\t\t\t\t\t\t\t<\/span>\n\t\t\t\t\t<\/button>\n\t\t\t\t<\/div>\n\t\t\t<\/div>\n\t\t<input\n                    class=\"apbct_special_field apbct_email_id__elementor_form\"\n                    name=\"apbct__email_id__elementor_form\"\n                    aria-label=\"apbct__label_id__elementor_form\"\n                    type=\"text\" size=\"30\" maxlength=\"200\" autocomplete=\"off\"\n                    value=\"\"\n                \/><\/form>\n\t\t\t\t\t\t<\/div>\n\t\t\t\t<\/div>\n\t\t\t\t\t<\/div>\n\t\t\t\t<\/div>\n\t\t\t\t<section class=\"has_eae_slider elementor-section elementor-top-section elementor-element elementor-element-3f1a48c elementor-section-boxed elementor-section-height-default elementor-section-height-default\" data-eae-slider=\"41881\" data-id=\"3f1a48c\" data-element_type=\"section\" data-e-type=\"section\">\n\t\t\t\t\t\t<div class=\"elementor-container elementor-column-gap-default\">\n\t\t\t\t\t<div class=\"has_eae_slider elementor-column elementor-col-100 elementor-top-column elementor-element elementor-element-ef60fda\" data-eae-slider=\"67549\" data-id=\"ef60fda\" data-element_type=\"column\" data-e-type=\"column\">\n\t\t\t<div class=\"elementor-widget-wrap elementor-element-populated\">\n\t\t\t\t\t\t<div class=\"elementor-element elementor-element-3e9d17d elementor-widget-divider--view-line elementor-widget elementor-widget-divider\" data-id=\"3e9d17d\" data-element_type=\"widget\" data-e-type=\"widget\" data-widget_type=\"divider.default\">\n\t\t\t\t<div class=\"elementor-widget-container\">\n\t\t\t\t\t\t\t<div class=\"elementor-divider\">\n\t\t\t<span class=\"elementor-divider-separator\">\n\t\t\t\t\t\t<\/span>\n\t\t<\/div>\n\t\t\t\t\t\t<\/div>\n\t\t\t\t<\/div>\n\t\t\t\t\t<\/div>\n\t\t<\/div>\n\t\t\t\t\t<\/div>\n\t\t<\/section>\n\t\t\t\t<\/div>\n\t\t","protected":false},"excerpt":{"rendered":"<p>Legal Translations Experience unparalleled precision and security in legal document translation with our EN 17100:2015 certified translation management system. Specialising in translation workflows that work for you, we offer expertly managed solutions for your legal documents. Our team of professional translators ensures confidentiality, accuracy, and efficiency in every project. Upload your documents securely now for [&hellip;]<\/p>\n","protected":false},"author":320,"featured_media":12815,"parent":0,"menu_order":0,"comment_status":"closed","ping_status":"closed","template":"","meta":{"_acf_changed":false,"footnotes":""},"class_list":["post-7605","page","type-page","status-publish","has-post-thumbnail","hentry"],"acf":[],"yoast_head":"<!-- This site is optimized with the Yoast SEO plugin v27.1 - https:\/\/yoast.com\/product\/yoast-seo-wordpress\/ -->\n<title>Traducciones jur\u00eddicas - transferendum.eu<\/title>\n<meta name=\"description\" content=\"Desde contratos hasta acuerdos, podemos ofrecer soluciones de traducci\u00f3n para todo tipo de documentaci\u00f3n jur\u00eddica. Ponte en contacto con nosotros para solicitar un presupuesto.\" \/>\n<meta name=\"robots\" content=\"index, follow, max-snippet:-1, max-image-preview:large, max-video-preview:-1\" \/>\n<link rel=\"canonical\" href=\"https:\/\/transferendum.eu\/es\/traducciones-juridicas\/\" \/>\n<meta property=\"og:locale\" content=\"es_ES\" \/>\n<meta property=\"og:type\" content=\"article\" \/>\n<meta property=\"og:title\" content=\"Traducciones jur\u00eddicas - transferendum.eu\" \/>\n<meta property=\"og:description\" content=\"Desde contratos hasta acuerdos, podemos ofrecer soluciones de traducci\u00f3n para todo tipo de documentaci\u00f3n jur\u00eddica. Ponte en contacto con nosotros para solicitar un presupuesto.\" \/>\n<meta property=\"og:url\" content=\"https:\/\/transferendum.eu\/es\/traducciones-juridicas\/\" \/>\n<meta property=\"og:site_name\" content=\"transferendum.eu\" \/>\n<meta property=\"article:modified_time\" content=\"2024-05-07T09:07:05+00:00\" \/>\n<meta property=\"og:image\" content=\"https:\/\/transferendum.eu\/wp-content\/uploads\/sites\/16\/2024\/07\/1-3.jpg\" \/>\n\t<meta property=\"og:image:width\" content=\"450\" \/>\n\t<meta property=\"og:image:height\" content=\"450\" \/>\n\t<meta property=\"og:image:type\" content=\"image\/jpeg\" \/>\n<meta name=\"twitter:card\" content=\"summary_large_image\" \/>\n<meta name=\"twitter:label1\" content=\"Est. reading time\" \/>\n\t<meta name=\"twitter:data1\" content=\"2 minutes\" \/>\n<script type=\"application\/ld+json\" class=\"yoast-schema-graph\">{\"@context\":\"https:\/\/schema.org\",\"@graph\":[{\"@type\":\"WebPage\",\"@id\":\"https:\/\/transferendum.eu\/es\/traducciones-juridicas\/\",\"url\":\"https:\/\/transferendum.eu\/es\/traducciones-juridicas\/\",\"name\":\"Traducciones jur\u00eddicas - transferendum.eu\",\"isPartOf\":{\"@id\":\"https:\/\/transferendum.eu\/es\/#website\"},\"primaryImageOfPage\":{\"@id\":\"https:\/\/transferendum.eu\/es\/traducciones-juridicas\/#primaryimage\"},\"image\":{\"@id\":\"https:\/\/transferendum.eu\/es\/traducciones-juridicas\/#primaryimage\"},\"thumbnailUrl\":\"https:\/\/transferendum.eu\/wp-content\/uploads\/sites\/16\/2024\/07\/1-3.jpg\",\"datePublished\":\"2024-04-04T16:04:16+00:00\",\"dateModified\":\"2024-05-07T09:07:05+00:00\",\"description\":\"Desde contratos hasta acuerdos, podemos ofrecer soluciones de traducci\u00f3n para todo tipo de documentaci\u00f3n jur\u00eddica. Ponte en contacto con nosotros para solicitar un presupuesto.\",\"inLanguage\":\"es-ES\",\"potentialAction\":[{\"@type\":\"ReadAction\",\"target\":[\"https:\/\/transferendum.eu\/es\/traducciones-juridicas\/\"]}]},{\"@type\":\"ImageObject\",\"inLanguage\":\"es-ES\",\"@id\":\"https:\/\/transferendum.eu\/es\/traducciones-juridicas\/#primaryimage\",\"url\":\"https:\/\/transferendum.eu\/wp-content\/uploads\/sites\/16\/2024\/07\/1-3.jpg\",\"contentUrl\":\"https:\/\/transferendum.eu\/wp-content\/uploads\/sites\/16\/2024\/07\/1-3.jpg\",\"width\":450,\"height\":450,\"caption\":\"Legal translation\"},{\"@type\":\"WebSite\",\"@id\":\"https:\/\/transferendum.eu\/es\/#website\",\"url\":\"https:\/\/transferendum.eu\/es\/\",\"name\":\"transferendum.eu\",\"description\":\"Transferendum EU\",\"publisher\":{\"@id\":\"https:\/\/transferendum.eu\/es\/#organization\"},\"potentialAction\":[{\"@type\":\"SearchAction\",\"target\":{\"@type\":\"EntryPoint\",\"urlTemplate\":\"https:\/\/transferendum.eu\/es\/?s={search_term_string}\"},\"query-input\":{\"@type\":\"PropertyValueSpecification\",\"valueRequired\":true,\"valueName\":\"search_term_string\"}}],\"inLanguage\":\"es-ES\"},{\"@type\":\"Organization\",\"@id\":\"https:\/\/transferendum.eu\/es\/#organization\",\"name\":\"Transferendum\",\"url\":\"https:\/\/transferendum.eu\/es\/\",\"logo\":{\"@type\":\"ImageObject\",\"inLanguage\":\"es-ES\",\"@id\":\"https:\/\/transferendum.eu\/es\/#\/schema\/logo\/image\/\",\"url\":\"https:\/\/transferendum.dev.radixweb.net\/transferendum_eu\/wp-content\/uploads\/sites\/16\/2021\/10\/Transferendum_Logo_cropped.jpg\",\"contentUrl\":\"https:\/\/transferendum.dev.radixweb.net\/transferendum_eu\/wp-content\/uploads\/sites\/16\/2021\/10\/Transferendum_Logo_cropped.jpg\",\"width\":1496,\"height\":356,\"caption\":\"Transferendum\"},\"image\":{\"@id\":\"https:\/\/transferendum.eu\/es\/#\/schema\/logo\/image\/\"},\"sameAs\":[\"https:\/\/www.instagram.com\/transferendum.eu\/\"]}]}<\/script>\n<!-- \/ Yoast SEO plugin. -->","yoast_head_json":{"title":"Traducciones jur\u00eddicas - transferendum.eu","description":"Desde contratos hasta acuerdos, podemos ofrecer soluciones de traducci\u00f3n para todo tipo de documentaci\u00f3n jur\u00eddica. Ponte en contacto con nosotros para solicitar un presupuesto.","robots":{"index":"index","follow":"follow","max-snippet":"max-snippet:-1","max-image-preview":"max-image-preview:large","max-video-preview":"max-video-preview:-1"},"canonical":"https:\/\/transferendum.eu\/es\/traducciones-juridicas\/","og_locale":"es_ES","og_type":"article","og_title":"Traducciones jur\u00eddicas - transferendum.eu","og_description":"Desde contratos hasta acuerdos, podemos ofrecer soluciones de traducci\u00f3n para todo tipo de documentaci\u00f3n jur\u00eddica. Ponte en contacto con nosotros para solicitar un presupuesto.","og_url":"https:\/\/transferendum.eu\/es\/traducciones-juridicas\/","og_site_name":"transferendum.eu","article_modified_time":"2024-05-07T09:07:05+00:00","og_image":[{"width":450,"height":450,"url":"https:\/\/transferendum.eu\/wp-content\/uploads\/sites\/16\/2024\/07\/1-3.jpg","type":"image\/jpeg"}],"twitter_card":"summary_large_image","twitter_misc":{"Est. reading time":"2 minutes"},"schema":{"@context":"https:\/\/schema.org","@graph":[{"@type":"WebPage","@id":"https:\/\/transferendum.eu\/es\/traducciones-juridicas\/","url":"https:\/\/transferendum.eu\/es\/traducciones-juridicas\/","name":"Traducciones jur\u00eddicas - transferendum.eu","isPartOf":{"@id":"https:\/\/transferendum.eu\/es\/#website"},"primaryImageOfPage":{"@id":"https:\/\/transferendum.eu\/es\/traducciones-juridicas\/#primaryimage"},"image":{"@id":"https:\/\/transferendum.eu\/es\/traducciones-juridicas\/#primaryimage"},"thumbnailUrl":"https:\/\/transferendum.eu\/wp-content\/uploads\/sites\/16\/2024\/07\/1-3.jpg","datePublished":"2024-04-04T16:04:16+00:00","dateModified":"2024-05-07T09:07:05+00:00","description":"Desde contratos hasta acuerdos, podemos ofrecer soluciones de traducci\u00f3n para todo tipo de documentaci\u00f3n jur\u00eddica. Ponte en contacto con nosotros para solicitar un presupuesto.","inLanguage":"es-ES","potentialAction":[{"@type":"ReadAction","target":["https:\/\/transferendum.eu\/es\/traducciones-juridicas\/"]}]},{"@type":"ImageObject","inLanguage":"es-ES","@id":"https:\/\/transferendum.eu\/es\/traducciones-juridicas\/#primaryimage","url":"https:\/\/transferendum.eu\/wp-content\/uploads\/sites\/16\/2024\/07\/1-3.jpg","contentUrl":"https:\/\/transferendum.eu\/wp-content\/uploads\/sites\/16\/2024\/07\/1-3.jpg","width":450,"height":450,"caption":"Legal translation"},{"@type":"WebSite","@id":"https:\/\/transferendum.eu\/es\/#website","url":"https:\/\/transferendum.eu\/es\/","name":"transferendum.eu","description":"Transferendum EU","publisher":{"@id":"https:\/\/transferendum.eu\/es\/#organization"},"potentialAction":[{"@type":"SearchAction","target":{"@type":"EntryPoint","urlTemplate":"https:\/\/transferendum.eu\/es\/?s={search_term_string}"},"query-input":{"@type":"PropertyValueSpecification","valueRequired":true,"valueName":"search_term_string"}}],"inLanguage":"es-ES"},{"@type":"Organization","@id":"https:\/\/transferendum.eu\/es\/#organization","name":"Transferendum","url":"https:\/\/transferendum.eu\/es\/","logo":{"@type":"ImageObject","inLanguage":"es-ES","@id":"https:\/\/transferendum.eu\/es\/#\/schema\/logo\/image\/","url":"https:\/\/transferendum.dev.radixweb.net\/transferendum_eu\/wp-content\/uploads\/sites\/16\/2021\/10\/Transferendum_Logo_cropped.jpg","contentUrl":"https:\/\/transferendum.dev.radixweb.net\/transferendum_eu\/wp-content\/uploads\/sites\/16\/2021\/10\/Transferendum_Logo_cropped.jpg","width":1496,"height":356,"caption":"Transferendum"},"image":{"@id":"https:\/\/transferendum.eu\/es\/#\/schema\/logo\/image\/"},"sameAs":["https:\/\/www.instagram.com\/transferendum.eu\/"]}]}},"_links":{"self":[{"href":"https:\/\/transferendum.eu\/es\/wp-json\/wp\/v2\/pages\/7605","targetHints":{"allow":["GET"]}}],"collection":[{"href":"https:\/\/transferendum.eu\/es\/wp-json\/wp\/v2\/pages"}],"about":[{"href":"https:\/\/transferendum.eu\/es\/wp-json\/wp\/v2\/types\/page"}],"author":[{"embeddable":true,"href":"https:\/\/transferendum.eu\/es\/wp-json\/wp\/v2\/users\/320"}],"replies":[{"embeddable":true,"href":"https:\/\/transferendum.eu\/es\/wp-json\/wp\/v2\/comments?post=7605"}],"version-history":[{"count":0,"href":"https:\/\/transferendum.eu\/es\/wp-json\/wp\/v2\/pages\/7605\/revisions"}],"wp:featuredmedia":[{"embeddable":true,"href":"https:\/\/transferendum.eu\/es\/wp-json\/wp\/v2\/media\/12815"}],"wp:attachment":[{"href":"https:\/\/transferendum.eu\/es\/wp-json\/wp\/v2\/media?parent=7605"}],"curies":[{"name":"wp","href":"https:\/\/api.w.org\/{rel}","templated":true}]}}