{"id":7602,"date":"2024-04-04T17:04:13","date_gmt":"2024-04-04T16:04:13","guid":{"rendered":"https:\/\/transferendum.eu\/bienes-inmuebles-propiedad-en-el-extranjero\/"},"modified":"2024-04-30T12:55:46","modified_gmt":"2024-04-30T11:55:46","slug":"bienes-inmuebles-propiedad-en-el-extranjero","status":"publish","type":"page","link":"https:\/\/transferendum.eu\/es\/bienes-inmuebles-propiedad-en-el-extranjero\/","title":{"rendered":"Bienes inmuebles\/Propiedad en el extranjero"},"content":{"rendered":"\t\t<div data-elementor-type=\"wp-page\" data-elementor-id=\"7602\" class=\"elementor elementor-7602 elementor-496\" data-elementor-post-type=\"page\">\n\t\t\t\t\t\t<section class=\"has_eae_slider elementor-section elementor-top-section elementor-element elementor-element-29cf6dd elementor-section-boxed elementor-section-height-default elementor-section-height-default\" data-eae-slider=\"68368\" data-id=\"29cf6dd\" data-element_type=\"section\" data-e-type=\"section\">\n\t\t\t\t\t\t<div class=\"elementor-container elementor-column-gap-default\">\n\t\t\t\t\t<div class=\"has_eae_slider elementor-column elementor-col-100 elementor-top-column elementor-element elementor-element-df8b06f\" data-eae-slider=\"46114\" data-id=\"df8b06f\" data-element_type=\"column\" data-e-type=\"column\">\n\t\t\t<div class=\"elementor-widget-wrap elementor-element-populated\">\n\t\t\t\t\t\t<div class=\"elementor-element elementor-element-1851b9d elementor-widget elementor-widget-text-editor\" data-id=\"1851b9d\" data-element_type=\"widget\" data-e-type=\"widget\" data-widget_type=\"text-editor.default\">\n\t\t\t\t<div class=\"elementor-widget-container\">\n\t\t\t\t\t\t\t\t\t<h1><span style=\"font-weight: 400;\"><img fetchpriority=\"high\" decoding=\"async\" class=\"wp-image-1125 aligncenter\" src=\"https:\/\/transferendum.eu\/wp-content\/uploads\/sites\/16\/2022\/04\/property.jpg\" alt=\"\" width=\"323\" height=\"280\" \/>Bienes inmuebles\/Propiedad en el extranjero<\/span><\/h1><p><span style=\"font-weight: 400;\">Si deseas comprar, vender, alquilar o arrendar una propiedad en el extranjero, podemos ofrecerte una variedad de servicios para que el proceso sea fluido, seguro y conforme a la normativa local.\u00a0<\/span><\/p><p><span style=\"font-weight: 400;\">Cada vez son m\u00e1s las personas que invierten en propiedades en el extranjero, y nosotros queremos ayudarte no solo a proteger su inversi\u00f3n, sino tambi\u00e9n a facilitar el proceso a todas las partes implicadas.<\/span><\/p><p><span style=\"font-weight: 400;\">Las transacciones inmobiliarias en el extranjero pueden ser confusas y llevar mucho tiempo. M\u00e1s a\u00fan cuando se hacen en otro idioma.<\/span><\/p><p><span style=\"font-weight: 400;\">En Transferendum, ofrecemos traducci\u00f3n jurada de documentos y tambi\u00e9n servicios de interpretaci\u00f3n para que tus transacciones no tengan ning\u00fan error ni malentendido. Ponemos a tu disposici\u00f3n traductores especializados en propiedades en el extranjero, que traducir\u00e1n con precisi\u00f3n todos tus documentos de forma r\u00e1pida y eficaz. En lo referente al mercado inmobiliario, ofrecemos servicios como:\u00a0<\/span><\/p><ul><li style=\"font-weight: 400;\"><span style=\"font-weight: 400;\">Servicio de interpretaci\u00f3n y traducci\u00f3n de guardia las 24 horas del d\u00eda.<\/span><\/li><li style=\"font-weight: 400;\"><span style=\"font-weight: 400;\">Int\u00e9rpretes y traductores jur\u00eddicos profesionales y con experiencia a tu disposici\u00f3n para todos los asuntos relacionados con la compra de propiedades en el extranjero.<\/span><\/li><li style=\"font-weight: 400;\"><span style=\"font-weight: 400;\">Copias traducidas compulsadas de tu documentaci\u00f3n legal.<\/span><\/li><li style=\"font-weight: 400;\"><span style=\"font-weight: 400;\">Interpretaci\u00f3n telef\u00f3nica para ayudarte a cerrar el trato.<\/span><\/li><li style=\"font-weight: 400;\"><span style=\"font-weight: 400;\">Profesionales de calidad garantizada hacen todas las traducciones.<\/span><\/li><\/ul><h2><span style=\"font-weight: 400;\">\u00bfPor qu\u00e9 nosotros?<\/span><\/h2><p><span style=\"font-weight: 400;\">El mercado inmobiliario es un mercado est\u00e1 en continuo cambio y es vol\u00e1til. Nuestros traductores experimentados tienen una gran experiencia en los procesos de compra\/alquiler de propiedades, por lo que podemos guiarte en cada paso del proceso.\u00a0<\/span><\/p><p><span style=\"font-weight: 400;\">Las traducciones err\u00f3neas realizadas a trav\u00e9s de herramientas gratuitas en Internet son confusas y enga\u00f1osas. Por ejemplo, los nombres de calles y ciudades no deben traducirse aunque las palabras puedan tener un significado en la lengua traducida. Intentar ahorrar dinero en traducciones profesionales puede dar lugar a malentendidos en los documentos y contratos que, a largo plazo, pueden costar mucho m\u00e1s. Ofrecemos la traducci\u00f3n y certificaci\u00f3n de diferentes documentos como:\u00a0<\/span><\/p><ul><li style=\"font-weight: 400;\"><span style=\"font-weight: 400;\">Contratos inmobiliarios<\/span><\/li><li style=\"font-weight: 400;\"><span style=\"font-weight: 400;\">Inspecciones de compras<\/span><\/li><li style=\"font-weight: 400;\"><span style=\"font-weight: 400;\">Documentos hipotecarios\u00a0<\/span><\/li><li style=\"font-weight: 400;\"><span style=\"font-weight: 400;\">Garant\u00edas\u00a0<\/span><\/li><li style=\"font-weight: 400;\"><span style=\"font-weight: 400;\">Documentos de fondos fiduciarios<\/span><\/li><\/ul><p><span style=\"font-weight: 400;\">Nuestros traductores altamente cualificados tienen experiencia en el mercado inmobiliario, por lo que son capaces de llegar a una traducci\u00f3n precisa de tus documentos, adem\u00e1s de interpretar correctamente los matices que pueden aparecer con ciertas palabras y conceptos en contextos jur\u00eddicos\/inmobiliarios.\u00a0\u00a0<\/span><\/p><p><span style=\"font-weight: 400;\">Ofrecemos un servicio continuo y flexible desde las negociaciones hasta la finalizaci\u00f3n del proceso. Nuestro equipo est\u00e1 disponible para trabajar por tel\u00e9fono y en persona para garantizar un servicio coherente y siempre son hablantes nativos de la lengua de destino.<\/span><\/p><p><span style=\"font-weight: 400;\"><a href=\"https:\/\/transferendum.eu\/contact-us\/\">Ponte en contacto con nosotros<\/a> hoy mismo.<\/span><\/p>\t\t\t\t\t\t\t\t<\/div>\n\t\t\t\t<\/div>\n\t\t\t\t\t<\/div>\n\t\t<\/div>\n\t\t\t\t\t<\/div>\n\t\t<\/section>\n\t\t\t\t<section class=\"has_eae_slider elementor-section elementor-top-section elementor-element elementor-element-38c5d023 elementor-section-boxed elementor-section-height-default elementor-section-height-default\" data-eae-slider=\"68235\" data-id=\"38c5d023\" data-element_type=\"section\" data-e-type=\"section\">\n\t\t\t\t\t\t<div class=\"elementor-container elementor-column-gap-default\">\n\t\t\t\t\t<div class=\"has_eae_slider elementor-column elementor-col-100 elementor-top-column elementor-element elementor-element-3a0a9c65\" data-eae-slider=\"35357\" data-id=\"3a0a9c65\" data-element_type=\"column\" data-e-type=\"column\">\n\t\t\t<div class=\"elementor-widget-wrap elementor-element-populated\">\n\t\t\t\t\t\t<div class=\"elementor-element elementor-element-2e4b8ba5 elementor-widget-divider--view-line elementor-widget elementor-widget-divider\" data-id=\"2e4b8ba5\" data-element_type=\"widget\" data-e-type=\"widget\" data-widget_type=\"divider.default\">\n\t\t\t\t<div class=\"elementor-widget-container\">\n\t\t\t\t\t\t\t<div class=\"elementor-divider\">\n\t\t\t<span class=\"elementor-divider-separator\">\n\t\t\t\t\t\t<\/span>\n\t\t<\/div>\n\t\t\t\t\t\t<\/div>\n\t\t\t\t<\/div>\n\t\t\t\t\t<\/div>\n\t\t<\/div>\n\t\t\t\t\t<\/div>\n\t\t<\/section>\n\t\t\t\t<\/div>\n\t\t","protected":false},"excerpt":{"rendered":"<p>Bienes inmuebles\/Propiedad en el extranjero Si deseas comprar, vender, alquilar o arrendar una propiedad en el extranjero, podemos ofrecerte una variedad de servicios para que el proceso sea fluido, seguro y conforme a la normativa local.\u00a0 Cada vez son m\u00e1s las personas que invierten en propiedades en el extranjero, y nosotros queremos ayudarte no solo [&hellip;]<\/p>\n","protected":false},"author":133,"featured_media":10613,"parent":0,"menu_order":0,"comment_status":"closed","ping_status":"closed","template":"","meta":{"_acf_changed":false,"footnotes":""},"class_list":["post-7602","page","type-page","status-publish","has-post-thumbnail","hentry"],"acf":[],"yoast_head":"<!-- This site is optimized with the Yoast SEO plugin v27.1 - https:\/\/yoast.com\/product\/yoast-seo-wordpress\/ -->\n<title>Bienes inmuebles\/Propiedad en el extranjero - transferendum.eu<\/title>\n<meta name=\"robots\" content=\"index, follow, max-snippet:-1, max-image-preview:large, max-video-preview:-1\" \/>\n<link rel=\"canonical\" href=\"https:\/\/transferendum.eu\/es\/bienes-inmuebles-propiedad-en-el-extranjero\/\" \/>\n<meta property=\"og:locale\" content=\"es_ES\" \/>\n<meta property=\"og:type\" content=\"article\" \/>\n<meta property=\"og:title\" content=\"Bienes inmuebles\/Propiedad en el extranjero - transferendum.eu\" \/>\n<meta property=\"og:description\" content=\"Bienes inmuebles\/Propiedad en el extranjero Si deseas comprar, vender, alquilar o arrendar una propiedad en el extranjero, podemos ofrecerte una variedad de servicios para que el proceso sea fluido, seguro y conforme a la normativa local.\u00a0 Cada vez son m\u00e1s las personas que invierten en propiedades en el extranjero, y nosotros queremos ayudarte no solo [&hellip;]\" \/>\n<meta property=\"og:url\" content=\"https:\/\/transferendum.eu\/es\/bienes-inmuebles-propiedad-en-el-extranjero\/\" \/>\n<meta property=\"og:site_name\" content=\"transferendum.eu\" \/>\n<meta property=\"article:modified_time\" content=\"2024-04-30T11:55:46+00:00\" \/>\n<meta property=\"og:image\" content=\"https:\/\/transferendum.eu\/wp-content\/uploads\/sites\/16\/2024\/05\/favicon.png\" \/>\n\t<meta property=\"og:image:width\" content=\"513\" \/>\n\t<meta property=\"og:image:height\" content=\"513\" \/>\n\t<meta property=\"og:image:type\" content=\"image\/png\" \/>\n<meta name=\"twitter:card\" content=\"summary_large_image\" \/>\n<meta name=\"twitter:label1\" content=\"Est. reading time\" \/>\n\t<meta name=\"twitter:data1\" content=\"3 minutes\" \/>\n<script type=\"application\/ld+json\" class=\"yoast-schema-graph\">{\"@context\":\"https:\/\/schema.org\",\"@graph\":[{\"@type\":\"WebPage\",\"@id\":\"https:\/\/transferendum.eu\/es\/bienes-inmuebles-propiedad-en-el-extranjero\/\",\"url\":\"https:\/\/transferendum.eu\/es\/bienes-inmuebles-propiedad-en-el-extranjero\/\",\"name\":\"Bienes inmuebles\/Propiedad en el extranjero - transferendum.eu\",\"isPartOf\":{\"@id\":\"https:\/\/transferendum.eu\/es\/#website\"},\"primaryImageOfPage\":{\"@id\":\"https:\/\/transferendum.eu\/es\/bienes-inmuebles-propiedad-en-el-extranjero\/#primaryimage\"},\"image\":{\"@id\":\"https:\/\/transferendum.eu\/es\/bienes-inmuebles-propiedad-en-el-extranjero\/#primaryimage\"},\"thumbnailUrl\":\"https:\/\/transferendum.eu\/wp-content\/uploads\/sites\/16\/2024\/05\/favicon.png\",\"datePublished\":\"2024-04-04T16:04:13+00:00\",\"dateModified\":\"2024-04-30T11:55:46+00:00\",\"inLanguage\":\"es-ES\",\"potentialAction\":[{\"@type\":\"ReadAction\",\"target\":[\"https:\/\/transferendum.eu\/es\/bienes-inmuebles-propiedad-en-el-extranjero\/\"]}]},{\"@type\":\"ImageObject\",\"inLanguage\":\"es-ES\",\"@id\":\"https:\/\/transferendum.eu\/es\/bienes-inmuebles-propiedad-en-el-extranjero\/#primaryimage\",\"url\":\"https:\/\/transferendum.eu\/wp-content\/uploads\/sites\/16\/2024\/05\/favicon.png\",\"contentUrl\":\"https:\/\/transferendum.eu\/wp-content\/uploads\/sites\/16\/2024\/05\/favicon.png\",\"width\":513,\"height\":513,\"caption\":\"favicon.png\"},{\"@type\":\"WebSite\",\"@id\":\"https:\/\/transferendum.eu\/es\/#website\",\"url\":\"https:\/\/transferendum.eu\/es\/\",\"name\":\"transferendum.eu\",\"description\":\"Transferendum EU\",\"publisher\":{\"@id\":\"https:\/\/transferendum.eu\/es\/#organization\"},\"potentialAction\":[{\"@type\":\"SearchAction\",\"target\":{\"@type\":\"EntryPoint\",\"urlTemplate\":\"https:\/\/transferendum.eu\/es\/?s={search_term_string}\"},\"query-input\":{\"@type\":\"PropertyValueSpecification\",\"valueRequired\":true,\"valueName\":\"search_term_string\"}}],\"inLanguage\":\"es-ES\"},{\"@type\":\"Organization\",\"@id\":\"https:\/\/transferendum.eu\/es\/#organization\",\"name\":\"Transferendum\",\"url\":\"https:\/\/transferendum.eu\/es\/\",\"logo\":{\"@type\":\"ImageObject\",\"inLanguage\":\"es-ES\",\"@id\":\"https:\/\/transferendum.eu\/es\/#\/schema\/logo\/image\/\",\"url\":\"https:\/\/transferendum.dev.radixweb.net\/transferendum_eu\/wp-content\/uploads\/sites\/16\/2021\/10\/Transferendum_Logo_cropped.jpg\",\"contentUrl\":\"https:\/\/transferendum.dev.radixweb.net\/transferendum_eu\/wp-content\/uploads\/sites\/16\/2021\/10\/Transferendum_Logo_cropped.jpg\",\"width\":1496,\"height\":356,\"caption\":\"Transferendum\"},\"image\":{\"@id\":\"https:\/\/transferendum.eu\/es\/#\/schema\/logo\/image\/\"},\"sameAs\":[\"https:\/\/www.instagram.com\/transferendum.eu\/\"]}]}<\/script>\n<!-- \/ Yoast SEO plugin. -->","yoast_head_json":{"title":"Bienes inmuebles\/Propiedad en el extranjero - transferendum.eu","robots":{"index":"index","follow":"follow","max-snippet":"max-snippet:-1","max-image-preview":"max-image-preview:large","max-video-preview":"max-video-preview:-1"},"canonical":"https:\/\/transferendum.eu\/es\/bienes-inmuebles-propiedad-en-el-extranjero\/","og_locale":"es_ES","og_type":"article","og_title":"Bienes inmuebles\/Propiedad en el extranjero - transferendum.eu","og_description":"Bienes inmuebles\/Propiedad en el extranjero Si deseas comprar, vender, alquilar o arrendar una propiedad en el extranjero, podemos ofrecerte una variedad de servicios para que el proceso sea fluido, seguro y conforme a la normativa local.\u00a0 Cada vez son m\u00e1s las personas que invierten en propiedades en el extranjero, y nosotros queremos ayudarte no solo [&hellip;]","og_url":"https:\/\/transferendum.eu\/es\/bienes-inmuebles-propiedad-en-el-extranjero\/","og_site_name":"transferendum.eu","article_modified_time":"2024-04-30T11:55:46+00:00","og_image":[{"width":513,"height":513,"url":"https:\/\/transferendum.eu\/wp-content\/uploads\/sites\/16\/2024\/05\/favicon.png","type":"image\/png"}],"twitter_card":"summary_large_image","twitter_misc":{"Est. reading time":"3 minutes"},"schema":{"@context":"https:\/\/schema.org","@graph":[{"@type":"WebPage","@id":"https:\/\/transferendum.eu\/es\/bienes-inmuebles-propiedad-en-el-extranjero\/","url":"https:\/\/transferendum.eu\/es\/bienes-inmuebles-propiedad-en-el-extranjero\/","name":"Bienes inmuebles\/Propiedad en el extranjero - transferendum.eu","isPartOf":{"@id":"https:\/\/transferendum.eu\/es\/#website"},"primaryImageOfPage":{"@id":"https:\/\/transferendum.eu\/es\/bienes-inmuebles-propiedad-en-el-extranjero\/#primaryimage"},"image":{"@id":"https:\/\/transferendum.eu\/es\/bienes-inmuebles-propiedad-en-el-extranjero\/#primaryimage"},"thumbnailUrl":"https:\/\/transferendum.eu\/wp-content\/uploads\/sites\/16\/2024\/05\/favicon.png","datePublished":"2024-04-04T16:04:13+00:00","dateModified":"2024-04-30T11:55:46+00:00","inLanguage":"es-ES","potentialAction":[{"@type":"ReadAction","target":["https:\/\/transferendum.eu\/es\/bienes-inmuebles-propiedad-en-el-extranjero\/"]}]},{"@type":"ImageObject","inLanguage":"es-ES","@id":"https:\/\/transferendum.eu\/es\/bienes-inmuebles-propiedad-en-el-extranjero\/#primaryimage","url":"https:\/\/transferendum.eu\/wp-content\/uploads\/sites\/16\/2024\/05\/favicon.png","contentUrl":"https:\/\/transferendum.eu\/wp-content\/uploads\/sites\/16\/2024\/05\/favicon.png","width":513,"height":513,"caption":"favicon.png"},{"@type":"WebSite","@id":"https:\/\/transferendum.eu\/es\/#website","url":"https:\/\/transferendum.eu\/es\/","name":"transferendum.eu","description":"Transferendum EU","publisher":{"@id":"https:\/\/transferendum.eu\/es\/#organization"},"potentialAction":[{"@type":"SearchAction","target":{"@type":"EntryPoint","urlTemplate":"https:\/\/transferendum.eu\/es\/?s={search_term_string}"},"query-input":{"@type":"PropertyValueSpecification","valueRequired":true,"valueName":"search_term_string"}}],"inLanguage":"es-ES"},{"@type":"Organization","@id":"https:\/\/transferendum.eu\/es\/#organization","name":"Transferendum","url":"https:\/\/transferendum.eu\/es\/","logo":{"@type":"ImageObject","inLanguage":"es-ES","@id":"https:\/\/transferendum.eu\/es\/#\/schema\/logo\/image\/","url":"https:\/\/transferendum.dev.radixweb.net\/transferendum_eu\/wp-content\/uploads\/sites\/16\/2021\/10\/Transferendum_Logo_cropped.jpg","contentUrl":"https:\/\/transferendum.dev.radixweb.net\/transferendum_eu\/wp-content\/uploads\/sites\/16\/2021\/10\/Transferendum_Logo_cropped.jpg","width":1496,"height":356,"caption":"Transferendum"},"image":{"@id":"https:\/\/transferendum.eu\/es\/#\/schema\/logo\/image\/"},"sameAs":["https:\/\/www.instagram.com\/transferendum.eu\/"]}]}},"_links":{"self":[{"href":"https:\/\/transferendum.eu\/es\/wp-json\/wp\/v2\/pages\/7602","targetHints":{"allow":["GET"]}}],"collection":[{"href":"https:\/\/transferendum.eu\/es\/wp-json\/wp\/v2\/pages"}],"about":[{"href":"https:\/\/transferendum.eu\/es\/wp-json\/wp\/v2\/types\/page"}],"author":[{"embeddable":true,"href":"https:\/\/transferendum.eu\/es\/wp-json\/wp\/v2\/users\/133"}],"replies":[{"embeddable":true,"href":"https:\/\/transferendum.eu\/es\/wp-json\/wp\/v2\/comments?post=7602"}],"version-history":[{"count":0,"href":"https:\/\/transferendum.eu\/es\/wp-json\/wp\/v2\/pages\/7602\/revisions"}],"wp:featuredmedia":[{"embeddable":true,"href":"https:\/\/transferendum.eu\/es\/wp-json\/wp\/v2\/media\/10613"}],"wp:attachment":[{"href":"https:\/\/transferendum.eu\/es\/wp-json\/wp\/v2\/media?parent=7602"}],"curies":[{"name":"wp","href":"https:\/\/api.w.org\/{rel}","templated":true}]}}